{"id":69596,"date":"2022-11-28T11:05:23","date_gmt":"2022-11-28T10:05:23","guid":{"rendered":"https:\/\/secureus.se\/produkt\/ir-glaskrossdetektor-12m-tradlos-vit\/"},"modified":"2026-04-25T17:25:36","modified_gmt":"2026-04-25T15:25:36","slug":"ajax-combiprotect-rorelse-glaskross-vit","status":"publish","type":"product","link":"https:\/\/secureus.se\/de\/ajax-combiprotect-rorelse-glaskross-vit\/","title":{"rendered":"Ajax CombiProtect Bewegungsmelder + Eingebauter Glasbruchmelder Wei\u00df"},"content":{"rendered":"<h3>Ajax CombiProtect ist eine innovative und fortschrittliche Sicherheitsl\u00f6sung, die zwei wichtige Funktionen \u2013 Bewegungserkennung und Glasbrucherkennung \u2013 in ein und demselben Ger\u00e4t vereint.<\/h3>\n<p>Dieser Funkmelder bietet umfassenden Schutz, indem er sicherstellt, dass sowohl Einbr\u00fcche durch T\u00fcren und Fenster als auch m\u00f6gliche Glasbr\u00fcche schnell erkannt werden.<\/p>\n<p>Der Bewegungssensor hat eine Reichweite von bis zu 12 Metern, wodurch er einen gro\u00dfen Bereich \u00fcberwachen kann, und nutzt einen PIR-Sensor (Passiv-Infrarot) zur Bewegungserkennung.<\/p>\n<p>Der Sensor ist au\u00dferdem mit einer Tierimmunit\u00e4t ausgestattet, was bedeutet, dass Haustiere mit einem Gewicht von bis zu 20 kg und einer Gr\u00f6\u00dfe von bis zu 50 cm ignoriert werden, wodurch das Risiko von Fehlalarmen durch sich bewegende Tiere minimiert wird.<\/p>\n<p>Der Glasbruchmelder hat eine Reichweite von bis zu 9 Metern und ist mit einem Elektretmikrofon ausgestattet, das auf das Ger\u00e4usch von Glasbruch reagiert.<\/p>\n<p>Um Fehlalarmen vorzubeugen, ist eine bestimmte Tonfolge erforderlich (zuerst ein ged\u00e4mpfter Schlag, dann das Ger\u00e4usch von fallendem Glas), wodurch unerw\u00fcnschte Aktivierungen, beispielsweise durch Donner oder Hundegebell, vermieden werden.<\/p>\n<p>Das Ger\u00e4t ist auf h\u00f6chste Zuverl\u00e4ssigkeit und Sicherheit ausgelegt. CombiProtect verf\u00fcgt \u00fcber integrierte Authentifizierungsfunktionen, um Manipulation und Sabotage zu verhindern.<\/p>\n<p>Manipulationsversuche am Ger\u00e4t l\u00f6sen einen Manipulationsalarm aus, der sofort ein Signal an den Ajax-System-Hub sendet.<\/p>\n<p>Der Melder kann mit einer vorinstallierten CR123A-Batterie bis zu 5 Jahre betrieben werden und arbeitet effizient bei Temperaturen zwischen -10\u00b0C und +40\u00b0C.<\/p>\n<p>Die Kommunikation mit dem Hub erfolgt drahtlos \u00fcber Ajax Jeweler, ein sicheres Protokoll, das eine zuverl\u00e4ssige und sichere Daten\u00fcbertragung bis zu 1.200 Metern im freien Gel\u00e4nde gew\u00e4hrleistet.<\/p>\n<p>Bei St\u00f6rungen oder Signalblockaden schaltet das Ajax-System auf eine andere Funkfrequenz um, um eine st\u00e4ndige Kommunikation zu gew\u00e4hrleisten.<\/p>\n<p>CombiProtect l\u00e4sst sich einfach \u00fcber die mobile Ajax-App installieren und konfigurieren, mit der der Benutzer das Ger\u00e4t schnell zum System hinzuf\u00fcgen und Einstellungen wie Empfindlichkeit und Alarmfunktionen anpassen kann.<\/p>\n<p>Mit seiner Kombination aus Bewegungs- und Glasbrucherkennung ist Ajax CombiProtect die perfekte Wahl, um Ihr Zuhause oder Ihr Unternehmen sowohl vor Einbruch als auch vor Glasbruch zu sch\u00fctzen.<\/p>\n<p><strong>Technische Spezifikationen<\/strong>:<\/p>\n<ul>\n<li><strong>Bewegungserkennung<\/strong>: Bis zu 12 Meter<\/li>\n<li><strong>Glasbrucherkennung<\/strong>: Bis zu 9 Meter<\/li>\n<li><strong>Tierimmunit\u00e4t<\/strong>: Ja, bis 20 kg, 50 cm K\u00f6rpergr\u00f6\u00dfe<\/li>\n<li><strong>Akkulaufzeit<\/strong>: Bis zu 5 Jahre<\/li>\n<li><strong>Betriebstemperatur<\/strong>: -10\u00b0C bis +40\u00b0C<\/li>\n<li><strong>Kommunikation<\/strong>: Ajax Jeweler-Protokoll (bis zu 1200 Meter Reichweite)<\/li>\n<li><strong>Manipulationsalarm<\/strong>: Ja<\/li>\n<li><strong>Stromversorgung<\/strong>: 1 x CR123A Batterie (3V, vorinstalliert)<\/li>\n<li><strong>Schutzklasse<\/strong>: IP55<\/li>\n<li><strong>Gewicht<\/strong>: 92 g<\/li>\n<li><strong>Gr\u00f6\u00dfe<\/strong>: 110 x 65 x 50 mm<\/li>\n<\/ul>","protected":false},"excerpt":{"rendered":"<p>Ajax CombiProtect ist ein kabelloser Bewegungsmelder und Glasbruchmelder, der zwei Sicherheitsfunktionen in einem Ger\u00e4t vereint.<\/p>\n<p>Es erkennt Bewegungen bis zu 12 Meter und zerbrochenes Glas bis zu 9 Meter vom Fenster entfernt.<\/p>\n<p>Mit fortschrittlicher Technologie, die Tierimmunit\u00e4t und verschl\u00fcsselte Kommunikationskan\u00e4le umfasst, bietet dieser Detektor zuverl\u00e4ssige Sicherheit f\u00fcr Privathaushalte und Unternehmen.<\/p>","protected":false},"featured_media":155434,"template":"","meta":{"_acf_changed":false},"product_brand":[],"product_cat":[3156,1319,3162,3155],"product_tag":[3127,2137,4863],"class_list":{"0":"post-69596","1":"product","2":"type-product","3":"status-publish","4":"has-post-thumbnail","6":"product_cat-rorelse-och-kamera","7":"product_cat-ajax-larm","8":"product_cat-glaskrossdetektor","9":"product_cat-larmenheter","10":"product_tag-kontrollprodukt","11":"product_tag-lager-ajax","12":"product_tag-pf","13":"product_shipping_class-postnord-varubrev","14":"pa_ajax-tradlosa-larm-detektorer","15":"pa_brands-ajax-systems","16":"pa_color-vit","17":"pa_farg-vit","18":"tm-no-options","20":"first","21":"instock","22":"sale","23":"featured","24":"taxable","25":"shipping-taxable","26":"purchasable","27":"product-type-simple"},"acf":[],"_links":{"self":[{"href":"https:\/\/secureus.se\/de\/wp-json\/wp\/v2\/product\/69596","targetHints":{"allow":["GET"]}}],"collection":[{"href":"https:\/\/secureus.se\/de\/wp-json\/wp\/v2\/product"}],"about":[{"href":"https:\/\/secureus.se\/de\/wp-json\/wp\/v2\/types\/product"}],"wp:featuredmedia":[{"embeddable":true,"href":"https:\/\/secureus.se\/de\/wp-json\/wp\/v2\/media\/155434"}],"wp:attachment":[{"href":"https:\/\/secureus.se\/de\/wp-json\/wp\/v2\/media?parent=69596"}],"wp:term":[{"taxonomy":"product_brand","embeddable":true,"href":"https:\/\/secureus.se\/de\/wp-json\/wp\/v2\/product_brand?post=69596"},{"taxonomy":"product_cat","embeddable":true,"href":"https:\/\/secureus.se\/de\/wp-json\/wp\/v2\/product_cat?post=69596"},{"taxonomy":"product_tag","embeddable":true,"href":"https:\/\/secureus.se\/de\/wp-json\/wp\/v2\/product_tag?post=69596"}],"curies":[{"name":"wp","href":"https:\/\/api.w.org\/{rel}","templated":true}]}}