{"id":69603,"date":"2022-11-28T11:05:23","date_gmt":"2022-11-28T10:05:23","guid":{"rendered":"https:\/\/secureus.se\/produkt\/kameradetektor-husdjur-phod-12m-tradlos-vit-2\/"},"modified":"2026-05-07T13:17:08","modified_gmt":"2026-05-07T11:17:08","slug":"ajax-motioncam-phod-kameradetektor-vit","status":"publish","type":"product","link":"https:\/\/secureus.se\/de\/ajax-motioncam-phod-kameradetektor-vit\/","title":{"rendered":"Ajax MotionCam PhOD Kameradetektor Haustiere Wei\u00df"},"content":{"rendered":"<h3><strong>Ajax MotionCam PhOD \u2013 Drahtloser Bewegungsmelder mit Kamera und Haustierimmunit\u00e4t<\/strong><\/h3>\n<p>Ajax MotionCam PhOD ist die perfekte L\u00f6sung, um Bewegungen in Ihrem Zuhause oder Unternehmen schnell und effizient zu \u00fcberpr\u00fcfen.<\/p>\n<p>Der Funk-Bewegungsmelder ist mit einer hochaufl\u00f6senden Kamera ausgestattet, die im Alarmfall automatisch Bilder aufnimmt und so eine sofortige visuelle Best\u00e4tigung des Ereignisses erm\u00f6glicht.<\/p>\n<p>Mit erweiterten Funktionen wie Haustierimmunit\u00e4t, schneller Fotoverifizierung und hoher Sicherheit durch Verschl\u00fcsselung bietet MotionCam PhOD eine einzigartige Kombination aus Sicherheit und Komfort.<\/p>\n<p><strong>Hochleistungsmerkmale:<\/strong><\/p>\n<ol>\n<li><strong>Schnelle Foto\u00fcberpr\u00fcfung:<\/strong> Wenn der Bewegungsmelder aktiviert ist, nimmt die MotionCam PhOD innerhalb von 9 Sekunden schnell Bilder auf, um das Ereignis zu \u00fcberpr\u00fcfen.<\/li>\n<li>Dadurch erhalten Sie schnell und zuverl\u00e4ssig Informationen \u00fcber das Geschehen, ohne auf zus\u00e4tzliche Daten warten zu m\u00fcssen.<\/li>\n<li><strong>Haustierimmunit\u00e4t:<\/strong> MotionCam PhOD ist mit einer Haustierimmunit\u00e4t bis zu 20 kg und 50 cm ausgestattet, wodurch das Risiko von Fehlalarmen durch Haustiere verringert wird und es sich ideal f\u00fcr den Einsatz in Haushalten mit Tieren eignet.<\/li>\n<li><strong>Datenschutz- und Datenschutzfunktionen:<\/strong> Ajax MotionCam PhOD wurde sorgf\u00e4ltig entwickelt, um Ihre Privatsph\u00e4re zu sch\u00fctzen.<\/li>\n<li>Alle gesendeten und gespeicherten visuellen Daten werden gem\u00e4\u00df den strengen DSGVO-Vorschriften verschl\u00fcsselt und der Zugriff auf Bilder ist nur autorisierten Benutzern gestattet.<\/li>\n<li>Mithilfe spezieller Men\u00fcs in der Ajax-App k\u00f6nnen Sie genau steuern, wer Zugriff auf Fotos und Ereignisse hat.<\/li>\n<li><strong>Integrierte IR-Beleuchtung f\u00fcr dunkle Bedingungen:<\/strong> Um sicherzustellen, dass Sie auch in dunklen R\u00e4umen klare Bilder erhalten, ist die MotionCam PhOD mit einem integrierten IR-Strahler ausgestattet, der es erm\u00f6glicht, auch bei schlechten Lichtverh\u00e4ltnissen oder v\u00f6llig dunklen Bedingungen Fotos aufzunehmen.<\/li>\n<li><strong>Gro\u00dfer Erfassungswinkel und einstellbare Bildqualit\u00e4t:<\/strong> Der horizontale und vertikale Erfassungswinkel ist gro\u00df, was bedeutet, dass ein gro\u00dfer Bereich abgedeckt und Bewegungen aus allen Richtungen erfasst werden.<\/li>\n<li>Dar\u00fcber hinaus k\u00f6nnen Sie die Bildaufl\u00f6sung an Ihre spezifischen Bed\u00fcrfnisse anpassen und so Bandbreite und Speicherplatz sparen, wenn eine h\u00f6here Aufl\u00f6sung nicht ben\u00f6tigt wird.<\/li>\n<\/ol>\n<p><strong>Intuitive Installation und Integration:<\/strong><\/p>\n<p>MotionCam PhOD l\u00e4sst sich einfach installieren und an Ihr Ajax-System anschlie\u00dfen. Durch Scannen des QR-Codes \u00fcber die Ajax-App k\u00f6nnen Sie den Detektor schnell zum System hinzuf\u00fcgen.<\/p>\n<p>Es erfordert keine komplizierte Installation und kann ohne Demontage auf einer SmartBracket-Halterung montiert werden.<\/p>\n<p><strong>Erweiterte Sicherheitsfunktionen:<\/strong><\/p>\n<ol>\n<li><strong>Schnelle Erkennung und Sabotageschutz:<\/strong> Mit Ajax MotionCam PhOD erhalten Sie eine schnelle Bewegungserkennung und sofortige Benachrichtigung bei m\u00f6glichen Manipulationen oder Kommunikationsverlusten.<\/li>\n<li>Versucht jemand, das Ger\u00e4t zu sabotieren oder zu deinstallieren, sendet das System einen Alarm an Ihr Smartphone und den Sicherheitsdienst.<\/li>\n<li><strong>Verwendung von zwei drahtlosen Protokollen (Jeweler und Wings):<\/strong> MotionCam PhOD verwendet zwei drahtlose Protokolle, um eine zuverl\u00e4ssige und schnelle Kommunikation zwischen dem Ger\u00e4t und dem Hub zu gew\u00e4hrleisten und so f\u00fcr h\u00f6here Sicherheit und bessere Reichweite zu sorgen.<\/li>\n<\/ol>\n<p><strong>Vorteile:<\/strong><\/p>\n<ul>\n<li><strong>Schnelle und sichere \u00dcberpr\u00fcfung von Alarmen<\/strong> \u00fcber Bilder.<\/li>\n<li><strong>Haustierimmunit\u00e4t<\/strong> um Fehlalarme durch Tiere zu vermeiden.<\/li>\n<li><strong>Integrierte IR-Beleuchtung<\/strong> um Bilder im Dunkeln aufzunehmen.<\/li>\n<li><strong>Einstellbare Bildaufl\u00f6sung<\/strong> um die Bildqualit\u00e4t nach Bedarf anzupassen.<\/li>\n<li><strong>Verschl\u00fcsselung und Datenschutz<\/strong> gem\u00e4\u00df DSGVO f\u00fcr maximale Sicherheit.<\/li>\n<li><strong>Einfache Installation und Integration<\/strong> mit der Ajax-App.<\/li>\n<\/ul>\n<p><strong>Technische Spezifikationen:<\/strong><\/p>\n<ul>\n<li><strong>Erkennungsentfernung:<\/strong> Bis zu 12 Meter.<\/li>\n<li><strong>Haustierimmunit\u00e4t:<\/strong> Bis 20 kg und 50 cm K\u00f6rpergr\u00f6\u00dfe.<\/li>\n<li><strong>Akkulaufzeit:<\/strong> Je nach Nutzung bis zu 4 Jahre.<\/li>\n<li><strong>Bild\u00fcbertragungszeit:<\/strong> 9 Sekunden zur Verifizierung.<\/li>\n<li><strong>Kommunikationsbereich mit Hub:<\/strong> Bis zu 1300 Meter (im freien Gel\u00e4nde).<\/li>\n<li><strong>Stromversorgung:<\/strong> 1 x CR123A-Batterie.<\/li>\n<li><strong>IP-Schutzklasse:<\/strong> IP50.<\/li>\n<li><strong>Messen:<\/strong> 130 x 70 x 60 mm.<\/li>\n<li><strong>Gewicht:<\/strong> 200 g.<\/li>\n<\/ul>\n<p>Mit der Ajax MotionCam PhOD erhalten Sie nicht nur einen zuverl\u00e4ssigen Bewegungsmelder, sondern auch eine intelligente L\u00f6sung, um Alarme schnell zu best\u00e4tigen und Ihr Zuhause oder Unternehmen mit h\u00f6chster Sicherheit und Privatsph\u00e4re zu sch\u00fctzen.<\/p>","protected":false},"excerpt":{"rendered":"<p>Ajax MotionCam PhOD ist ein kabelloser Bewegungsmelder mit Kamera, der bei Alarm und auf Abruf eine schnelle Fotoverifizierung erm\u00f6glicht.<\/p>\n<p>Mit integrierter Haustierimmunit\u00e4t, einstellbarer Bildaufl\u00f6sung und fortschrittlicher Fehlalarmfilterung gew\u00e4hrleistet es eine effektive und zuverl\u00e4ssige Erkennung, selbst bei Dunkelheit.<\/p>","protected":false},"featured_media":155437,"template":"","meta":{"_acf_changed":false},"product_brand":[],"product_cat":[3156,1319,3155],"product_tag":[3127,4863],"class_list":{"0":"post-69603","1":"product","2":"type-product","3":"status-publish","4":"has-post-thumbnail","6":"product_cat-rorelse-och-kamera","7":"product_cat-ajax-larm","8":"product_cat-larmenheter","9":"product_tag-kontrollprodukt","10":"product_tag-pf","11":"product_shipping_class-postnord-varubrev","12":"pa_ajax-tradlosa-larm-kameradetektor","13":"pa_brands-ajax-systems","14":"pa_color-vit","15":"pa_farg-vit","16":"tm-no-options","18":"first","19":"instock","20":"sale","21":"featured","22":"taxable","23":"shipping-taxable","24":"purchasable","25":"product-type-simple"},"acf":[],"_links":{"self":[{"href":"https:\/\/secureus.se\/de\/wp-json\/wp\/v2\/product\/69603","targetHints":{"allow":["GET"]}}],"collection":[{"href":"https:\/\/secureus.se\/de\/wp-json\/wp\/v2\/product"}],"about":[{"href":"https:\/\/secureus.se\/de\/wp-json\/wp\/v2\/types\/product"}],"wp:featuredmedia":[{"embeddable":true,"href":"https:\/\/secureus.se\/de\/wp-json\/wp\/v2\/media\/155437"}],"wp:attachment":[{"href":"https:\/\/secureus.se\/de\/wp-json\/wp\/v2\/media?parent=69603"}],"wp:term":[{"taxonomy":"product_brand","embeddable":true,"href":"https:\/\/secureus.se\/de\/wp-json\/wp\/v2\/product_brand?post=69603"},{"taxonomy":"product_cat","embeddable":true,"href":"https:\/\/secureus.se\/de\/wp-json\/wp\/v2\/product_cat?post=69603"},{"taxonomy":"product_tag","embeddable":true,"href":"https:\/\/secureus.se\/de\/wp-json\/wp\/v2\/product_tag?post=69603"}],"curies":[{"name":"wp","href":"https:\/\/api.w.org\/{rel}","templated":true}]}}