{"id":69639,"date":"2022-11-28T12:54:04","date_gmt":"2022-11-28T11:54:04","guid":{"rendered":"https:\/\/secureus.se\/produkt\/overfallsknapp-dubbeltryck-tradlos-svart\/"},"modified":"2026-03-30T12:23:59","modified_gmt":"2026-03-30T10:23:59","slug":"ajax-doublebutton-overfall-svart","status":"publish","type":"product","link":"https:\/\/secureus.se\/de\/ajax-doublebutton-overfall-svart\/","title":{"rendered":"Ajax DoubleButton - Sicherheitsalarm - \u00dcberfalltaste - Drahtlos Schwarz"},"content":{"rendered":"<h3><strong>Ajax DoubleButton \u2013 Drahtloser Angriffsknopf f\u00fcr Sicherheit und Zuverl\u00e4ssigkeit<\/strong><\/h3>\n<p>Ajax DoubleButton ist ein drahtloses Notsignal, das Einfachheit und Sicherheit vereint, um dem Benutzer in Notsituationen Sicherheit zu geben.<\/p>\n<p>Es ist ein unverzichtbarer Bestandteil des Ajax-Sicherheitssystems und soll im Notfall sofortige Hilfe leisten, indem es einen best\u00e4tigten Alarm sendet.<\/p>\n<p>Mit seiner robusten Konstruktion und dem funktionalen Design bietet es wirksamen Schutz, ohne versehentlichem Druck ausgesetzt zu sein.<\/p>\n<p><strong>Sicherheit ohne Fehlalarme<\/strong><\/p>\n<p>DoubleButton wurde entwickelt, um das Risiko von Fehlalarmen zu minimieren. Um den Alarm zu aktivieren, muss der Benutzer beide Tasten gleichzeitig dr\u00fccken, wodurch die Gefahr eines versehentlichen Dr\u00fcckens ausgeschlossen wird, beispielsweise wenn die Taste in einer Tasche getragen wird.<\/p>\n<p>Um weiterhin sicherzustellen, dass der Alarm absichtlich und nicht versehentlich aktiviert wird, sind die Tasten durch eine Kunststoffbarriere getrennt.<\/p>\n<p>Diese Funktion macht den DoubleButton ideal f\u00fcr private und professionelle Anwender, die ein zuverl\u00e4ssiges und sicheres Notsignal ben\u00f6tigen.<\/p>\n<p><strong>Best\u00e4tigte Alarme f\u00fcr vollst\u00e4ndige Sicherheit<\/strong><\/p>\n<p>DoubleButton bietet best\u00e4tigte Alarme, d. h. der Alarm wird erst aktiviert, wenn beide Tasten in einer bestimmten Reihenfolge gedr\u00fcckt wurden.<\/p>\n<p>Dadurch wird sichergestellt, dass der Alarm nur von einem autorisierten Benutzer ausgel\u00f6st wird und das Risiko versehentlicher Alarme verringert wird.<\/p>\n<p><strong>Gro\u00dfe Reichweite und stabile Kommunikation<\/strong><\/p>\n<p>Die drahtlose Kommunikation zwischen dem DoubleButton und dem Ajax-Hub erfolgt \u00fcber Jeweller, ein Zwei-Wege-Funkprotokoll, das ein stabiles Signal mit einer Reichweite von bis zu 1300 Metern garantiert.<\/p>\n<p>Um die Sicherheit weiter zu erh\u00f6hen, werden alle zwischen den Ger\u00e4ten gesendeten Daten mit dem AES-Algorithmus verschl\u00fcsselt, der vor unbefugtem Zugriff und Alarmverf\u00e4lschungen sch\u00fctzt.<\/p>\n<p>Im Falle einer St\u00f6rung schaltet das System automatisch auf eine freie Funkfrequenz um, um sicherzustellen, dass der Alarm immer den Benutzer und das Sicherheitsunternehmen erreicht.<\/p>\n<p>Kommt es zu einer Blockierung, wird eine Warnung sowohl an den Benutzer als auch an das Sicherheitsunternehmen gesendet.<\/p>\n<p><strong>Flexibler Einsatz und lange Akkulaufzeit<\/strong><\/p>\n<p>Der DoubleButton ist mit einer vorinstallierten CR2032-Batterie ausgestattet, die eine Batterielebensdauer von bis zu 5 Jahren bietet und so den Wartungsbedarf reduziert.<\/p>\n<p>Dank der Schutzart IP55 ist das Ger\u00e4t sowohl staub- als auch spritzwassergesch\u00fctzt und eignet sich daher f\u00fcr den Einsatz in einer Vielzahl von Umgebungen und Wetterbedingungen.<\/p>\n<p>Durch die drahtlose Verbindung zum Hub ist es m\u00f6glich, den DoubleButton \u00fcberall im Haus oder am Arbeitsplatz zu platzieren \u2013 unter dem Schreibtisch, in der Tasche eines B\u00fcroangestellten oder sogar an der Wand neben einer Haust\u00fcr oder einem Bett.<\/p>\n<p><strong>Automatisierungsfunktionen<\/strong><\/p>\n<p>Der DoubleButton ist nicht nur ein Angriffsknopf, sondern kann auch zur Aktivierung verschiedener Automatisierungsszenarien verwendet werden.<\/p>\n<p>Der Knopf kann beispielsweise eine Nebelmaschine aktivieren, Elektroschl\u00f6sser schlie\u00dfen oder Rolll\u00e4den herunterlassen \u2013 was ihn zu einem vielseitigen Ger\u00e4t in Ihrem Sicherheitssystem macht.<\/p>\n<p><strong>Einfache Installation und Integration<\/strong><\/p>\n<p>Die Verbindung von DoubleButton mit Ihrem Ajax-Sicherheitssystem ist schnell und einfach. Das Ger\u00e4t wird \u00fcber die Ajax-App hinzugef\u00fcgt und es ist keine Demontage erforderlich.<\/p>\n<p>Befestigen Sie den DoubleButton mit der mitgelieferten Halterung an einer Oberfl\u00e4che oder tragen Sie ihn an einem Schl\u00fcsselring oder Schl\u00fcsselband. In nur wenigen Minuten ist das Ger\u00e4t einsatzbereit.<\/p>\n<p><strong>Technische Spezifikationen:<\/strong><\/p>\n<ul>\n<li><strong>Einstufung:<\/strong> Drahtloser Notrufknopf<\/li>\n<li><strong>Kompatibilit\u00e4t:<\/strong> Funktioniert mit allen Ajax-Hubs und Range Extendern mit OS Malevich 2.10 und h\u00f6her<\/li>\n<li><strong>Vermeidung von Fehlalarmen:<\/strong> Ja<\/li>\n<li><strong>Anzahl der Tasten:<\/strong> 2<\/li>\n<li><strong>Alarm\u00fcbertragung:<\/strong> Nicht l\u00e4nger als 0,15 s<\/li>\n<li><strong>Juwelier-Funktechnik:<\/strong>\n<ul>\n<li>Kommunikationsreichweite mit dem Hub \u2013 bis zu 2100 km im offenen Gel\u00e4nde<\/li>\n<li>Zweiseitige Kommunikation<\/li>\n<li>Selbstanpassender HF-Ausgang \u2013 bis zu 20 mW<\/li>\n<li>Blockverschl\u00fcsselung basierend auf dem AES-Algorithmus<\/li>\n<li>Frequenzsprung<\/li>\n<\/ul>\n<\/li>\n<li><strong>Stromversorgung:<\/strong> CR2032-Batterie, 3V<\/li>\n<li><strong>Akkulaufzeit:<\/strong> Bis zu 5 Jahre<\/li>\n<li><strong>Betriebstemperaturbereich:<\/strong> Von -10\u00b0C bis +40\u00b0C<\/li>\n<li><strong>Zul\u00e4ssige Luftfeuchtigkeit:<\/strong> Bis zu 75%<\/li>\n<li><strong>Schutzklasse:<\/strong> IP55<\/li>\n<li><strong>Gr\u00f6\u00dfe:<\/strong> 47 \u00d7 35 \u00d7 16 mm<\/li>\n<li><strong>Gewicht:<\/strong> 17 g<\/li>\n<li><strong>Garantie:<\/strong> Austausch und Reparatur innerhalb von 24 Monaten ab Verkaufsdatum. Batterien unterliegen nicht der Garantie.<\/li>\n<\/ul>\n<p><strong>Das Paket enth\u00e4lt:<\/strong><\/p>\n<ul>\n<li>DoubleButton<\/li>\n<li>Vorinstallierte CR2032-Batterie<\/li>\n<li>Kurzanleitung<\/li>\n<\/ul>\n<p>&nbsp;<\/p>","protected":false},"excerpt":{"rendered":"<p>Der Ajax DoubleButton ist ein kabelloser Angriffstaster, der eine sichere und schnelle L\u00f6sung f\u00fcr die Meldung von Notf\u00e4llen bietet.<\/p>\n<p>Um den Alarm zu aktivieren, ist ein zweimaliges Dr\u00fccken erforderlich, was versehentliches Dr\u00fccken verhindert und zuverl\u00e4ssige Alarme gew\u00e4hrleistet.<\/p>","protected":false},"featured_media":155472,"template":"","meta":{"_acf_changed":false},"product_brand":[],"product_cat":[3165,1319],"product_tag":[3127,4863],"class_list":{"0":"post-69639","1":"product","2":"type-product","3":"status-publish","4":"has-post-thumbnail","6":"product_cat-overfallslarm-knappar","7":"product_cat-ajax-larm","8":"product_tag-kontrollprodukt","9":"product_tag-pf","10":"product_shipping_class-postnord-varubrev","11":"pa_ajax-tradlosa-larm-fjarr-overfallsknapp","12":"pa_brands-ajax-systems","13":"pa_color-svart","14":"pa_farg-svart","15":"tm-no-options","17":"first","18":"instock","19":"sale","20":"featured","21":"taxable","22":"shipping-taxable","23":"purchasable","24":"product-type-simple"},"acf":[],"_links":{"self":[{"href":"https:\/\/secureus.se\/de\/wp-json\/wp\/v2\/product\/69639","targetHints":{"allow":["GET"]}}],"collection":[{"href":"https:\/\/secureus.se\/de\/wp-json\/wp\/v2\/product"}],"about":[{"href":"https:\/\/secureus.se\/de\/wp-json\/wp\/v2\/types\/product"}],"wp:featuredmedia":[{"embeddable":true,"href":"https:\/\/secureus.se\/de\/wp-json\/wp\/v2\/media\/155472"}],"wp:attachment":[{"href":"https:\/\/secureus.se\/de\/wp-json\/wp\/v2\/media?parent=69639"}],"wp:term":[{"taxonomy":"product_brand","embeddable":true,"href":"https:\/\/secureus.se\/de\/wp-json\/wp\/v2\/product_brand?post=69639"},{"taxonomy":"product_cat","embeddable":true,"href":"https:\/\/secureus.se\/de\/wp-json\/wp\/v2\/product_cat?post=69639"},{"taxonomy":"product_tag","embeddable":true,"href":"https:\/\/secureus.se\/de\/wp-json\/wp\/v2\/product_tag?post=69639"}],"curies":[{"name":"wp","href":"https:\/\/api.w.org\/{rel}","templated":true}]}}