{"id":69646,"date":"2022-11-28T12:54:02","date_gmt":"2022-11-28T11:54:02","guid":{"rendered":"https:\/\/secureus.se\/produkt\/multisandare-2-3eol-for-tradade-detektorer-vit\/"},"modified":"2026-03-23T15:20:08","modified_gmt":"2026-03-23T14:20:08","slug":"ajax-multitransmitter-multisandare-vit","status":"publish","type":"product","link":"https:\/\/secureus.se\/de\/ajax-multitransmitter-multisandare-vit\/","title":{"rendered":"Ajax MultiTransmitter Multisender 2\/3EoL f\u00fcr kabelgebundene Melder Wei\u00df"},"content":{"rendered":"<h3>Der Ajax MultiTransmitter Multi-Sender ist ein leistungsstarkes und zuverl\u00e4ssiges kabelloses Ger\u00e4t, das den Anschluss kabelgebundener Melder und Sensoren an Ajax-Sicherheitssysteme erm\u00f6glicht. Dadurch k\u00f6nnen \u00e4ltere kabelgebundene Zentralger\u00e4te problemlos in ein modernes kabelloses System integriert werden.<\/h3>\n<p>Der MultiTransmitter eignet sich besonders f\u00fcr Objekte, bei denen bestehende kabelgebundene Melder modernisiert werden sollen, ohne das gesamte System auszutauschen.<\/p>\n<p>Mit 18 Sektionseing\u00e4ngen, die Verbindungstypen wie NO (Normally Open), NC (Normally Closed), EOL (End of Line), 2EOL und 3EOL unterst\u00fctzen, kann der MultiTransmitter eine Vielzahl von Arten von kabelgebundenen Detektoren und Sensoren anschlie\u00dfen.<\/p>\n<p>Dadurch ist es sehr flexibel und an viele verschiedene Sicherheitsbed\u00fcrfnisse anpassbar. Das Ger\u00e4t verf\u00fcgt au\u00dferdem \u00fcber Ausg\u00e4nge zur Stromversorgung der angeschlossenen Melder, was die Installation reibungslos und effizient macht.<\/p>\n<p>Der MultiTransmitter ist f\u00fcr die Verwendung mit allen Ajax-Hubs konzipiert und kommuniziert drahtlos mit dem System \u00fcber das Jeweler-Protokoll.<\/p>\n<p>Die Reichweite betr\u00e4gt bis zu 2000 Meter im freien Gel\u00e4nde und eignet sich somit sowohl f\u00fcr kleine als auch gro\u00dfe Aufstellfl\u00e4chen.<\/p>\n<p>Dar\u00fcber hinaus verf\u00fcgt der MultiTransmitter \u00fcber zwei Manipulationsschutz zum Schutz vor Sabotage.<\/p>\n<p>Es ist au\u00dferdem mit einem Batterie-Backup ausgestattet, das im Falle eines Stromausfalls einen Betrieb von bis zu 4 Tagen erm\u00f6glicht.<\/p>\n<p>Das bedeutet, dass das System auch in unvorhergesehenen Situationen weiterhin funktioniert.<\/p>\n<p>Mit der neuesten Firmware-Version (2.13.0 oder h\u00f6her) k\u00f6nnen Widerstandswerte angeschlossener Melder automatisch gemessen werden, was die Installation und Konfiguration des Systems erleichtert.<\/p>\n<p>An den MultiTransmitter angeschlossene Melder und Ger\u00e4te k\u00f6nnen \u00fcber die Ajax-App individuell programmiert werden, was das System noch benutzerfreundlicher und flexibler macht.<\/p>\n<p><strong>Technische Spezifikationen:<\/strong><\/p>\n<ul>\n<li><strong>Verbindungsarten:<\/strong> NEIN, NC, EOL, 2EOL, 3EOL<\/li>\n<li><strong>Anzahl Eing\u00e4nge:<\/strong> 18<\/li>\n<li><strong>Funkreichweite:<\/strong> Bis zu 2.000 Meilen freies Gel\u00e4nde<\/li>\n<li><strong>Stromversorgung:<\/strong> 110 \u2013 255 VAC (mitgeliefertes Kabel)<\/li>\n<li><strong>Batterie-Backup:<\/strong> 12V 7Ah (nicht im Lieferumfang enthalten)<\/li>\n<li><strong>Batterie-Backup-Zeit:<\/strong> Bis zu 4 Tage<\/li>\n<li><strong>12V DC-Ausg\u00e4nge:<\/strong> 4 St\u00fcck, 1A pro Ausgang<\/li>\n<li><strong>Temperaturbereich:<\/strong> -10\u00b0 bis +40\u00b0C<\/li>\n<li><strong>Luftfeuchtigkeit:<\/strong> Bis zu 75%<\/li>\n<\/ul>","protected":false},"excerpt":{"rendered":"<p>Ajax MultiTransmitter Multitransmitter ist eine drahtlose Integration zum Anschluss kabelgebundener Detektoren und Sensoren an Ajax-Sicherheitssysteme.<\/p>\n<p>Mit 18 Sektionseing\u00e4ngen und flexiblem Anschluss \u00fcber EOL (End of Line) bietet es eine zuverl\u00e4ssige L\u00f6sung zur Modernisierung \u00e4lterer kabelgebundener Systeme.<\/p>","protected":false},"featured_media":151883,"template":"","meta":{"_acf_changed":false},"product_brand":[],"product_cat":[3170,1319],"product_tag":[3127,2137,4863],"class_list":{"0":"post-69646","1":"product","2":"type-product","3":"status-publish","4":"has-post-thumbnail","6":"product_cat-integration","7":"product_cat-ajax-larm","8":"product_tag-kontrollprodukt","9":"product_tag-lager-ajax","10":"product_tag-pf","11":"product_shipping_class-tunga-paket","12":"pa_ajax-tradlosa-larm-ovriga-tillbehor-monteringsfaste","13":"pa_brands-ajax-systems","14":"pa_color-vit","15":"pa_farg-vit","16":"tm-no-options","18":"first","19":"onbackorder","20":"sale","21":"featured","22":"taxable","23":"shipping-taxable","24":"purchasable","25":"product-type-simple"},"acf":[],"_links":{"self":[{"href":"https:\/\/secureus.se\/de\/wp-json\/wp\/v2\/product\/69646","targetHints":{"allow":["GET"]}}],"collection":[{"href":"https:\/\/secureus.se\/de\/wp-json\/wp\/v2\/product"}],"about":[{"href":"https:\/\/secureus.se\/de\/wp-json\/wp\/v2\/types\/product"}],"wp:featuredmedia":[{"embeddable":true,"href":"https:\/\/secureus.se\/de\/wp-json\/wp\/v2\/media\/151883"}],"wp:attachment":[{"href":"https:\/\/secureus.se\/de\/wp-json\/wp\/v2\/media?parent=69646"}],"wp:term":[{"taxonomy":"product_brand","embeddable":true,"href":"https:\/\/secureus.se\/de\/wp-json\/wp\/v2\/product_brand?post=69646"},{"taxonomy":"product_cat","embeddable":true,"href":"https:\/\/secureus.se\/de\/wp-json\/wp\/v2\/product_cat?post=69646"},{"taxonomy":"product_tag","embeddable":true,"href":"https:\/\/secureus.se\/de\/wp-json\/wp\/v2\/product_tag?post=69646"}],"curies":[{"name":"wp","href":"https:\/\/api.w.org\/{rel}","templated":true}]}}