{"id":69651,"date":"2022-11-28T12:53:57","date_gmt":"2022-11-28T11:53:57","guid":{"rendered":"https:\/\/secureus.se\/produkt\/monteringsfaste-magnetdelen-vit\/"},"modified":"2026-03-09T17:37:57","modified_gmt":"2026-03-09T16:37:57","slug":"ajax-smart-bracket-faste-magnetdelen-vit","status":"publish","type":"product","link":"https:\/\/secureus.se\/de\/ajax-smart-bracket-faste-magnetdelen-vit\/","title":{"rendered":"Ajax Smart Bracket Ersatzteil Montagehalterung \/ Zubeh\u00f6r Magnetteil Wei\u00df"},"content":{"rendered":"<h3><strong>Ajax Smart Bracket Montagehalterung f\u00fcr das Magnetteil \u2013 effiziente und langlebige Installation<\/strong><\/h3>\n<p>Die Ajax Smart Bracket f\u00fcr den Magnetteil ist die perfekte L\u00f6sung f\u00fcr die stabile und einfache Montage von Ajax-Magnetkontakten.<\/p>\n<p>Diese Montagehalterung stellt sicher, dass der Magnetkontakt ordnungsgem\u00e4\u00df installiert ist und als Teil Ihres Ajax-Sicherheitssystems effektiv funktionieren kann. Mit der Smart Bracket l\u00e4sst sich das magnetische Teil schnell und einfach installieren, sodass Sie Ihr System einrichten und Ihr Zuhause oder Unternehmen auf professionelle Weise sch\u00fctzen k\u00f6nnen.<\/p>\n<p>Der magnetische Teil ist ein wichtiger Bestandteil des Ajax-Alarms, mit dem erkannt wird, ob T\u00fcren oder Fenster ge\u00f6ffnet sind.<\/p>\n<p>Es misst den Abstand zwischen Magnet und Sensor und erm\u00f6glicht so die Erkennung von Bewegungen und unbefugten \u00d6ffnungen. Um die Leistung Ihres Magnetsteckers zu optimieren, ist es wichtig, dass er richtig montiert ist, und die Ajax Smart Bracket gew\u00e4hrleistet dies.<\/p>\n<p><strong>Einfache Installation mit Smart Bracket<\/strong><\/p>\n<p>Die Smart Bracket-Montagehalterung erm\u00f6glicht eine schnelle und einfache Installation.<\/p>\n<p>Entfernen Sie zun\u00e4chst die Halterungsplatte vom Magnetanschluss und befestigen Sie die Smart Bracket-Platte an einer vertikalen Oberfl\u00e4che oder in einer Ecke des Raums.<\/p>\n<p>Die Halterung kann einfach mit doppelseitigem Klebeband angebracht oder f\u00fcr zus\u00e4tzliche Sicherheit angeschraubt werden.<\/p>\n<p>F\u00fcr optimale Ergebnisse betr\u00e4gt die Installationsh\u00f6he 2,4 Meter, sie kann jedoch je nach Bedarf angepasst werden.<\/p>\n<p>Sobald die Halterung angebracht ist, k\u00f6nnen Sie die Signalst\u00e4rke und -abdeckung \u00fcber die Ajax-Anwendung testen.<\/p>\n<p>Wenn das Signal schwach oder instabil ist, k\u00f6nnen Sie die Position des Magnetkontakts anpassen oder einen ReX-Funksignal-Range-Extender verwenden, um den Signalempfang zu verbessern und sicherzustellen, dass Ihr Sicherheitssystem optimal funktioniert.<\/p>\n<p><strong>Sicherheit und Zuverl\u00e4ssigkeit<\/strong><\/p>\n<p>Die Ajax Smart Bracket-Montagehalterung f\u00fcr das magnetische Teil ist so konstruiert, dass sie hohe Sicherheit und Zuverl\u00e4ssigkeit bietet.<\/p>\n<p>Die Befestigung sorgt daf\u00fcr, dass der Magnetkontakt vor Besch\u00e4digungen gesch\u00fctzt ist und mit der Zeit seine Funktion nicht verliert. Es ist au\u00dferdem resistent gegen Manipulationen und andere \u00e4u\u00dfere Belastungen, die die Systemleistung beeintr\u00e4chtigen k\u00f6nnen.<\/p>\n<p>Es erm\u00f6glicht die Schaffung eines stabilen und effektiven Sicherheitssystems, bei dem der Magnetkontakt leicht zug\u00e4nglich und gleichzeitig sicher vor unbeabsichtigter Besch\u00e4digung oder Manipulation ist.<\/p>\n<p>Mit dem Ajax-System erhalten Sie eine hochwertige Sicherheitsl\u00f6sung, mit der Sie darauf vertrauen k\u00f6nnen, dass Ihr Zuhause oder Ihr Unternehmen rund um die Uhr gesch\u00fctzt ist.<\/p>\n<p><strong>Flexibilit\u00e4t und Kompatibilit\u00e4t<\/strong><\/p>\n<p>Die Smart Bracket-Montagehalterung ist so konzipiert, dass sie mit allen Ajax-Magnetanschl\u00fcssen kompatibel ist.<\/p>\n<p>Unabh\u00e4ngig davon, ob Sie ein neues System installieren oder ein bestehendes aufr\u00fcsten, bietet die Smart Bracket eine einfache und effiziente Installationsl\u00f6sung.<\/p>\n<p>Aufgrund seines robusten Designs eignet es sich sowohl f\u00fcr Wohn- als auch f\u00fcr Gewerbeinstallationen und ist somit eine gute Wahl f\u00fcr Wohn- und Gewerber\u00e4ume.<\/p>\n<p>Die Halterung ist auch flexibel genug, um mit anderen Sicherheitsl\u00f6sungen und Systemkomponenten verwendet zu werden, sodass Sie Ihr Sicherheitssystem nach Bedarf anpassen und einen ma\u00dfgeschneiderten Schutz f\u00fcr Ihr Eigentum schaffen k\u00f6nnen.<\/p>\n<p><strong>Spezifikationen:<\/strong><\/p>\n<ul>\n<li><strong>Art des Zubeh\u00f6rs:<\/strong> Montagehalterung f\u00fcr Ajax-Magnetteil<\/li>\n<li><strong>Einbauh\u00f6he:<\/strong> Empfohlen 2,4 Meter<\/li>\n<li><strong>Installationsmethode:<\/strong> Zur Befestigung an vertikalen Fl\u00e4chen oder Ecken<\/li>\n<li><strong>Material:<\/strong> Langlebig und wetterfest<\/li>\n<li><strong>Kompatibilit\u00e4t:<\/strong> Passend f\u00fcr Ajax-Magnetkontakte<\/li>\n<li><strong>Signalst\u00e4rketest:<\/strong> Ja, \u00fcber die Ajax-Anwendung<\/li>\n<li><strong>Befestigungselemente:<\/strong> Inklusive Schrauben und der M\u00f6glichkeit, andere Befestigungselemente zu verwenden<\/li>\n<\/ul>\n<p>&nbsp;<\/p>","protected":false},"excerpt":{"rendered":"<p>Die Ajax Smart Bracket-Montagehalterung f\u00fcr das Magnetteil macht die Installation des Ajax-Magnetsteckers einfach und sicher.<\/p>\n<p>Die robuste Halterung sorgt f\u00fcr eine stabile Platzierung und erm\u00f6glicht eine optimale Sicherheit in Ihrem Zuhause oder am Arbeitsplatz.<\/p>","protected":false},"featured_media":0,"template":"","meta":{"_acf_changed":false},"product_brand":[],"product_cat":[3128],"product_tag":[],"class_list":{"0":"post-69651","1":"product","2":"type-product","3":"status-publish","5":"product_cat-ajax-reservdelar-fasten","6":"product_shipping_class-postnord-varubrev","7":"pa_ajax-tradlosa-larm-ovriga-tillbehor-monteringsfaste","8":"pa_brands-ajax-systems","9":"pa_color-vit","10":"pa_farg-vit","11":"tm-no-options","13":"first","14":"instock","15":"sale","16":"featured","17":"taxable","18":"shipping-taxable","19":"purchasable","20":"product-type-simple"},"acf":[],"_links":{"self":[{"href":"https:\/\/secureus.se\/de\/wp-json\/wp\/v2\/product\/69651","targetHints":{"allow":["GET"]}}],"collection":[{"href":"https:\/\/secureus.se\/de\/wp-json\/wp\/v2\/product"}],"about":[{"href":"https:\/\/secureus.se\/de\/wp-json\/wp\/v2\/types\/product"}],"wp:attachment":[{"href":"https:\/\/secureus.se\/de\/wp-json\/wp\/v2\/media?parent=69651"}],"wp:term":[{"taxonomy":"product_brand","embeddable":true,"href":"https:\/\/secureus.se\/de\/wp-json\/wp\/v2\/product_brand?post=69651"},{"taxonomy":"product_cat","embeddable":true,"href":"https:\/\/secureus.se\/de\/wp-json\/wp\/v2\/product_cat?post=69651"},{"taxonomy":"product_tag","embeddable":true,"href":"https:\/\/secureus.se\/de\/wp-json\/wp\/v2\/product_tag?post=69651"}],"curies":[{"name":"wp","href":"https:\/\/api.w.org\/{rel}","templated":true}]}}