{"id":69686,"date":"2022-11-28T12:53:40","date_gmt":"2022-11-28T11:53:40","guid":{"rendered":"https:\/\/secureus.se\/produkt\/monteringsfaste-kameradetektor-utomhus-vit\/"},"modified":"2026-03-10T11:01:44","modified_gmt":"2026-03-10T10:01:44","slug":"ajax-smart-bracket-faste-kameradetektor-utomhus-vit","status":"publish","type":"product","link":"https:\/\/secureus.se\/de\/ajax-smart-bracket-faste-kameradetektor-utomhus-vit\/","title":{"rendered":"Ajax Smart Bracket Ersatzteil Montagehalterung \/ Zubeh\u00f6r Kameradetektor Au\u00dfen wei\u00df"},"content":{"rendered":"<h3><strong>Ajax Smart Bracket Montagehalterung f\u00fcr Kamera-Detektor Ext<\/strong><strong>uns \u2013 f\u00fcr sichere Installation und optimale Abdeckung<\/strong><\/h3>\n<p>Die Ajax Smart Bracket-Montagehalterung f\u00fcr Au\u00dfenkameradetektoren ist eine intelligente und effiziente L\u00f6sung f\u00fcr die stabile und sichere Installation Ihres Ajax-Kameradetektors.<\/p>\n<p>Damit Ihr Kameradetektor optimal funktioniert, ist es wichtig, dass er am richtigen Ort mit der richtigen Halterung installiert wird.<\/p>\n<p>Mithilfe der Smart Bracket-Montagehalterung erhalten Sie eine einfache und langlebige L\u00f6sung, um den Kameradetektor an strategischen Orten zu platzieren, sowohl aus Sicherheitsgr\u00fcnden als auch zur Maximierung der Abdeckung Ihres \u00dcberwachungssystems.<\/p>\n<p><strong>Einfache Installation und Flexibilit\u00e4t bei der Platzierung<\/strong><\/p>\n<p>Die Smart Bracket-Montagehalterung wurde entwickelt, um die Installation des Kameradetektors auf vertikalen Fl\u00e4chen oder in Ecken zu erleichtern und Ihnen die Anpassung an Ihre spezielle Sicherheitsl\u00f6sung zu erm\u00f6glichen. Die Installation ist schnell und einfach: Die Halterung kann einfach mit doppelseitigem Klebeband angebracht oder angeschraubt werden, um eine dauerhaftere und sicherere Position zu gew\u00e4hrleisten.<\/p>\n<p>F\u00fcr eine optimale Leistung wird eine Installationsh\u00f6he von 2,4 Metern empfohlen, sie kann jedoch je nach Ihren spezifischen Anforderungen angepasst werden.<\/p>\n<p><strong>Optimierte Leistung und Signalst\u00e4rke<\/strong><\/p>\n<p>Wenn der Kameradetektor mit der Smart Bracket montiert ist, k\u00f6nnen Sie die Signalst\u00e4rke einfach \u00fcber die Ajax-Anwendung testen.<\/p>\n<p>Wenn die Signalst\u00e4rke nicht ausreicht, k\u00f6nnen Sie die Position der Halterung anpassen oder einen ReX 2-Funksignal-Range-Extender verwenden, um die Reichweite zu verbessern.<\/p>\n<p>Dadurch wird sichergestellt, dass Ihr Kameradetektor die bestm\u00f6gliche Abdeckung und Leistung bietet.<\/p>\n<p>Ganz gleich, ob Sie Ihren Garten, Ihre Garage oder andere Au\u00dfenbereiche \u00fcberwachen m\u00f6chten, die Ajax Smart Bracket sorgt daf\u00fcr, dass Ihr Melder unterbrechungsfrei funktioniert.<\/p>\n<p><strong>Langlebiges und zuverl\u00e4ssiges Design<\/strong><\/p>\n<p>Die Ajax Smart Bracket-Montagehalterung ist sowohl f\u00fcr Innen- als auch f\u00fcr Au\u00dfenumgebungen geeignet.<\/p>\n<p>Es besteht aus langlebigen und witterungsbest\u00e4ndigen Materialien, wodurch es sowohl K\u00e4lte als auch Hitze und Feuchtigkeit standh\u00e4lt. Dies bedeutet, dass die Halterung auch in exponierten Umgebungen, die den Elementen ausgesetzt sind, eine langanhaltende und zuverl\u00e4ssige Leistung bietet.<\/p>\n<p>Dies macht es zu einer idealen L\u00f6sung f\u00fcr Installationen, bei denen sowohl Haltbarkeit als auch Sicherheit im Vordergrund stehen.<\/p>\n<p><strong>Kompatibilit\u00e4t und Flexibilit\u00e4t f\u00fcr alle Installationen<\/strong><\/p>\n<p>Die Halterung ist so konzipiert, dass sie mit allen Ajax-Kameradetektoren kompatibel ist, sodass Sie dieselbe L\u00f6sung verwenden k\u00f6nnen, egal ob Sie ein neues Ger\u00e4t installieren oder Ihr bestehendes System aufr\u00fcsten.<\/p>\n<p>Egal, ob es sich um ein kleines Haus oder ein gr\u00f6\u00dferes Unternehmen handelt, mit der Smart Bracket k\u00f6nnen Sie Ihren Kameradetektor einfach installieren und anpassen, um optimale Sicherheit zu gew\u00e4hrleisten.<\/p>\n<p>Dank ihrer Flexibilit\u00e4t und Anpassungsf\u00e4higkeit erm\u00f6glicht diese Halterung dem Benutzer, den Kameradetektor f\u00fcr maximale Sicherheit und Effizienz an den am besten geeigneten Orten zu positionieren.<\/p>\n<p>Dies ist besonders n\u00fctzlich in Bereichen, die eine umfassende \u00dcberwachung erfordern, beispielsweise an T\u00fcren, Fenstern oder anderen potenziellen Einbruchstellen.<\/p>\n<p><strong>Spezifikationen:<\/strong><\/p>\n<ul>\n<li><strong>Art des Zubeh\u00f6rs:<\/strong> Montagehalterung f\u00fcr Ajax-Kameradetektor im Freien<\/li>\n<li><strong>Einbauh\u00f6he:<\/strong> Empfohlen 2,4 Meter<\/li>\n<li><strong>Installationsmethode:<\/strong> Zur Befestigung an vertikalen Fl\u00e4chen oder Ecken<\/li>\n<li><strong>Material:<\/strong> Langlebig und wetterfest<\/li>\n<li><strong>Kompatibilit\u00e4t:<\/strong> Passend f\u00fcr alle Ajax-Kameradetektoren<\/li>\n<li><strong>Signalst\u00e4rketest:<\/strong> Ja, \u00fcber die Ajax-Anwendung<\/li>\n<li><strong>Befestigungselemente:<\/strong> Inklusive Schrauben und der M\u00f6glichkeit, andere Befestigungselemente zu verwenden<\/li>\n<\/ul>\n<p><strong>Abschluss:<\/strong><\/p>\n<p>Die Ajax Smart Bracket-Montagehalterung f\u00fcr Au\u00dfenkameradetektoren ist die ideale L\u00f6sung, um die korrekte und sichere Installation Ihres Kameradetektors zu gew\u00e4hrleisten.<\/p>\n<p>Mit seinem benutzerfreundlichen Design, langlebigen Materialien und flexiblen Installationsm\u00f6glichkeiten erhalten Sie ein zuverl\u00e4ssiges Sicherheitssystem, das Ihr Zuhause oder Ihr Unternehmen effektiv sch\u00fctzt.<\/p>\n<p>&nbsp;<\/p>","protected":false},"excerpt":{"rendered":"<p>Die Ajax Smart Bracket-Montagehalterung f\u00fcr Au\u00dfenkamera-Detektoren erm\u00f6glicht eine einfache und sichere Installation.<\/p>\n<p>Die Halterung ist so konzipiert, dass Sie Ihren Kameradetektor im Freien optimal positionieren und so eine zuverl\u00e4ssige \u00dcberwachung und dauerhafte Leistung gew\u00e4hrleisten.<\/p>","protected":false},"featured_media":0,"template":"","meta":{"_acf_changed":false},"product_brand":[],"product_cat":[3128],"product_tag":[],"class_list":{"0":"post-69686","1":"product","2":"type-product","3":"status-publish","5":"product_cat-ajax-reservdelar-fasten","6":"product_shipping_class-postnord-varubrev","7":"pa_ajax-tradlosa-larm-ovriga-tillbehor-monteringsfaste","8":"pa_brands-ajax-systems","9":"pa_color-vit","10":"pa_farg-vit","11":"tm-no-options","13":"first","14":"instock","15":"sale","16":"featured","17":"taxable","18":"shipping-taxable","19":"purchasable","20":"product-type-simple"},"acf":[],"_links":{"self":[{"href":"https:\/\/secureus.se\/de\/wp-json\/wp\/v2\/product\/69686","targetHints":{"allow":["GET"]}}],"collection":[{"href":"https:\/\/secureus.se\/de\/wp-json\/wp\/v2\/product"}],"about":[{"href":"https:\/\/secureus.se\/de\/wp-json\/wp\/v2\/types\/product"}],"wp:attachment":[{"href":"https:\/\/secureus.se\/de\/wp-json\/wp\/v2\/media?parent=69686"}],"wp:term":[{"taxonomy":"product_brand","embeddable":true,"href":"https:\/\/secureus.se\/de\/wp-json\/wp\/v2\/product_brand?post=69686"},{"taxonomy":"product_cat","embeddable":true,"href":"https:\/\/secureus.se\/de\/wp-json\/wp\/v2\/product_cat?post=69686"},{"taxonomy":"product_tag","embeddable":true,"href":"https:\/\/secureus.se\/de\/wp-json\/wp\/v2\/product_tag?post=69686"}],"curies":[{"name":"wp","href":"https:\/\/api.w.org\/{rel}","templated":true}]}}