{"id":69691,"date":"2022-11-28T12:53:40","date_gmt":"2022-11-28T11:53:40","guid":{"rendered":"https:\/\/secureus.se\/produkt\/monteringsfaste-manoverpanel-vit\/"},"modified":"2026-03-09T17:38:08","modified_gmt":"2026-03-09T16:38:08","slug":"ajax-smart-bracket-faste-manoverpanel-vit","status":"publish","type":"product","link":"https:\/\/secureus.se\/de\/ajax-smart-bracket-faste-manoverpanel-vit\/","title":{"rendered":"Ajax Smart Bracket Ersatzteil Montagehalterung \/ Zubeh\u00f6r Bedienfeld wei\u00df"},"content":{"rendered":"<h3><strong>Ajax Smart Bracket Montagehalterung f\u00fcr Bedienfeld \u2013 f\u00fcr einfache und stabile Installation<\/strong><\/h3>\n<p>Die Ajax Smart Bracket-Montagehalterung f\u00fcr Bedienfeld ist eine praktische und effiziente L\u00f6sung f\u00fcr die schnelle und stabile Installation Ihres Ajax-Bedienfelds.<\/p>\n<p>Das Bedienfeld ist das Herzst\u00fcck Ihres Ajax-Sicherheitssystems, wo Sie Ihren Alarm steuern und \u00fcberwachen k\u00f6nnen.<\/p>\n<p>Um die Benutzerfreundlichkeit und Sicherheit zu optimieren, ist es wichtig, dass das Panel korrekt an einem leicht zug\u00e4nglichen und stabilen Ort montiert wird, und die Ajax Smart Bracket sorgt jedes Mal f\u00fcr eine sichere Installation.<\/p>\n<p><strong>Einfache und flexible Installation<\/strong><\/p>\n<p>Mit der Smart Bracket-Montagehalterung k\u00f6nnen Sie Ihr Bedienfeld ganz einfach an einer vertikalen Fl\u00e4che oder in einer Raumecke befestigen. Die Installation ist flexibel und kann an die Raumaufteilung und die Vorlieben des Benutzers angepasst werden.<\/p>\n<p>Durch die Halterung ist es m\u00f6glich, das Bedienfeld in einer H\u00f6he von ca. 2,4 Metern zu montieren, wodurch es sowohl leicht zug\u00e4nglich als auch f\u00fcr den Benutzer sichtbar ist.<\/p>\n<p>Die Installation ist schnell und einfach, da die Halterung mit doppelseitigem Klebeband montiert oder f\u00fcr eine dauerhaftere L\u00f6sung angeschraubt werden kann.<\/p>\n<p><strong>Stabile Platzierung f\u00fcr sicheren Gebrauch<\/strong><\/p>\n<p>Um eine optimale Funktion des Bedienfeldes zu gew\u00e4hrleisten, ist es wichtig, dass es stabil positioniert ist. Mit der Smart Bracket-Montagehalterung k\u00f6nnen Sie das Panel an einem sicheren Ort montieren, an dem der Benutzer problemlos damit interagieren kann.<\/p>\n<p>Um das Risiko einer Besch\u00e4digung oder Manipulation zu minimieren, sch\u00fctzt die Halterung das Bedienfeld und h\u00e4lt es an Ort und Stelle, ohne mit der Zeit an Leistung zu verlieren.<\/p>\n<p><strong>Optimieren Sie Signalst\u00e4rke und Leistung<\/strong><\/p>\n<p>Sobald Sie das Bedienfeld mit der Ajax Smart Bracket installiert haben, k\u00f6nnen Sie die Signalst\u00e4rke ganz einfach \u00fcber die Ajax-Anwendung testen.<\/p>\n<p>Dadurch k\u00f6nnen Sie die Installation bei Bedarf anpassen, um sicherzustellen, dass das Signal zwischen der Zentrale und dem Ajax-System-Hub stark und stabil ist.<\/p>\n<p>Wenn die Signalst\u00e4rke niedrig oder instabil ist, k\u00f6nnen Sie das Bedienfeld einfach an einem anderen Ort platzieren oder einen ReX 2-Funksignal-Range-Extender verwenden, um die Reichweite zu verbessern.<\/p>\n<p><strong>Kompatibilit\u00e4t und Flexibilit\u00e4t<\/strong><\/p>\n<p>Die Ajax Smart Bracket ist vollst\u00e4ndig kompatibel mit Ajax-Bedienfeldern und kann sowohl f\u00fcr Neuinstallationen als auch f\u00fcr Upgrades bestehender Systeme verwendet werden.<\/p>\n<p>Dies macht die Halterung zu einer flexiblen L\u00f6sung f\u00fcr alle Arten von Installationen.<\/p>\n<p>Unabh\u00e4ngig davon, ob Sie ein neues System installieren oder eine \u00e4ltere Einheit ersetzen, bietet die Smart Bracket eine sichere und stabile Montagel\u00f6sung f\u00fcr das Bedienfeld.<\/p>\n<p>Die Halterung eignet sich sowohl f\u00fcr den privaten als auch f\u00fcr den gewerblichen Bereich und bietet Ihnen die M\u00f6glichkeit, ein individuelles Sicherheitssystem f\u00fcr Ihr Eigentum zu erstellen.<\/p>\n<p><strong>Langlebiges und benutzerfreundliches Design<\/strong><\/p>\n<p>Die Smart Bracket-Montagehalterung besteht aus langlebigen Materialien, die Belastungen und Witterungseinfl\u00fcssen standhalten, was sie zu einer zuverl\u00e4ssigen L\u00f6sung sowohl im Innen- als auch im Au\u00dfenbereich macht.<\/p>\n<p>F\u00fcr die Installation sind keine Spezialwerkzeuge erforderlich und Sie k\u00f6nnen schnell mit der Steuerung und \u00dcberwachung Ihres Sicherheitssystems \u00fcber das Bedienfeld beginnen.<\/p>\n<p><strong>Spezifikationen:<\/strong><\/p>\n<ul>\n<li><strong>Art des Zubeh\u00f6rs:<\/strong> Montagehalterung f\u00fcr Ajax-Bedienfeld<\/li>\n<li><strong>Einbauh\u00f6he:<\/strong> Empfohlen 2,4 Meter<\/li>\n<li><strong>Installationsmethode:<\/strong> Zur Befestigung an vertikalen Fl\u00e4chen oder Ecken<\/li>\n<li><strong>Material:<\/strong> Langlebig und wetterfest<\/li>\n<li><strong>Kompatibilit\u00e4t:<\/strong> Passend f\u00fcr Ajax-Bedienfelder<\/li>\n<li><strong>Signalst\u00e4rketest:<\/strong> Ja, \u00fcber die Ajax-Anwendung<\/li>\n<li><strong>Befestigungselemente:<\/strong> Inklusive Schrauben und der M\u00f6glichkeit, andere Befestigungselemente zu verwenden<\/li>\n<\/ul>\n<p><strong>Abschluss:<\/strong><\/p>\n<p>Die Ajax Smart Bracket-Montagehalterung f\u00fcr Bedienfeld ist eine perfekte L\u00f6sung f\u00fcr die sichere und stabile Installation Ihres Bedienfelds.<\/p>\n<p>Durch die richtige Platzierung und Optimierung der Signalst\u00e4rke k\u00f6nnen Sie ganz einfach ein zuverl\u00e4ssiges Sicherheitssystem schaffen, das effizient und zuverl\u00e4ssig funktioniert.<\/p>\n<p>&nbsp;<\/p>","protected":false},"excerpt":{"rendered":"<p>Die Ajax Smart Bracket-Montagehalterung f\u00fcr Bedienfeld macht die Installation Ihres Ajax-Bedienfelds einfach und sicher.<\/p>\n<p>Die stabile Halterung sorgt f\u00fcr eine stabile Platzierung und erm\u00f6glicht eine individuelle Anpassung der Installation f\u00fcr optimale Benutzerfreundlichkeit und Sicherheit.<\/p>","protected":false},"featured_media":0,"template":"","meta":{"_acf_changed":false},"product_brand":[],"product_cat":[3128],"product_tag":[],"class_list":{"0":"post-69691","1":"product","2":"type-product","3":"status-publish","5":"product_cat-ajax-reservdelar-fasten","6":"product_shipping_class-postnord-varubrev","7":"pa_ajax-tradlosa-larm-knapssats-manoverpanel","8":"pa_ajax-tradlosa-larm-ovriga-tillbehor-monteringsfaste","9":"pa_brands-ajax-systems","10":"pa_color-vit","11":"pa_farg-vit","12":"tm-no-options","14":"first","15":"instock","16":"sale","17":"featured","18":"taxable","19":"shipping-taxable","20":"purchasable","21":"product-type-simple"},"acf":[],"_links":{"self":[{"href":"https:\/\/secureus.se\/de\/wp-json\/wp\/v2\/product\/69691","targetHints":{"allow":["GET"]}}],"collection":[{"href":"https:\/\/secureus.se\/de\/wp-json\/wp\/v2\/product"}],"about":[{"href":"https:\/\/secureus.se\/de\/wp-json\/wp\/v2\/types\/product"}],"wp:attachment":[{"href":"https:\/\/secureus.se\/de\/wp-json\/wp\/v2\/media?parent=69691"}],"wp:term":[{"taxonomy":"product_brand","embeddable":true,"href":"https:\/\/secureus.se\/de\/wp-json\/wp\/v2\/product_brand?post=69691"},{"taxonomy":"product_cat","embeddable":true,"href":"https:\/\/secureus.se\/de\/wp-json\/wp\/v2\/product_cat?post=69691"},{"taxonomy":"product_tag","embeddable":true,"href":"https:\/\/secureus.se\/de\/wp-json\/wp\/v2\/product_tag?post=69691"}],"curies":[{"name":"wp","href":"https:\/\/api.w.org\/{rel}","templated":true}]}}