{"id":69717,"date":"2022-11-28T12:06:03","date_gmt":"2022-11-28T11:06:03","guid":{"rendered":"https:\/\/secureus.se\/produkt\/smart-plug-230v-2500kw-tradlos-svart\/"},"modified":"2026-03-09T17:38:34","modified_gmt":"2026-03-09T16:38:34","slug":"ajax-smart-socket-230v-2500w-sv","status":"publish","type":"product","link":"https:\/\/secureus.se\/de\/ajax-smart-socket-230v-2500w-sv\/","title":{"rendered":"Ajax Smart Socket Smart Plug 230 Volt bis 2500 W Schwarz"},"content":{"rendered":"<h3>Die Ajax Smart Socket ist eine fortschrittliche kabellose Smart-Steckdose, die es erm\u00f6glicht, Elektroger\u00e4te \u00fcber das Ajax-Sicherheitssystem fernzusteuern und zu \u00fcberwachen.<\/h3>\n<p>Es ist f\u00fcr den Anschluss und die Steuerung elektrischer Ger\u00e4te mit einer Gesamtlast von bis zu 2500 W konzipiert und eignet sich daher ideal f\u00fcr den Heim- und B\u00fcrogebrauch.<\/p>\n<p>Dieser intelligente Stecker ist nicht nur ein Werkzeug zur Kontrolle, wann und wie elektrische Ger\u00e4te verwendet werden, sondern auch zur Optimierung und Reduzierung des Energieverbrauchs.<\/p>\n<p>Mit dem integrierten Energiez\u00e4hler erh\u00e4lt der Nutzer detaillierte Informationen \u00fcber den Stromverbrauch jedes angeschlossenen Ger\u00e4ts, sodass er stromhungrige Ger\u00e4te einfach identifizieren und Energiekosten sparen kann.<\/p>\n<p>Mit der Ajax Smart Socket k\u00f6nnen Sie beispielsweise Ger\u00e4te wie Heizung oder Klimaanlage fernsteuern, bevor Sie nach Hause kommen, oder den Betrieb von Beleuchtung, stromlosen Ger\u00e4ten oder Sicherheitsfunktionen automatisieren.<\/p>\n<p>Dieser intelligente Stecker bietet nicht nur Komfort, sondern sch\u00fctzt auch vor Brandgefahren, indem er gef\u00e4hrliche Ger\u00e4te wie B\u00fcgeleisen oder Heizelemente ausschaltet, wenn Sie das Haus verlassen.<\/p>\n<p>Ein einzigartiges Merkmal ist die farbwechselnde LED am Ajax Smart Socket, die in Echtzeit sichtbares Feedback zum Stromverbrauch des Ger\u00e4ts gibt.<\/p>\n<p>Wenn ein Ger\u00e4t viel Strom verbraucht, \u00e4ndert sich die Farbe der LED, um einen schnellen visuellen Hinweis auf einen hohen Stromverbrauch zu geben.<\/p>\n<p>Ein weiteres wichtiges Merkmal ist die robuste Sicherheit. Die Ajax Smart Socket verf\u00fcgt \u00fcber eine kindersichere Abdeckung, die verhindert, dass kleine Gegenst\u00e4nde in die Steckdose eingef\u00fchrt werden, und sch\u00fctzt au\u00dferdem vor Staub und Fl\u00fcssigkeiten.<\/p>\n<p>Der \u00dcbertemperaturschutz (bis zu 85 \u00b0C) verringert die Gefahr von \u00dcberhitzung und Brand.<\/p>\n<p><strong>Merkmale:<\/strong><\/p>\n<ul>\n<li><strong>Fernbedienung<\/strong>: Steuern Sie Elektroger\u00e4te von Ihrem Smartphone aus \u00fcber die Ajax-App.<\/li>\n<li><strong>Energiemessung<\/strong>: \u00dcberwachen Sie den Stromverbrauch jedes angeschlossenen Ger\u00e4ts und identifizieren Sie Energiefresser.<\/li>\n<li><strong>Automatisierung<\/strong>: Erstellen Sie intelligente Szenarien, die Ger\u00e4te automatisch ausschalten, wenn Sie nicht zu Hause sind.<\/li>\n<li><strong>Sicherheitsfunktionen<\/strong>: Kinderschutz, \u00dcbertemperaturschutz und verschl\u00fcsselte Kommunikation.<\/li>\n<li><strong>LED-Anzeige<\/strong>: Farbwechselnde LED zur Anzeige eines hohen Stromverbrauchs.<\/li>\n<\/ul>\n<p><strong>Technische Spezifikationen:<\/strong><\/p>\n<ul>\n<li><strong>Maximale Belastung<\/strong>: Bis zu 2500 W<\/li>\n<li><strong>Spannungsbereich<\/strong>: 110\u2013230 V~ \u00b1 10%; 50\/60 Hz<\/li>\n<li><strong>Stromverbrauch<\/strong>: \u2264 1W<\/li>\n<li><strong>Maximaler Stromschutz<\/strong>: 11 A (Schutz aktiviert), 13 A (Schutz deaktiviert)<\/li>\n<li><strong>Schutz vor \u00dcbertemperatur<\/strong>: +85\u00b0C<\/li>\n<li><strong>IP-Schutzklasse<\/strong>: IP20<\/li>\n<li><strong>Kommunikation<\/strong>: Juwelier-Funktechnik, bis zu 1.100 m Reichweite<\/li>\n<li><strong>Akkulaufzeit<\/strong>: Keine (Stromversorgung \u00fcber Steckdose)<\/li>\n<li><strong>Messen<\/strong>: 65,5 \u00d7 45 \u00d7 45 mm<\/li>\n<li><strong>Gewicht<\/strong>: 58 g<\/li>\n<\/ul>","protected":false},"excerpt":{"rendered":"<p>Ajax Smart Socket ist eine intelligente Steckdose f\u00fcr 230 Volt mit einer Belastung von bis zu 2500 W.<\/p>\n<p>Steuern Sie Elektroger\u00e4te \u00fcber die Ajax-App fern, \u00fcberwachen Sie den Stromverbrauch und automatisieren Sie Ihr Sicherheitssystem.<\/p>\n<p>Sichere und einfache L\u00f6sung zur Optimierung von Energie und Sicherheit.<\/p>","protected":false},"featured_media":155625,"template":"","meta":{"_acf_changed":false},"product_brand":[],"product_cat":[3169,1319],"product_tag":[3127,4863],"class_list":{"0":"post-69717","1":"product","2":"type-product","3":"status-publish","4":"has-post-thumbnail","6":"product_cat-automation","7":"product_cat-ajax-larm","8":"product_tag-kontrollprodukt","9":"product_tag-pf","10":"product_shipping_class-tunga-paket","11":"pa_ajax-tradlosa-larm-smartplug-220-volt","12":"pa_brands-ajax-systems","13":"pa_color-svart","14":"pa_farg-svart","15":"tm-no-options","17":"first","18":"instock","19":"sale","20":"featured","21":"taxable","22":"shipping-taxable","23":"purchasable","24":"product-type-simple"},"acf":[],"_links":{"self":[{"href":"https:\/\/secureus.se\/de\/wp-json\/wp\/v2\/product\/69717","targetHints":{"allow":["GET"]}}],"collection":[{"href":"https:\/\/secureus.se\/de\/wp-json\/wp\/v2\/product"}],"about":[{"href":"https:\/\/secureus.se\/de\/wp-json\/wp\/v2\/types\/product"}],"wp:featuredmedia":[{"embeddable":true,"href":"https:\/\/secureus.se\/de\/wp-json\/wp\/v2\/media\/155625"}],"wp:attachment":[{"href":"https:\/\/secureus.se\/de\/wp-json\/wp\/v2\/media?parent=69717"}],"wp:term":[{"taxonomy":"product_brand","embeddable":true,"href":"https:\/\/secureus.se\/de\/wp-json\/wp\/v2\/product_brand?post=69717"},{"taxonomy":"product_cat","embeddable":true,"href":"https:\/\/secureus.se\/de\/wp-json\/wp\/v2\/product_cat?post=69717"},{"taxonomy":"product_tag","embeddable":true,"href":"https:\/\/secureus.se\/de\/wp-json\/wp\/v2\/product_tag?post=69717"}],"curies":[{"name":"wp","href":"https:\/\/api.w.org\/{rel}","templated":true}]}}