{"id":69731,"date":"2022-11-28T12:06:00","date_gmt":"2022-11-28T11:06:00","guid":{"rendered":"https:\/\/secureus.se\/produkt\/ridadetektor-inomhus-tradlos-vit\/"},"modified":"2026-04-06T11:31:35","modified_gmt":"2026-04-06T09:31:35","slug":"ajax-motionprotect-curtain-inomhus-vit","status":"publish","type":"product","link":"https:\/\/secureus.se\/de\/ajax-motionprotect-curtain-inomhus-vit\/","title":{"rendered":"Ajax MotionProtect Vorhang - Innenraum-Pferdemelder - Wei\u00df"},"content":{"rendered":"<h3><strong>Ajax MotionProtect-Vorhang \u2013 Der neue Standard f\u00fcr den Innenschutz<\/strong><\/h3>\n<p>Der Ajax MotionProtect Curtain ist ein fortschrittlicher kabelloser Bewegungsmelder, der speziell f\u00fcr zuverl\u00e4ssige Sicherheit in Innenr\u00e4umen entwickelt wurde.<\/p>\n<p>Es ist eine perfekte L\u00f6sung zum Schutz von Fenstern, T\u00fcren und anderen engen Bereichen, in denen herk\u00f6mmliche Melder nicht immer die gew\u00fcnschte Abdeckung bieten.<\/p>\n<p>Mit fortschrittlichen Funktionen wie zwei optischen Systemen und der ELSA-Technologie bietet es eine pr\u00e4zise Erkennungsgenauigkeit, und das, ohne die Bewegungsfreiheit von Personen, die sich bereits in der Umgebung aufhalten, einzuschr\u00e4nken.<\/p>\n<p><strong>Duales Erkennungssystem \u2013 f\u00fcr hohe Genauigkeit und geringes Fehlalarmrisiko<\/strong><\/p>\n<p>Das einzigartige Design des Ajax MotionProtect Curtain umfasst ein duales Erkennungssystem mit zwei unabh\u00e4ngigen optischen Systemen.<\/p>\n<p>Diese Systeme haben enge Sichtfelder und k\u00f6nnen eine L\u00e4nge von bis zu 30 Metern abdecken. Dies minimiert das Risiko von Fehlalarmen, die durch nat\u00fcrliche St\u00f6rungen wie Bewegungen von Haustieren oder Gegenst\u00e4nden im Raum verursacht werden.<\/p>\n<p>Durch die engen Sichtfelder ist es zudem m\u00f6glich, eine wirksame Barriere zu schaffen, ohne den Bewegungsfluss im Raum zu behindern.<\/p>\n<p><strong>ELSA-Technologie \u2013 f\u00fcr hohe Erkennungspr\u00e4zision<\/strong><\/p>\n<p>Der MotionProtect Curtain ist mit der ELSA-Technologie (Extended Live Signal Analysis) ausgestattet, die es erm\u00f6glicht, unerw\u00fcnschte Bewegungen wie Tiere oder nat\u00fcrliche St\u00f6rungen herauszufiltern.<\/p>\n<p>Dadurch ist eine hohe Erkennungsgenauigkeit gew\u00e4hrleistet, sodass Sie nur bei echten Bedrohungen gewarnt werden. Die ELSA-Technologie analysiert und passt sich kontinuierlich an die Umgebung an, sodass das System auch in dynamischen Innenr\u00e4umen pr\u00e4zise bleibt.<\/p>\n<p><strong>Zwei-in-Eins-Erkennung und Ann\u00e4herungserkennung<\/strong><\/p>\n<p>Dieser Melder vereint zwei Sensoren in einer Einheit und kann so schnell und zuverl\u00e4ssig auf menschliche Bewegungen reagieren.<\/p>\n<p>MotionProtect Curtain nutzt au\u00dferdem die Ann\u00e4herungserkennung, die es dem Ger\u00e4t erm\u00f6glicht, tote Winkel zu erkennen und bestimmte Bereiche wie Fenster zu sch\u00fctzen, ohne andere Bereiche zu beeintr\u00e4chtigen.<\/p>\n<p>Dies ist besonders n\u00fctzlich in Umgebungen, in denen der Platz begrenzt ist und der Detektor sich auf bestimmte Einbruchspunkte konzentrieren muss.<\/p>\n<p><strong>Manipulationsschutz und hohe Sicherheit<\/strong><\/p>\n<p>Um sicherzustellen, dass Ihre Sicherheit nicht durch Manipulationen gef\u00e4hrdet wird, ist der MotionProtect-Vorhang mit einem fortschrittlichen Maskierungs- und Manipulationserkennungssystem ausgestattet.<\/p>\n<p>Sollte jemand versuchen, den Sensor zu manipulieren, wird eine sofortige Alarmfunktion aktiviert, sodass Sie bei unbefugten Eingriffen schnell reagieren k\u00f6nnen. Dieser Schutz stellt sicher, dass das System w\u00e4hrend seiner gesamten Lebensdauer sicher und zuverl\u00e4ssig bleibt.<\/p>\n<p><strong>Lange Akkulaufzeit und einfache Installation<\/strong><\/p>\n<p>Der Ajax MotionProtect Curtain ist auf langfristige Autonomie mit einer beeindruckenden Batterielebensdauer von bis zu 4 Jahren ausgelegt.<\/p>\n<p>Dies reduziert die Notwendigkeit h\u00e4ufiger Batteriewechsel und bietet langfristigen Schutz ohne zus\u00e4tzliche Wartung. Die Installation ist einfach und durch Scannen des QR-Codes mit der Ajax-App k\u00f6nnen Sie den Detektor schnell zum System hinzuf\u00fcgen. Alle Einstellungen k\u00f6nnen in Echtzeit \u00fcber die App vorgenommen werden, so dass Sie den Melder problemlos an Ihre spezifischen Bed\u00fcrfnisse anpassen k\u00f6nnen.<\/p>\n<p><strong>Kompatibilit\u00e4t und Flexibilit\u00e4t<\/strong><\/p>\n<p>MotionProtect Curtain funktioniert nahtlos mit allen Ajax-Hubs, einschlie\u00dflich Hub Plus, Hub 2 und Hub 2 Plus, sowie mit ReX-Signalverst\u00e4rkern.<\/p>\n<p>Dies erm\u00f6glicht den Einsatz des Melders sowohl in kleinen als auch in gro\u00dfen Installationen und bietet Flexibilit\u00e4t, wenn es darum geht, gr\u00f6\u00dfere Fl\u00e4chen oder komplexere Objekte abzudecken.<\/p>\n<p><strong>Technische Spezifikationen:<\/strong><\/p>\n<ul>\n<li><strong>Art des Detektors:<\/strong> Drahtloser Vorhangmelder f\u00fcr den Innenbereich<\/li>\n<li><strong>Erkennungssystem:<\/strong> Duales optisches System mit zwei Sensoren<\/li>\n<li><strong>Bewegungserkennungsentfernung:<\/strong> Bis zu 30 Meter<\/li>\n<li><strong>Empfindlichkeit:<\/strong> Einstellbar zur Optimierung der Erkennung<\/li>\n<li><strong>Manipulationsschutz:<\/strong> Maskierungs- und Manipulationserkennung<\/li>\n<li><strong>Stromversorgung:<\/strong> 2 \u00d7 CR123A-Batterien (vorinstalliert)<\/li>\n<li><strong>Akkulaufzeit:<\/strong> Bis zu 4 Jahre<\/li>\n<li><strong>Kommunikationsprotokoll:<\/strong> Juwelier<\/li>\n<li><strong>Schutzklasse:<\/strong> IP40<\/li>\n<li><strong>Betriebstemperatur:<\/strong> -10\u00b0C bis +40\u00b0C<\/li>\n<li><strong>Luftfeuchtigkeit:<\/strong> Bis zu 95%<\/li>\n<li><strong>Abmessungen:<\/strong> 183 \u00d7 70 \u00d7 65 mm<\/li>\n<li><strong>Gewicht:<\/strong> 322 g<\/li>\n<li><strong>Montageh\u00f6he:<\/strong> Empfohlen 0,8\u20131,3 m<\/li>\n<\/ul>\n<p><strong>Inhalt des Pakets:<\/strong><\/p>\n<ul>\n<li>Ajax MotionProtect-Vorhang<\/li>\n<li>SmartBracket-Montageplatte<\/li>\n<li>2 \u00d7 CR123A-Batterien (vorinstalliert)<\/li>\n<li>Installationssatz<\/li>\n<li>Benutzerhandbuch<\/li>\n<\/ul>\n<p><strong>Abschluss:<\/strong><\/p>\n<p>Der Ajax MotionProtect-Vorhang ist eine perfekte L\u00f6sung, um einen wirksamen und zuverl\u00e4ssigen Innenschutz zu schaffen, ohne die Bewegungsfreiheit der Personen im Raum einzuschr\u00e4nken.<\/p>\n<p>Mit fortschrittlichen Funktionen wie dem dualen Erkennungssystem, der ELSA-Technologie und der Manipulationserkennung bietet dieser Melder hohe Sicherheit und lange Batterielebensdauer.<\/p>\n<p>Es ist einfach zu installieren und zu konfigurieren und daher eine ausgezeichnete Wahl f\u00fcr Privatanwender und Unternehmen.<\/p>","protected":false},"excerpt":{"rendered":"<p>Der Ajax MotionProtect Curtain ist ein kabelloser Vorhangmelder f\u00fcr den Innenbereich, der Ihr Zuhause oder Ihr Unternehmen vor Einbruch sch\u00fctzen soll.<\/p>\n<p>Mit zwei unabh\u00e4ngigen optischen Systemen, ELSA-Technologie und einer Batterielebensdauer von bis zu 4 Jahren bietet es zuverl\u00e4ssigen und pr\u00e4zisen Schutz, ohne die Bewegungsfreiheit der Personen in der Umgebung einzuschr\u00e4nken.<\/p>","protected":false},"featured_media":155626,"template":"","meta":{"_acf_changed":false},"product_brand":[],"product_cat":[3156,1319],"product_tag":[3127,2137,4863],"class_list":{"0":"post-69731","1":"product","2":"type-product","3":"status-publish","4":"has-post-thumbnail","6":"product_cat-rorelse-och-kamera","7":"product_cat-ajax-larm","8":"product_tag-kontrollprodukt","9":"product_tag-lager-ajax","10":"product_tag-pf","11":"product_shipping_class-postnord-varubrev","12":"pa_ajax-tradlosa-larm-detektorer","13":"pa_brands-ajax-systems","14":"pa_color-vit","15":"pa_farg-vit","16":"tm-no-options","18":"first","19":"instock","20":"sale","21":"featured","22":"taxable","23":"shipping-taxable","24":"purchasable","25":"product-type-simple"},"acf":[],"_links":{"self":[{"href":"https:\/\/secureus.se\/de\/wp-json\/wp\/v2\/product\/69731","targetHints":{"allow":["GET"]}}],"collection":[{"href":"https:\/\/secureus.se\/de\/wp-json\/wp\/v2\/product"}],"about":[{"href":"https:\/\/secureus.se\/de\/wp-json\/wp\/v2\/types\/product"}],"wp:featuredmedia":[{"embeddable":true,"href":"https:\/\/secureus.se\/de\/wp-json\/wp\/v2\/media\/155626"}],"wp:attachment":[{"href":"https:\/\/secureus.se\/de\/wp-json\/wp\/v2\/media?parent=69731"}],"wp:term":[{"taxonomy":"product_brand","embeddable":true,"href":"https:\/\/secureus.se\/de\/wp-json\/wp\/v2\/product_brand?post=69731"},{"taxonomy":"product_cat","embeddable":true,"href":"https:\/\/secureus.se\/de\/wp-json\/wp\/v2\/product_cat?post=69731"},{"taxonomy":"product_tag","embeddable":true,"href":"https:\/\/secureus.se\/de\/wp-json\/wp\/v2\/product_tag?post=69731"}],"curies":[{"name":"wp","href":"https:\/\/api.w.org\/{rel}","templated":true}]}}