{"id":69755,"date":"2022-11-28T12:05:46","date_gmt":"2022-11-28T11:05:46","guid":{"rendered":"https:\/\/secureus.se\/produkt\/kameradetektor-husdjur-12m-tradlos-svart\/"},"modified":"2026-03-09T17:39:37","modified_gmt":"2026-03-09T16:39:37","slug":"ajax-motioncam-kamera-husdjur-svart","status":"publish","type":"product","link":"https:\/\/secureus.se\/de\/ajax-motioncam-kamera-husdjur-svart\/","title":{"rendered":"Ajax MotionCam Kameradetektor Haustierfunktion Schwarz"},"content":{"rendered":"<h3><strong>Ajax MotionCam \u2013 Drahtloser Bewegungsmelder mit Kamera und Haustierimmunit\u00e4t<\/strong><\/h3>\n<p>Ajax MotionCam ist ein drahtloser Bewegungsmelder, der bei Alarm Fotos aufnimmt und so eine sofortige \u00dcberpr\u00fcfung von Ereignissen erm\u00f6glicht.<\/p>\n<p>Mit integrierter Haustierimmunit\u00e4t und fortschrittlicher Technologie zur Minimierung von Fehlalarmen ist dies die ultimative Sicherheitssysteml\u00f6sung.<\/p>\n<p>MotionCam ist nicht nur ein Detektor, sondern ein leistungsstarkes Tool zur schnellen und zuverl\u00e4ssigen Alarm\u00fcberpr\u00fcfung.<\/p>\n<p><strong>Hauptmerkmale:<\/strong><\/p>\n<ol>\n<li><strong>Schnelle Foto\u00fcberpr\u00fcfung (9 Sekunden):<\/strong> Bei Aktivierung des Bewegungsmelders nimmt MotionCam sofort Bilder auf und sendet diese an Ihr Smartphone oder die Sicherheitszentrale.<\/li>\n<li>Dadurch erhalten Sie sofort eine visuelle Best\u00e4tigung des Vorfalls, ohne auf zus\u00e4tzliche Daten warten zu m\u00fcssen.<\/li>\n<li><strong>Haustierimmunit\u00e4t:<\/strong> MotionCam verf\u00fcgt \u00fcber Haustierimmunit\u00e4t f\u00fcr Tiere bis zu 20 kg und 50 cm.<\/li>\n<li>Das bedeutet, dass Sie Ihr Sicherheitssystem einschalten k\u00f6nnen, ohne sich Sorgen \u00fcber Fehlalarme durch Ihre Haustiere machen zu m\u00fcssen.<\/li>\n<li><strong>Einstellbare Bildaufl\u00f6sung:<\/strong> Je nach Bedarf kann die Bildaufl\u00f6sung angepasst werden, um Bandbreite und Speicherplatz zu sparen.<\/li>\n<li>Bei Bedarf kann eine h\u00f6here Aufl\u00f6sung f\u00fcr detailliertere Bilder verwendet werden.<\/li>\n<li><strong>IR-Beleuchtung f\u00fcr dunkle Bedingungen:<\/strong> Mit der integrierten IR-Beleuchtung kann MotionCam auch in dunklen R\u00e4umen Bilder aufnehmen, sodass Sie sicher sein k\u00f6nnen, dass auch nachts nichts unbemerkt bleibt.<\/li>\n<li><strong>Funktion zur Temperaturkompensation:<\/strong> MotionCam passt seine Erkennungseinstellungen an die Umgebungstemperatur an und ist so sowohl in hei\u00dfen als auch in kalten Umgebungen effektiv.<\/li>\n<\/ol>\n<p><strong>Technische Spezifikationen:<\/strong><\/p>\n<ul>\n<li><strong>Erkennungsentfernung:<\/strong> Bis zu 12 Meter<\/li>\n<li><strong>Haustierimmunit\u00e4t:<\/strong> Bis 20 kg und 50 cm<\/li>\n<li><strong>Zeit der Foto\u00fcberpr\u00fcfung:<\/strong> 9 Sekunden<\/li>\n<li><strong>Akkulaufzeit:<\/strong> Je nach Nutzung bis zu 4 Jahre<\/li>\n<li><strong>Kommunikationsbereich mit Hub:<\/strong> Bis zu 1300 Meter (im freien Gel\u00e4nde)<\/li>\n<li><strong>Stromversorgung:<\/strong> 1 x CR123A-Batterie<\/li>\n<li><strong>Messen:<\/strong> 130 x 70 x 60 mm<\/li>\n<li><strong>Gewicht:<\/strong> 200 g<\/li>\n<li><strong>Schutzklasse:<\/strong> IP50<\/li>\n<li><strong>Temperaturkompensation:<\/strong> Ja<\/li>\n<li><strong>IR-Beleuchtung:<\/strong> Ja<\/li>\n<\/ul>\n<p><strong>Privatsph\u00e4re und Datenschutz:<\/strong><\/p>\n<ul>\n<li><strong>Verschl\u00fcsselung und DSGVO-Konformit\u00e4t:<\/strong> Alle Bilder und Daten werden verschl\u00fcsselt, um sicherzustellen, dass kein Unbefugter Zugriff auf sensible Informationen erh\u00e4lt.<\/li>\n<li>Nur autorisierte Benutzer k\u00f6nnen die Bilder \u00fcber die Ajax-App anzeigen. Die Daten\u00fcbertragung ist durch Blockverschl\u00fcsselung und Frequenzsprungverfahren sicher.<\/li>\n<\/ul>\n<p><strong>Drahtlose Technologie:<\/strong><\/p>\n<ul>\n<li><strong>Juwelier- und Wings-Protokoll:<\/strong> MotionCam verwendet die drahtlosen Protokolle Jeweler und Wing f\u00fcr eine schnelle und zuverl\u00e4ssige Kommunikation.<\/li>\n<li>Jeweler sorgt f\u00fcr eine sichere Alarm\u00fcbertragung, w\u00e4hrend Wings f\u00fcr eine schnelle Foto\u00fcbertragung sorgt.<\/li>\n<\/ul>\n<p><strong>Anti-Sabotage-Funktionen:<\/strong><\/p>\n<ul>\n<li>MotionCam erkennt, wenn das Ger\u00e4t manipuliert wird oder ein Kommunikationsverlust auftritt, und sendet sofort eine Warnung.<\/li>\n<li>Dadurch bleibt das Ger\u00e4t auch bei Manipulationsversuchen sicher und funktionsf\u00e4hig.<\/li>\n<\/ul>\n<p><strong>Installation und Integration:<\/strong> MotionCam l\u00e4sst sich einfach \u00fcber die Ajax-App installieren.<\/p>\n<p>Durch das Scannen des QR-Codes k\u00f6nnen Sie das Ger\u00e4t schnell zum System hinzuf\u00fcgen, ohne etwas demontieren zu m\u00fcssen.<\/p>\n<p>Der Detektor wird auf einer SmartBracket-Halterung installiert und ist in wenigen Minuten einsatzbereit.<\/p>\n<p><strong>Vorteile:<\/strong><\/p>\n<ul>\n<li><strong>Schnelle Alarm\u00fcberpr\u00fcfung:<\/strong> Erhalten Sie sofortigen Einblick in Sicherheitsereignisse.<\/li>\n<li><strong>Reduziert Fehlalarme:<\/strong> Durch die Haustierimmunit\u00e4t und die fortschrittliche Softwarefilterung k\u00f6nnen Sie sicher sein, dass das System richtig reagiert.<\/li>\n<li><strong>Erh\u00f6hte Sicherheit:<\/strong> H\u00f6here Sicherheit durch visuelle \u00dcberpr\u00fcfung von Ereignissen.<\/li>\n<li><strong>Benutzerfreundlichkeit und Installation:<\/strong> Einfache Installation und Konfiguration \u00fcber die App.<\/li>\n<li><strong>H\u00f6here Privatsph\u00e4re und Datenschutz:<\/strong> Verschl\u00fcsselung und strenge Zugriffskontrolle sch\u00fctzen Ihre Daten.<\/li>\n<\/ul>\n<p><strong>Einsatzgebiete:<\/strong><\/p>\n<ul>\n<li><strong>Heim:<\/strong> Verifizieren Sie Einbr\u00fcche und erhalten Sie eine sofortige visuelle Best\u00e4tigung auf Ihrem Smartphone-System.<\/li>\n<li><strong>Gesch\u00e4ft:<\/strong> \u00dcberwachen Sie Ihre Gesch\u00e4ftsr\u00e4ume und erhalten Sie schnell Informationen \u00fcber Sicherheitsbedrohungen.<\/li>\n<li><strong>Versicherungszwecke:<\/strong> Erhalten Sie eine Dokumentation von Sicherheitsereignissen, um Verst\u00f6\u00dfe und Sch\u00e4den nachzuweisen.<\/li>\n<\/ul>","protected":false},"excerpt":{"rendered":"<p>Ajax MotionCam ist ein kabelloser Bewegungsmelder mit integrierter Kamera, der eine schnelle Fotoverifizierung in 9 Sekunden erm\u00f6glicht.<\/p>\n<p>Es ist mit Haustierimmunit\u00e4t, einstellbarer Bildaufl\u00f6sung und IR-Beleuchtung ausgestattet, um Bilder auch bei Dunkelheit aufzunehmen.<\/p>\n<p>Eine zuverl\u00e4ssige L\u00f6sung, um Fehlalarme zu reduzieren und schnelle Einblicke in Einbr\u00fcche zu erm\u00f6glichen.<\/p>","protected":false},"featured_media":155509,"template":"","meta":{"_acf_changed":false},"product_brand":[],"product_cat":[3156,1319,3155],"product_tag":[3127,4863],"class_list":{"0":"post-69755","1":"product","2":"type-product","3":"status-publish","4":"has-post-thumbnail","6":"product_cat-rorelse-och-kamera","7":"product_cat-ajax-larm","8":"product_cat-larmenheter","9":"product_tag-kontrollprodukt","10":"product_tag-pf","11":"product_shipping_class-tunga-paket","12":"pa_ajax-tradlosa-larm-kameradetektor","13":"pa_brands-ajax-systems","14":"pa_color-svart","15":"pa_farg-svart","16":"tm-no-options","18":"first","19":"onbackorder","20":"sale","21":"featured","22":"taxable","23":"shipping-taxable","24":"purchasable","25":"product-type-simple"},"acf":[],"_links":{"self":[{"href":"https:\/\/secureus.se\/de\/wp-json\/wp\/v2\/product\/69755","targetHints":{"allow":["GET"]}}],"collection":[{"href":"https:\/\/secureus.se\/de\/wp-json\/wp\/v2\/product"}],"about":[{"href":"https:\/\/secureus.se\/de\/wp-json\/wp\/v2\/types\/product"}],"wp:featuredmedia":[{"embeddable":true,"href":"https:\/\/secureus.se\/de\/wp-json\/wp\/v2\/media\/155509"}],"wp:attachment":[{"href":"https:\/\/secureus.se\/de\/wp-json\/wp\/v2\/media?parent=69755"}],"wp:term":[{"taxonomy":"product_brand","embeddable":true,"href":"https:\/\/secureus.se\/de\/wp-json\/wp\/v2\/product_brand?post=69755"},{"taxonomy":"product_cat","embeddable":true,"href":"https:\/\/secureus.se\/de\/wp-json\/wp\/v2\/product_cat?post=69755"},{"taxonomy":"product_tag","embeddable":true,"href":"https:\/\/secureus.se\/de\/wp-json\/wp\/v2\/product_tag?post=69755"}],"curies":[{"name":"wp","href":"https:\/\/api.w.org\/{rel}","templated":true}]}}