{"id":69765,"date":"2022-11-28T12:05:45","date_gmt":"2022-11-28T11:05:45","guid":{"rendered":"https:\/\/secureus.se\/produkt\/kameradetektor-utomhus-phod-tradlos-vit-2\/"},"modified":"2026-03-09T17:39:30","modified_gmt":"2026-03-09T16:39:30","slug":"ajax-motioncam-outdoor-phod-vit","status":"publish","type":"product","link":"https:\/\/secureus.se\/de\/ajax-motioncam-outdoor-phod-vit\/","title":{"rendered":"Ajax MotionCam Outdoor (PhOD) Kameradetektor Wei\u00df"},"content":{"rendered":"<h3>Der Ajax MotionCam Outdoor (PhOD) Jeweler ist der ultimative kabellose Bewegungsmelder f\u00fcr den Au\u00dfenbereich, der f\u00fcr h\u00f6chste Sicherheit und sofortige Fotoverifizierung bei Bewegungserkennung sorgt.<\/h3>\n<p>Dieses Ger\u00e4t kombiniert High-Tech-Erkennung mit schneller Bild\u00fcbertragung und gibt Benutzern die M\u00f6glichkeit, innerhalb von Sekunden eine visuelle Best\u00e4tigung von Ereignissen direkt \u00fcber die Ajax-App zu erhalten.<\/p>\n<p>Perfekt f\u00fcr den Einsatz zu Hause, im B\u00fcro oder in Gesch\u00e4ftsr\u00e4umen, wo Schutz im Freien unerl\u00e4sslich ist.<\/p>\n<p><strong>Funktionen und Vorteile:<\/strong><\/p>\n<ul>\n<li><strong>Einstellbarer Erkennungsbereich:<\/strong> Die Ajax MotionCam Outdoor verf\u00fcgt \u00fcber einen flexiblen Erfassungsbereich von 3\u201315 Metern und ist ideal f\u00fcr alle Arten von Au\u00dfenumgebungen. Es kann an die Abdeckung gro\u00dfer Fl\u00e4chen angepasst werden und ist somit eine vielseitige L\u00f6sung sowohl f\u00fcr Privat- als auch f\u00fcr Gewerbeimmobilien.<\/li>\n<li><strong>Fotoverifizierung in Echtzeit:<\/strong> Bei Bewegungserkennung kann die Kamera innerhalb von nur 9 Sekunden bis zu f\u00fcnf Bilder aufnehmen. Dies erm\u00f6glicht eine sofortige visuelle \u00dcberpr\u00fcfung, die an Benutzer und Sicherheitsunternehmen gesendet werden kann. Dadurch ist es m\u00f6glich, die Situation schnell zu verstehen und gegebenenfalls Ma\u00dfnahmen zu ergreifen.<\/li>\n<li><strong>Integrierte IR-Beleuchtung:<\/strong> Um auch bei schlechten Lichtverh\u00e4ltnissen qualitativ hochwertige Bilder zu gew\u00e4hrleisten, ist MotionCam Outdoor mit Infrarot (IR)-Beleuchtung ausgestattet, die es erm\u00f6glicht, auch in dunklen Umgebungen klare Bilder zu erhalten.<\/li>\n<li><strong>Haustierimmunit\u00e4t:<\/strong> Eine intelligente Funktion, die daf\u00fcr sorgt, dass das Ger\u00e4t Bewegungen von kleinen Haustieren bis zu 20 kg und 50 cm H\u00f6he ignoriert und so das Risiko von Fehlalarmen durch Haustiere minimiert.<\/li>\n<li><strong>Temperaturkompensation:<\/strong> Um eine effektive Erkennung sowohl bei K\u00e4lte als auch bei Hitze zu gew\u00e4hrleisten, ist MotionCam Outdoor mit einer Temperaturkompensation ausgestattet. Dadurch beh\u00e4lt es seine Funktion unabh\u00e4ngig von den Wetterbedingungen.<\/li>\n<li><strong>Kompaktes und robustes Design:<\/strong> Mit der Schutzart IP55 ist das Ger\u00e4t sowohl vor Staub als auch vor Witterungseinfl\u00fcssen wie Regen und Feuchtigkeit gesch\u00fctzt. Dadurch ist es perfekt geeignet, den Au\u00dfenbedingungen standzuhalten, ohne die Leistung zu beeintr\u00e4chtigen.<\/li>\n<li><strong>Sicheres Datenmanagement und Datenschutz:<\/strong> Alle aufgenommenen Bilder werden gem\u00e4\u00df den DSGVO-Standards verschl\u00fcsselt und gesch\u00fctzt. Benutzer k\u00f6nnen den Zugriff auf Bilder und visuelle Daten durch eine strikte Statusverteilung in der Ajax-App verwalten.<\/li>\n<li><strong>Kommunikation und Flexibilit\u00e4t:<\/strong> MotionCam Outdoor nutzt die drahtlosen Protokolle Jeweler und Wing, um eine schnelle und zuverl\u00e4ssige \u00dcbertragung von Alarmen und Fotos zu gew\u00e4hrleisten. Mit einer Kommunikationsreichweite von bis zu 1700 Metern ist es ideal f\u00fcr gro\u00dfe Grundst\u00fccke und Fl\u00e4chen.<\/li>\n<li><strong>Sabotage- und Maskierungsschutz:<\/strong> Das Ger\u00e4t verf\u00fcgt \u00fcber integrierte Anti-Sabotage-Funktionen, die vor Manipulationen und Sabotageversuchen sch\u00fctzen. Wenn ein Kommunikationsverlust festgestellt wird oder versucht wird, das Ger\u00e4t zu entfernen, werden sofort Benachrichtigungen an den Benutzer und das Sicherheitsunternehmen gesendet.<\/li>\n<\/ul>\n<p><strong>Kompatibilit\u00e4t und einfache Installation:<\/strong> MotionCam Outdoor (PhOD) ist mit allen Ajax Hub 2, Hub 2 Plus und Hub Hybrid kompatibel. Die Installation erfolgt einfach per QR-Code und der Melder l\u00e4sst sich schnell \u00fcber die Ajax-App mit dem System verbinden. Mit dem SmartBracket l\u00e4sst es sich an mehreren Stellen installieren und ist in wenigen Minuten betriebsbereit.<\/p>\n<p><strong>Technische Spezifikationen:<\/strong><\/p>\n<ul>\n<li><strong>Betriebszeit:<\/strong> Bis zu 4 Jahre mit vorinstallierten Batterien.<\/li>\n<li><strong>Temperaturbereich:<\/strong> Von -25 \u00b0C bis +60 \u00b0C, ideal f\u00fcr den Einsatz unter rauen Wetterbedingungen.<\/li>\n<li><strong>IR-Beleuchtung:<\/strong> Ja, zum Fotografieren bei Dunkelheit.<\/li>\n<li><strong>Haustierimmunit\u00e4t:<\/strong> Bis 20 kg und 50 cm.<\/li>\n<li><strong>Batterie:<\/strong> 4 x CR123A.<\/li>\n<li><strong>Fotobest\u00e4tigung:<\/strong> Macht bis zu 5 Bilder im Alarmfall, auf Anfrage oder bei Raucherkennung.<\/li>\n<li><strong>Schutzklasse:<\/strong> IP55 (Regen- und Staubschutz).<\/li>\n<\/ul>\n<p><strong>Das Paket enth\u00e4lt:<\/strong><\/p>\n<ul>\n<li>MotionCam Outdoor (PhOD)-Detektor<\/li>\n<li>SmartBracket-Montageplatte<\/li>\n<li>Vorinstallierte CR123A-Batterien<\/li>\n<li>Installationshandbuch<\/li>\n<\/ul>\n<p>Ajax MotionCam Outdoor (PhOD) ist die optimale Wahl, um Ihre Au\u00dfen\u00fcberwachung mit schneller, zuverl\u00e4ssiger und sicherer Fotoverifizierung zu gew\u00e4hrleisten.<\/p>\n<p>Durch die Kombination von High-Tech-Bewegungserkennung und Bildverifizierung bietet dieses Ger\u00e4t umfassenden Schutz und erh\u00f6ht die Sicherheit f\u00fcr Privat- und Gesch\u00e4ftskunden.<\/p>","protected":false},"excerpt":{"rendered":"<p>Ajax MotionCam Outdoor (PhOD) ist ein kabelloser Bewegungsmelder f\u00fcr den Au\u00dfenbereich mit integrierter Kamera zur Fotoverifizierung.<\/p>\n<p>Es bietet schnelle Bewegungserkennung, klare Bild\u00fcbertragung mit IR-Beleuchtung und Unterst\u00fctzung f\u00fcr die drahtlosen Protokolle Jeweler und Wing.<\/p>\n<p>Mit langer Akkulaufzeit und integrierter Anti-Sabotage-Funktion eignet es sich perfekt zur Erh\u00f6hung der Sicherheit im Freien.<\/p>","protected":false},"featured_media":155510,"template":"","meta":{"_acf_changed":false},"product_brand":[],"product_cat":[3157,1319,3155,3156],"product_tag":[3152,3127,2137,4863],"class_list":{"0":"post-69765","1":"product","2":"type-product","3":"status-publish","4":"has-post-thumbnail","6":"product_cat-utomhussakerhet","7":"product_cat-ajax-larm","8":"product_cat-larmenheter","9":"product_cat-rorelse-och-kamera","10":"product_tag-cr123-tillbehor","11":"product_tag-kontrollprodukt","12":"product_tag-lager-ajax","13":"product_tag-pf","14":"product_shipping_class-postnord-varubrev","15":"pa_ajax-tradlosa-larm-kameradetektor","16":"pa_brands-ajax-systems","17":"pa_color-vit","18":"pa_farg-vit","19":"tm-no-options","21":"first","22":"instock","23":"sale","24":"featured","25":"taxable","26":"shipping-taxable","27":"purchasable","28":"product-type-simple"},"acf":[],"_links":{"self":[{"href":"https:\/\/secureus.se\/de\/wp-json\/wp\/v2\/product\/69765","targetHints":{"allow":["GET"]}}],"collection":[{"href":"https:\/\/secureus.se\/de\/wp-json\/wp\/v2\/product"}],"about":[{"href":"https:\/\/secureus.se\/de\/wp-json\/wp\/v2\/types\/product"}],"wp:featuredmedia":[{"embeddable":true,"href":"https:\/\/secureus.se\/de\/wp-json\/wp\/v2\/media\/155510"}],"wp:attachment":[{"href":"https:\/\/secureus.se\/de\/wp-json\/wp\/v2\/media?parent=69765"}],"wp:term":[{"taxonomy":"product_brand","embeddable":true,"href":"https:\/\/secureus.se\/de\/wp-json\/wp\/v2\/product_brand?post=69765"},{"taxonomy":"product_cat","embeddable":true,"href":"https:\/\/secureus.se\/de\/wp-json\/wp\/v2\/product_cat?post=69765"},{"taxonomy":"product_tag","embeddable":true,"href":"https:\/\/secureus.se\/de\/wp-json\/wp\/v2\/product_tag?post=69765"}],"curies":[{"name":"wp","href":"https:\/\/api.w.org\/{rel}","templated":true}]}}