{"id":69792,"date":"2022-11-28T11:21:53","date_gmt":"2022-11-28T10:21:53","guid":{"rendered":"https:\/\/secureus.se\/produkt\/ridadetektor-dubbel-utomhus-4-15m-tradlos-vit\/"},"modified":"2026-03-10T11:01:10","modified_gmt":"2026-03-10T10:01:10","slug":"ajax-dualcurtain-outdoor-vit","status":"publish","type":"product","link":"https:\/\/secureus.se\/de\/ajax-dualcurtain-outdoor-vit\/","title":{"rendered":"Ajax DualCurtain Outdoor Vorhangmelder Outdoor Wei\u00df"},"content":{"rendered":"<h3>Ajax DualCurtain Outdoor ist die optimale L\u00f6sung zum Schutz Ihrer Grundst\u00fccksgrenzen mit fortschrittlicher Technologie und Pr\u00e4zision.<\/h3>\n<p>Dieser kabellose Bewegungsmelder ist mit zwei unabh\u00e4ngigen IR-Sensoren ausgestattet, was die M\u00f6glichkeit bietet, zwei separate Erfassungszonen einzurichten.<\/p>\n<p>Diese Sensoren decken einen Bereich von bis zu 30 Metern ab und erm\u00f6glichen so die Schaffung einer wirksamen Sicherheitsbarriere f\u00fcr T\u00fcren, Fenster, Tore und andere offene Bereiche.<\/p>\n<p>Mit seiner einzigartigen ELSA-Technologie (Extended Live Signal Analysis) kann DualCurtain Outdoor Fehlalarme herausfiltern, die durch Wetterbedingungen, Tiere oder andere nat\u00fcrliche St\u00f6rungen verursacht werden.<\/p>\n<p>Wenn beide Sensoren auf derselben Seite des Melders aktiviert werden, wird sofort ein Alarm an das System gesendet, sodass Sie im Falle eines Einbruchs oder einer anderen Gefahr schnell reagieren k\u00f6nnen.<\/p>\n<p>Eines der beeindruckendsten Features ist die Einstellbarkeit des Erfassungsbereichs. Jeder Sensor l\u00e4sst sich individuell so einstellen, dass er die gew\u00fcnschten Bereiche abdeckt und \u201etote Winkel\u201c verhindert.<\/p>\n<p>Das kompakte Design und der schmale Erfassungswinkel (4,5\u00b0) erm\u00f6glichen die Installation des Detektors an strategischen Orten, ohne unn\u00f6tige Sicherheitsrisiken zu schaffen.<\/p>\n<p>DualCurtain Outdoor bietet au\u00dferdem einen beeindruckenden Sabotageschutz und verf\u00fcgt \u00fcber ein integriertes Maskierungssystem, das erkennt, wenn jemand versucht, die Sensoren zu blockieren.<\/p>\n<p>Dies macht es zusammen mit einer langen Batterielebensdauer von bis zu 4 Jahren zu einer kosteng\u00fcnstigen und zuverl\u00e4ssigen L\u00f6sung f\u00fcr langfristige Sicherheit.<\/p>\n<p><strong>Kompatibilit\u00e4t und Installation<\/strong>:<br \/>\nDualCurtain Outdoor ist mit allen Ajax Hub-Ger\u00e4ten kompatibel, einschlie\u00dflich Hub 2, Hub 2 Plus und Hub Hybrid.<\/p>\n<p>Es kann auch an einen ReX-Signalverst\u00e4rker angeschlossen werden, um einen noch gr\u00f6\u00dferen Abdeckungsbereich zu bieten, was perfekt f\u00fcr gr\u00f6\u00dfere Grundst\u00fccke ist.<\/p>\n<p>Die Installation erfolgt einfach durch Scannen eines QR-Codes \u00fcber die Ajax-App und ist somit schnell einsatzbereit.<\/p>\n<p><strong>Haustierimmunit\u00e4t und Schutz vor Fehlalarmen<\/strong>:<br \/>\nUm sicherzustellen, dass der Melder nicht durch Haustiere alarmiert, bietet DualCurtain Outdoor eine Haustierimmunit\u00e4tsfunktion.<\/p>\n<p>Wenn der Melder richtig installiert und konfiguriert ist, l\u00f6sen Haustiere bis zu einer Gr\u00f6\u00dfe von 80 cm den Alarm nicht aus.<\/p>\n<p>Dar\u00fcber hinaus verf\u00fcgt es \u00fcber ein fortschrittliches System zum Herausfiltern unerw\u00fcnschter Bewegungen, wodurch das Risiko von Fehlalarmen durch Tiere oder andere \u00e4u\u00dfere Faktoren verringert wird.<\/p>\n<p><strong>Vorteile<\/strong>:<\/p>\n<ul>\n<li>Zwei IR-Sensoren f\u00fcr genaue Erkennung<\/li>\n<li>Aufl\u00f6sung von bis zu 30 Metern Erfassungsbereich<\/li>\n<li>Hohe Empfindlichkeit und einstellbare Erkennungszonen<\/li>\n<li>Schutz vor Sabotage und Maskierung<\/li>\n<li>Lange Batterielebensdauer bis zu 4 Jahre<\/li>\n<li>Einfache Installation und Konfiguration \u00fcber die Ajax-App<\/li>\n<li>Haustierimmunit\u00e4t bis zu 80 cm f\u00fcr Haustiere<\/li>\n<\/ul>\n<p><strong>Technische Spezifikationen<\/strong>:<\/p>\n<ul>\n<li>Erfassungsbereich: Bis zu 30 Meter (aufgeteilt in zwei Zonen)<\/li>\n<li>Erfassungswinkel: 4,5\u00b0 horizontal<\/li>\n<li>Batterielebensdauer: Bis zu 4 Jahre<\/li>\n<li>Kommunikation: Juwelierprotokoll, Reichweite bis zu 1.700 Meter<\/li>\n<li>Kompatibilit\u00e4t: Hub Plus, Hub 2, Hub 2 Plus, Hub Hybrid, ReX-Signalverst\u00e4rker<\/li>\n<li>Temperaturbest\u00e4ndigkeit: -25\u00b0C bis +60\u00b0C<\/li>\n<li>Luftfeuchtigkeitsklasse: IP54<\/li>\n<li>Maskierung: Schutz vor Sabotage und Blockadeversuchen<\/li>\n<\/ul>\n<p>&nbsp;<\/p>","protected":false},"excerpt":{"rendered":"<p>Ajax DualCurtain Outdoor ist ein fortschrittlicher kabelloser Bewegungsmelder f\u00fcr den Au\u00dfenbereich.<\/p>\n<p>Es dient zum Schutz von Grundst\u00fccksgrenzen mithilfe eines bidirektionalen Erkennungssystems und fortschrittlicher Technologie, die das Risiko von Fehlalarmen minimiert.<\/p>\n<p>Mit einer Erfassungsreichweite von bis zu 30 Metern, hoher Empfindlichkeit und Schutz vor Tieren bietet dieser Melder eine zuverl\u00e4ssige Sicherheitsl\u00f6sung f\u00fcr Privathaushalte und Unternehmen.<\/p>","protected":false},"featured_media":152164,"template":"","meta":{"_acf_changed":false},"product_brand":[],"product_cat":[3157,1319],"product_tag":[3127,2137,4863],"class_list":{"0":"post-69792","1":"product","2":"type-product","3":"status-publish","4":"has-post-thumbnail","6":"product_cat-utomhussakerhet","7":"product_cat-ajax-larm","8":"product_tag-kontrollprodukt","9":"product_tag-lager-ajax","10":"product_tag-pf","11":"product_shipping_class-tunga-paket","12":"pa_ajax-tradlosa-larm-detektorer","13":"pa_brands-ajax-systems","14":"pa_color-vit","15":"pa_farg-vit","16":"tm-no-options","18":"first","19":"instock","20":"sale","21":"featured","22":"taxable","23":"shipping-taxable","24":"purchasable","25":"product-type-simple"},"acf":[],"_links":{"self":[{"href":"https:\/\/secureus.se\/de\/wp-json\/wp\/v2\/product\/69792","targetHints":{"allow":["GET"]}}],"collection":[{"href":"https:\/\/secureus.se\/de\/wp-json\/wp\/v2\/product"}],"about":[{"href":"https:\/\/secureus.se\/de\/wp-json\/wp\/v2\/types\/product"}],"wp:featuredmedia":[{"embeddable":true,"href":"https:\/\/secureus.se\/de\/wp-json\/wp\/v2\/media\/152164"}],"wp:attachment":[{"href":"https:\/\/secureus.se\/de\/wp-json\/wp\/v2\/media?parent=69792"}],"wp:term":[{"taxonomy":"product_brand","embeddable":true,"href":"https:\/\/secureus.se\/de\/wp-json\/wp\/v2\/product_brand?post=69792"},{"taxonomy":"product_cat","embeddable":true,"href":"https:\/\/secureus.se\/de\/wp-json\/wp\/v2\/product_cat?post=69792"},{"taxonomy":"product_tag","embeddable":true,"href":"https:\/\/secureus.se\/de\/wp-json\/wp\/v2\/product_tag?post=69792"}],"curies":[{"name":"wp","href":"https:\/\/api.w.org\/{rel}","templated":true}]}}