{"id":69845,"date":"2022-11-28T11:19:33","date_gmt":"2022-11-28T10:19:33","guid":{"rendered":"https:\/\/secureus.se\/produkt\/stromforsorjningskort-42-16v-psu-hub2-hub2plus-rex-2\/"},"modified":"2026-03-09T17:40:18","modified_gmt":"2026-03-09T16:40:18","slug":"ajax-stromforsorjningskort-42","status":"publish","type":"product","link":"https:\/\/secureus.se\/de\/ajax-stromforsorjningskort-42\/","title":{"rendered":"Ajax Netzteil 4,2-10 V PSU \u2013 Hub 2 \/ Hub 2Plus \/ ReX 2"},"content":{"rendered":"<p>Stromversorgungskarte, die in Hub 2 oder Hub 2 Plus installiert wird, um die Bedienfelder mit 4,2\u201310 VDC versorgen zu k\u00f6nnen.<\/p>\n<p>Kompatibilit\u00e4t: Hub 2, Hub 2 Plus und ReX 2 Repeater<\/p>\n<p>Eingangsspannung: 4,2 \u2013 10 VDC<br \/>\nStromaufnahme: 2,2 A bei 4,2 V; 0,8 A bei 10 V<br \/>\nSockel: 6,5 x 2 mm<br \/>\nDC-Stecker: 5,5 x 2,1 mm mit Schraubklemme (im Lieferumfang enthalten)<\/p>","protected":false},"excerpt":{"rendered":"<p>Das Ajax-Netzteil 4,2\u201310 V ist ein zuverl\u00e4ssiges und leistungsstarkes Netzteil, das f\u00fcr eine stabile Stromversorgung der Ger\u00e4te Ajax Hub 2, Hub 2Plus und ReX 2 entwickelt wurde.<\/p>\n<p>Perfekt als Ersatzteil oder als Ersatz f\u00fcr ein defektes Netzteil.<\/p>","protected":false},"featured_media":151889,"template":"","meta":{"_acf_changed":false},"product_brand":[],"product_cat":[3171,1319],"product_tag":[4863],"class_list":{"0":"post-69845","1":"product","2":"type-product","3":"status-publish","4":"has-post-thumbnail","6":"product_cat-psu-stromforsorjning","7":"product_cat-ajax-larm","8":"product_tag-pf","9":"product_shipping_class-tunga-paket","10":"pa_ajax-tradlosa-larm-reservdelar-stromforsorjning","11":"pa_brands-ajax-systems","12":"pa_color-svart","13":"pa_farg-svart","14":"tm-no-options","16":"first","17":"instock","18":"sale","19":"featured","20":"taxable","21":"shipping-taxable","22":"purchasable","23":"product-type-simple"},"acf":[],"_links":{"self":[{"href":"https:\/\/secureus.se\/de\/wp-json\/wp\/v2\/product\/69845","targetHints":{"allow":["GET"]}}],"collection":[{"href":"https:\/\/secureus.se\/de\/wp-json\/wp\/v2\/product"}],"about":[{"href":"https:\/\/secureus.se\/de\/wp-json\/wp\/v2\/types\/product"}],"wp:featuredmedia":[{"embeddable":true,"href":"https:\/\/secureus.se\/de\/wp-json\/wp\/v2\/media\/151889"}],"wp:attachment":[{"href":"https:\/\/secureus.se\/de\/wp-json\/wp\/v2\/media?parent=69845"}],"wp:term":[{"taxonomy":"product_brand","embeddable":true,"href":"https:\/\/secureus.se\/de\/wp-json\/wp\/v2\/product_brand?post=69845"},{"taxonomy":"product_cat","embeddable":true,"href":"https:\/\/secureus.se\/de\/wp-json\/wp\/v2\/product_cat?post=69845"},{"taxonomy":"product_tag","embeddable":true,"href":"https:\/\/secureus.se\/de\/wp-json\/wp\/v2\/product_tag?post=69845"}],"curies":[{"name":"wp","href":"https:\/\/api.w.org\/{rel}","templated":true}]}}