{"id":69869,"date":"2022-11-28T11:05:23","date_gmt":"2022-11-28T10:05:23","guid":{"rendered":"https:\/\/secureus.se\/produkt\/siren-utomhus-tradlos-vit\/"},"modified":"2026-04-02T10:43:48","modified_gmt":"2026-04-02T08:43:48","slug":"ajax-streetsiren-vit-utomhus-siren","status":"publish","type":"product","link":"https:\/\/secureus.se\/de\/ajax-streetsiren-vit-utomhus-siren\/","title":{"rendered":"Ajax StreetSiren - Drahtlose Au\u00dfensirene - Wei\u00df"},"content":{"rendered":"<h3>Die Ajax StreetSiren ist die perfekte Sicherheitsl\u00f6sung f\u00fcr den Innen- und Au\u00dfenbereich.<\/h3>\n<p>Mit einem kraftvollen Schallpegel von bis zu 113 dB und einem LED-Rahmen, der eine visuelle Alarmanzeige bietet, sorgt diese kabellose Sirene daf\u00fcr, dass der Alarm auch aus gro\u00dfer Entfernung geh\u00f6rt und gesehen wird.<\/p>\n<p>Die StreetSiren ist darauf ausgelegt, Eindringlinge abzuschrecken und bei Alarmereignissen Aufmerksamkeit zu erregen, was sie zu einer idealen L\u00f6sung f\u00fcr Wohn- und Gewerbeimmobilien macht.<\/p>\n<p>Das Ger\u00e4t ist mit mehreren Sicherheitsfunktionen ausgestattet, um Manipulationen zu verhindern. Es verf\u00fcgt \u00fcber eine Jamming-Erkennung, was bedeutet, dass es St\u00f6rungen erkennen und darauf reagieren kann.<\/p>\n<p>Dar\u00fcber hinaus verf\u00fcgt die Sirene \u00fcber einen Manipulationssensor und einen Beschleunigungsmesser, der aktiviert wird, wenn jemand versucht, das Ger\u00e4t zu entfernen oder zu bewegen. Wird die Sirene ge\u00f6ffnet oder besch\u00e4digt, wird sofort ein Sabotagealarm ausgel\u00f6st.<\/p>\n<p>Die StreetSiren verf\u00fcgt \u00fcber eine beeindruckende Batterielebensdauer von bis zu 5 Jahren mit den vorinstallierten CR123A-Batterien. Dar\u00fcber hinaus besteht die M\u00f6glichkeit, eine externe 12-V-Stromversorgung anzuschlie\u00dfen, um einen unterbrechungsfreien Sirenenbetrieb zu gew\u00e4hrleisten.<\/p>\n<p>Die Sirene verf\u00fcgt \u00fcber die Schutzklasse IP54, was bedeutet, dass sie sowohl gegen Staub als auch gegen Wasser gesch\u00fctzt ist und daher sowohl im Innen- als auch im Au\u00dfenbereich platziert werden kann.<\/p>\n<p>Die Sirene funktioniert in einem weiten Temperaturbereich von -25 \u00b0C bis +50 \u00b0C und ist robust genug, um rauen Umgebungen standzuhalten.<\/p>\n<p>Ein weiterer Vorteil der Ajax StreetSiren ist ihre Flexibilit\u00e4t. Der Schallpegel kann von 85 dB bis 113 dB eingestellt werden und die Dauer des Alarms kann zwischen 3 Sekunden und 3 Minuten eingestellt werden.<\/p>\n<p>Dadurch kann der Benutzer die Lautst\u00e4rke und Dauer der Sirene an seine eigenen Bed\u00fcrfnisse und Vorlieben anpassen. F\u00fcr zus\u00e4tzliche Sichtbarkeit und Anzeige kann eine externe LED-Leuchte an die Sirene angeschlossen werden.<\/p>\n<p>Die Installation und Konfiguration ist einfach und schnell \u00fcber die Ajax-App erledigt. Durch die Verwendung der mitgelieferten SmartBracket-Montageplatte kann die Sirene in nur wenigen Minuten montiert werden.<\/p>\n<p>Dank der drahtlosen Kommunikation \u00fcber die Jeweler-Technologie kann die Sirene problemlos angeschlossen und konfiguriert werden.<\/p>\n<p><strong>Technische Spezifikationen:<\/strong><\/p>\n<ul>\n<li><strong>Typ:<\/strong> Funksirene zur Innen- und Au\u00dfenmontage<\/li>\n<li><strong>Lautst\u00e4rke:<\/strong> Einstellbar zwischen 85 dB und 113 dB in einem Abstand von 1 Meter<\/li>\n<li><strong>Dauer des Alarms:<\/strong> Einstellbar zwischen 3 Sekunden und 3 Minuten<\/li>\n<li><strong>Stromversorgung:<\/strong> 4 \u00d7 CR123A-Batterien (vorinstalliert) oder externes 12-V-Netzteil<\/li>\n<li><strong>Akkulaufzeit:<\/strong> Bis zu 5 Jahre<\/li>\n<li><strong>Schutzklasse:<\/strong> IP54 (wasser- und staubdicht)<\/li>\n<li><strong>Kommunikationsprotokoll:<\/strong> Juwelier<\/li>\n<li><strong>Temperaturbereich:<\/strong> -25\u00b0C bis +50\u00b0C<\/li>\n<li><strong>Messen:<\/strong> 200 \u00d7 200 \u00d7 51 mm<\/li>\n<li><strong>Gewicht:<\/strong> 528 g<\/li>\n<li><strong>Einbauh\u00f6he:<\/strong> Empfohlene H\u00f6he 2,5 Meter oder h\u00f6her<\/li>\n<\/ul>","protected":false},"excerpt":{"rendered":"<p>Die Ajax StreetSiren ist eine leistungsstarke kabellose Au\u00dfensirene mit einer Lautst\u00e4rke von bis zu 113 dB und einem LED-Rahmen zur visuellen Alarmanzeige.<\/p>\n<p>Es wurde sowohl f\u00fcr Innen- als auch f\u00fcr Au\u00dfeninstallationen entwickelt und ist eine wirksame Sicherheitsl\u00f6sung zur Abschreckung von Eindringlingen und zur Ausl\u00f6sung von Alarmen.<\/p>\n<p>Die StreetSiren ist mit mehreren Sicherheitsfunktionen ausgestattet, darunter Manipulationsschutz und einer langen Batterielebensdauer von bis zu 5 Jahren.<\/p>","protected":false},"featured_media":155462,"template":"","meta":{"_acf_changed":false},"product_brand":[],"product_cat":[3163,1319],"product_tag":[3152,3127,2137,4863],"class_list":{"0":"post-69869","1":"product","2":"type-product","3":"status-publish","4":"has-post-thumbnail","6":"product_cat-sirener","7":"product_cat-ajax-larm","8":"product_tag-cr123-tillbehor","9":"product_tag-kontrollprodukt","10":"product_tag-lager-ajax","11":"product_tag-pf","12":"product_shipping_class-postnord-varubrev","13":"pa_ajax-tradlosa-larm-sirener","14":"pa_brands-ajax-systems","15":"pa_color-vit","16":"pa_farg-vit","17":"tm-no-options","19":"first","20":"instock","21":"sale","22":"featured","23":"taxable","24":"shipping-taxable","25":"purchasable","26":"product-type-simple"},"acf":[],"_links":{"self":[{"href":"https:\/\/secureus.se\/de\/wp-json\/wp\/v2\/product\/69869","targetHints":{"allow":["GET"]}}],"collection":[{"href":"https:\/\/secureus.se\/de\/wp-json\/wp\/v2\/product"}],"about":[{"href":"https:\/\/secureus.se\/de\/wp-json\/wp\/v2\/types\/product"}],"wp:featuredmedia":[{"embeddable":true,"href":"https:\/\/secureus.se\/de\/wp-json\/wp\/v2\/media\/155462"}],"wp:attachment":[{"href":"https:\/\/secureus.se\/de\/wp-json\/wp\/v2\/media?parent=69869"}],"wp:term":[{"taxonomy":"product_brand","embeddable":true,"href":"https:\/\/secureus.se\/de\/wp-json\/wp\/v2\/product_brand?post=69869"},{"taxonomy":"product_cat","embeddable":true,"href":"https:\/\/secureus.se\/de\/wp-json\/wp\/v2\/product_cat?post=69869"},{"taxonomy":"product_tag","embeddable":true,"href":"https:\/\/secureus.se\/de\/wp-json\/wp\/v2\/product_tag?post=69869"}],"curies":[{"name":"wp","href":"https:\/\/api.w.org\/{rel}","templated":true}]}}