{"id":69895,"date":"2022-11-28T11:05:22","date_gmt":"2022-11-28T10:05:22","guid":{"rendered":"https:\/\/secureus.se\/produkt\/manoverpanel-plus-desfire-tradlos-vit\/"},"modified":"2026-04-10T13:27:45","modified_gmt":"2026-04-10T11:27:45","slug":"ajax-keypad-plus-rfid-desfire-vit","status":"publish","type":"product","link":"https:\/\/secureus.se\/de\/ajax-keypad-plus-rfid-desfire-vit\/","title":{"rendered":"Ajax KeyPad Plus Bedienfeld DESFire wei\u00df \u2013 Integrierter RFID-Leser"},"content":{"rendered":"<h3>Das Ajax KeyPad Plus ist die ultimative Sicherheitsmanagementl\u00f6sung, mit der Benutzer ihr System einfach und sicher aktivieren oder deaktivieren, bestimmte Gruppen verwalten und den Nachtmodus \u00fcber kontaktlosen Zugriff aktivieren k\u00f6nnen.<\/h3>\n<p>Es ist mit der neuesten DESFire\u00ae-Technologie ausgestattet, die eine 128-Bit-Verschl\u00fcsselung verwendet, um unbefugten Zugriff zu verhindern und sicherzustellen, dass Ihre Sicherheit nicht manipuliert werden kann.<\/p>\n<p><strong>Merkmale und Funktionen:<\/strong><\/p>\n<ol>\n<li><strong>Kontaktloser Zutritt mit RFID:<\/strong><br \/>\nKeyPad Plus nutzt die RFID DESFire-Technologie zur kontaktlosen Identifizierung mit Zugangskarten oder Schl\u00fcsselanh\u00e4ngern. Diese Technologie basiert auf ISO 14443 und vereint hohe Sicherheit mit einfacher Bedienbarkeit. Durch einfaches Halten einer Karte oder eines Schl\u00fcsselanh\u00e4ngers an das Leseger\u00e4t k\u00f6nnen Benutzer ihr System schnell und einfach aktivieren oder deaktivieren, ohne einen Code eingeben zu m\u00fcssen.<\/li>\n<li><strong>Lange Akkulaufzeit und einfache Installation:<\/strong><br \/>\nMit einer Batterielebensdauer von bis zu 4,5 Jahren und einer einfachen Installation per QR-Code eignet sich das KeyPad Plus perfekt f\u00fcr den Einsatz zu Hause und im Unternehmen. Die Installation geht schnell und erfordert keine komplizierten Schritte. Es ist auch mit Ajax Hub 2, Hub 2 Plus und Hub Hybrid kompatibel.<\/li>\n<li><strong>Benutzerdefinierte Sicherheitseinstellungen:<\/strong><br \/>\nMit KeyPad Plus kann der Systemadministrator \u00fcber die Ajax-App pers\u00f6nliche Codes erstellen und bestimmten Benutzern Zugriff zuweisen. Dies erleichtert die Verwaltung der Zugriffsberechtigungen sowohl f\u00fcr permanente als auch f\u00fcr tempor\u00e4re Benutzer. Benutzer k\u00f6nnen einfach entfernt oder in ihren Berechtigungen eingeschr\u00e4nkt werden, und alle \u00c4nderungen werden im Ereignisprotokoll des Systems aufgezeichnet.<\/li>\n<li><strong>Sicherheit und Sabotage:<\/strong><br \/>\nKeyPad Plus ist mit einem integrierten Manipulations- und Maskierungsschutz ausgestattet. Wenn jemand versucht, das Ger\u00e4t zu manipulieren, wird ein Alarm ausgel\u00f6st, der sicherstellt, dass unbefugte Versuche, das Ger\u00e4t zu entfernen oder zu manipulieren, sofort erkannt werden.<\/li>\n<li><strong>Flexible Nutzung mit mehreren Benutzercodes:<\/strong><br \/>\nEs unterst\u00fctzt bis zu 200 Zugangskarten oder Schl\u00fcsselanh\u00e4nger und bis zu 99 Benutzercodes und ist somit ideal f\u00fcr kleine und gro\u00dfe Einrichtungen. F\u00fcr zus\u00e4tzliche Sicherheit kann ein Notfallcode verwendet werden, um das System stillschweigend zu deaktivieren, ohne die Identit\u00e4t des Benutzers preiszugeben.<\/li>\n<li><strong>Stiller Alarm und Zwei-Wege-Kommunikation:<\/strong><br \/>\nKeyPad Plus erm\u00f6glicht bei Bedarf die stille Alarmaktivierung, sodass der Alarm deaktiviert werden kann, ohne einen Eindringling zu alarmieren. Alle Alarme und \u00c4nderungen werden im Ereignisprotokoll des Systems aufgezeichnet und k\u00f6nnen \u00fcber die Ajax-App \u00fcberwacht werden. Die Kommunikation zwischen dem Ger\u00e4t und dem Hub erfolgt \u00fcber das sichere Jeweler-Protokoll, das daf\u00fcr sorgt, dass alle Daten\u00fcbertragungen verschl\u00fcsselt und vor Hackerangriffen gesch\u00fctzt sind.<\/li>\n<\/ol>\n<p><strong>Technische Spezifikationen:<\/strong><\/p>\n<ul>\n<li><strong>Kompatibilit\u00e4t:<\/strong> Hub 2, Hub 2 Plus, Hub Hybrid, Hub Plus<\/li>\n<li><strong>Stromversorgung:<\/strong> 4 x AA-Lithiumbatterien, bis zu 4,5 Jahre Batterielebensdauer<\/li>\n<li><strong>Temperaturbereich:<\/strong> -10\u00b0C bis +40\u00b0C<\/li>\n<li><strong>Kommunikation:<\/strong> Juwelier-Funkprotokoll, bis zu 1700 m Reichweite ohne Hindernisse<\/li>\n<li><strong>Schutz:<\/strong> Anti-Sabotage und Authentifizierung gegen unbefugte Nutzung<\/li>\n<li><strong>Messen:<\/strong> 165 \u00d7 113 \u00d7 20 mm<\/li>\n<li><strong>Gewicht:<\/strong> 267 g<\/li>\n<li><strong>Zertifizierung:<\/strong> EN 50131, CE-zertifiziert<\/li>\n<li><strong>Merkmale:<\/strong> Alarmsteuerung, Nachtmodus, Zwei-Wege-Kommunikation, Zugriffskarten- und Schl\u00fcsselanh\u00e4nger-Lesung<\/li>\n<\/ul>","protected":false},"excerpt":{"rendered":"<p>Ajax KeyPad Plus ist ein drahtloses Bedienfeld mit RFID-DESFire-Leseger\u00e4t f\u00fcr die einfache und sichere Verwaltung Ihres Alarms.<\/p>\n<p>Es bietet kontaktlosen Zugang \u00fcber Zugangskarten und Schl\u00fcsselanh\u00e4nger, mit h\u00f6chster Sicherheit dank fortschrittlicher Verschl\u00fcsselungstechnologie.<\/p>\n<p>Perfekt f\u00fcr Zuhause und Gesch\u00e4ft.<\/p>","protected":false},"featured_media":155502,"template":"","meta":{"_acf_changed":false},"product_brand":[],"product_cat":[3164,1319],"product_tag":[3127,2137,4863],"class_list":{"0":"post-69895","1":"product","2":"type-product","3":"status-publish","4":"has-post-thumbnail","6":"product_cat-larmstyrning","7":"product_cat-ajax-larm","8":"product_tag-kontrollprodukt","9":"product_tag-lager-ajax","10":"product_tag-pf","11":"pa_ajax-tradlosa-larm-knapssats-manoverpanel","12":"pa_brands-ajax-systems","13":"pa_color-vit","14":"pa_farg-vit","15":"tm-no-options","17":"first","18":"instock","19":"sale","20":"featured","21":"taxable","22":"shipping-taxable","23":"purchasable","24":"product-type-simple"},"acf":[],"_links":{"self":[{"href":"https:\/\/secureus.se\/de\/wp-json\/wp\/v2\/product\/69895","targetHints":{"allow":["GET"]}}],"collection":[{"href":"https:\/\/secureus.se\/de\/wp-json\/wp\/v2\/product"}],"about":[{"href":"https:\/\/secureus.se\/de\/wp-json\/wp\/v2\/types\/product"}],"wp:featuredmedia":[{"embeddable":true,"href":"https:\/\/secureus.se\/de\/wp-json\/wp\/v2\/media\/155502"}],"wp:attachment":[{"href":"https:\/\/secureus.se\/de\/wp-json\/wp\/v2\/media?parent=69895"}],"wp:term":[{"taxonomy":"product_brand","embeddable":true,"href":"https:\/\/secureus.se\/de\/wp-json\/wp\/v2\/product_brand?post=69895"},{"taxonomy":"product_cat","embeddable":true,"href":"https:\/\/secureus.se\/de\/wp-json\/wp\/v2\/product_cat?post=69895"},{"taxonomy":"product_tag","embeddable":true,"href":"https:\/\/secureus.se\/de\/wp-json\/wp\/v2\/product_tag?post=69895"}],"curies":[{"name":"wp","href":"https:\/\/api.w.org\/{rel}","templated":true}]}}