{"id":69902,"date":"2022-11-28T11:05:22","date_gmt":"2022-11-28T10:05:22","guid":{"rendered":"https:\/\/secureus.se\/produkt\/magnetkontakt-extern-ingang-tradlos-svart\/"},"modified":"2026-03-19T18:43:21","modified_gmt":"2026-03-19T17:43:21","slug":"ajax-doorprotect-extern-ingang-svart","status":"publish","type":"product","link":"https:\/\/secureus.se\/de\/ajax-doorprotect-extern-ingang-svart\/","title":{"rendered":"Ajax DoorProtect Magnetkontakt T\u00fcrsensor Schwarz"},"content":{"rendered":"<h3><strong>Ajax DoorProtect Magnetkontakt-T\u00fcrsensor<\/strong> ist ein hochwertiger, kabelloser \u00d6ffnungssensor zur schnellen Erkennung von Einbr\u00fcchen durch T\u00fcren und Fenster.<\/h3>\n<p>Wenn eine T\u00fcr oder ein Fenster ge\u00f6ffnet wird, sendet der Sensor sofort ein Signal an Ihr Ajax-Sicherheitssystem und l\u00f6st einen Alarm und eine sofortige Benachrichtigung des Benutzers aus.<\/p>\n<p>DoorProtect wurde speziell f\u00fcr die einfache Integration in Ihr Ajax-Sicherheitssystem entwickelt. Es eignet sich perfekt f\u00fcr die Installation an allen Arten von T\u00fcren, auch an T\u00fcren mit Metallrahmen.<\/p>\n<p>Der Melder nutzt ein Magnetfeld zur Erkennung von \u00d6ffnungen und schaltet sich beim Schlie\u00dfen der T\u00fcr ab.<\/p>\n<h3>Funktionen und Vorteile:<\/h3>\n<ul>\n<li><strong>Hohe Sicherheit mit Authentifizierung:<\/strong> DoorProtect verf\u00fcgt \u00fcber eine integrierte Authentifizierung, um unbefugten Zugriff und die F\u00e4lschung von Signalen zu verhindern, was es \u00e4u\u00dferst sicher macht.<\/li>\n<li><strong>Blockierungserkennung:<\/strong> Es ist mit einer Funktion ausgestattet, die St\u00f6rungen und blockierte Signale erkennt und so das System vor Sabotageversuchen sch\u00fctzt.<\/li>\n<li><strong>Manipulationsschutz:<\/strong> Wenn jemand versucht, den Sensor zu manipulieren oder ihn von seinem Montageort zu entfernen, wird ein Manipulationsalarm aktiviert, um den Benutzer sofort zu warnen.<\/li>\n<li><strong>Externe Kontakte:<\/strong> Ein externer Eingang erm\u00f6glicht den Anschluss von Fremdmeldern, was die Flexibilit\u00e4t des Systems erh\u00f6ht.<\/li>\n<li><strong>Lange Akkulaufzeit:<\/strong> Durch ein effizientes Batteriemanagement kann DoorProtect bis zu 7 Jahre ohne Batteriewechsel weiter betrieben werden, wodurch Wartungs- und Ausfallzeiten reduziert werden.<\/li>\n<li><strong>Einfache Installation:<\/strong> Der Sensor ist einfach zu installieren und mit der mitgelieferten SmartBracket-Montageplatte l\u00e4sst er sich schnell und einfach einrichten, ohne dass Teile des Detektors demontiert werden m\u00fcssen.<\/li>\n<li><strong>Magnetische Erkennung:<\/strong> Mithilfe hochwertiger, in Gro\u00dfbritannien hergestellter Reed-Schalter reagiert DoorProtect auf Ver\u00e4nderungen im Magnetfeld und signalisiert, wenn die T\u00fcr oder das Fenster ge\u00f6ffnet wird.<\/li>\n<li><strong>Hohe Kompatibilit\u00e4t:<\/strong> Funktioniert nahtlos mit allen Ajax-Hubs und Range Extendern und sorgt f\u00fcr eine stabile Verbindung und einen zuverl\u00e4ssigen Alarm.<\/li>\n<\/ul>\n<h3>Technische Spezifikationen:<\/h3>\n<ul>\n<li><strong>Einstufung:<\/strong> Punktmagnetischer und kontaktbehafteter Funkkanal-Sicherheitsdetektor.<\/li>\n<li><strong>Stromversorgung:<\/strong> CR123A-Batterie (3 V).<\/li>\n<li><strong>Akkulaufzeit:<\/strong> Bis zu 7 Jahre.<\/li>\n<li><strong>Kommunikationsbereich:<\/strong> Bis zu 1.900 km offenes Gel\u00e4nde.<\/li>\n<li><strong>Temperaturbereich:<\/strong> Von -10\u00b0C bis +40\u00b0C.<\/li>\n<li><strong>Luftfeuchtigkeit:<\/strong> Bis zu 75%.<\/li>\n<li><strong>Schutzklasse:<\/strong> IP50.<\/li>\n<li><strong>Messen:<\/strong> \u00d8 20 \u00d7 90 mm.<\/li>\n<li><strong>Gewicht:<\/strong> 29 g.<\/li>\n<li><strong>Garantie:<\/strong> 24 Monate ab Verkaufsdatum (Batterien unterliegen nicht der Garantie).<\/li>\n<\/ul>\n<p><strong>Das Paket beinhaltet:<\/strong><\/p>\n<ul>\n<li>DoorProtect-\u00d6ffnungssensor<\/li>\n<li>SmartBracket-Montageplatte<\/li>\n<li>Zwei Magnete (gro\u00df und klein)<\/li>\n<li>CR123A-Batterie (vorinstalliert)<\/li>\n<li>Externer Kontakt<\/li>\n<li>Installationssatz<\/li>\n<li>Benutzerhandbuch<\/li>\n<\/ul>","protected":false},"excerpt":{"rendered":"<p>Ajax DoorProtect ist ein kabelloser \u00d6ffnungssensor f\u00fcr T\u00fcren und Fenster, der bei den ersten Anzeichen eines Einbruchs sofort benachrichtigt.<\/p>\n<p>Der Sensor ist einfach zu installieren und bietet eine lange Batterielebensdauer, was ihn zu einer zuverl\u00e4ssigen Wahl f\u00fcr Privatanwender und Unternehmen macht.<\/p>\n<p>Mit einem externen Anschluss f\u00fcr Detektoren von Drittanbietern und einer erweiterten Authentifizierung sind hohe Sicherheit und Zuverl\u00e4ssigkeit gew\u00e4hrleistet.<\/p>","protected":false},"featured_media":155460,"template":"","meta":{"_acf_changed":false},"product_brand":[],"product_cat":[3160,1319,3161],"product_tag":[3152,3127,2137,4863],"class_list":{"0":"post-69902","1":"product","2":"type-product","3":"status-publish","4":"has-post-thumbnail","6":"product_cat-skalskydd","7":"product_cat-ajax-larm","8":"product_cat-dorrbrytare","9":"product_tag-cr123-tillbehor","10":"product_tag-kontrollprodukt","11":"product_tag-lager-ajax","12":"product_tag-pf","13":"product_shipping_class-postnord-varubrev","14":"pa_ajax-tradlosa-larm-magnetkontakter","15":"pa_brands-ajax-systems","16":"pa_color-svart","17":"pa_farg-svart","18":"tm-no-options","20":"first","21":"instock","22":"sale","23":"featured","24":"taxable","25":"shipping-taxable","26":"purchasable","27":"product-type-simple"},"acf":[],"_links":{"self":[{"href":"https:\/\/secureus.se\/de\/wp-json\/wp\/v2\/product\/69902","targetHints":{"allow":["GET"]}}],"collection":[{"href":"https:\/\/secureus.se\/de\/wp-json\/wp\/v2\/product"}],"about":[{"href":"https:\/\/secureus.se\/de\/wp-json\/wp\/v2\/types\/product"}],"wp:featuredmedia":[{"embeddable":true,"href":"https:\/\/secureus.se\/de\/wp-json\/wp\/v2\/media\/155460"}],"wp:attachment":[{"href":"https:\/\/secureus.se\/de\/wp-json\/wp\/v2\/media?parent=69902"}],"wp:term":[{"taxonomy":"product_brand","embeddable":true,"href":"https:\/\/secureus.se\/de\/wp-json\/wp\/v2\/product_brand?post=69902"},{"taxonomy":"product_cat","embeddable":true,"href":"https:\/\/secureus.se\/de\/wp-json\/wp\/v2\/product_cat?post=69902"},{"taxonomy":"product_tag","embeddable":true,"href":"https:\/\/secureus.se\/de\/wp-json\/wp\/v2\/product_tag?post=69902"}],"curies":[{"name":"wp","href":"https:\/\/api.w.org\/{rel}","templated":true}]}}