{"id":70933,"date":"2023-01-04T16:26:06","date_gmt":"2023-01-04T15:26:06","guid":{"rendered":"https:\/\/secureus.se\/produkt\/oppnaknapp-touch-exklusive-svart-abs-plast\/"},"modified":"2026-02-13T11:54:31","modified_gmt":"2026-02-13T10:54:31","slug":"oppnaknapp-touch-exklusive-svart-abs-plast","status":"publish","type":"product","link":"https:\/\/secureus.se\/de\/oppnaknapp-touch-exklusive-svart-abs-plast\/","title":{"rendered":"Touch-Taste zum \u00d6ffnen, schwarz \u2013 ber\u00fchrungsempfindlich, 12\u201324 V, IP65"},"content":{"rendered":"<p data-start=\"796\" data-end=\"1100\"><strong data-start=\"796\" data-end=\"834\">\u00d6ffnen-Taste Touch Schwarz \u2013<\/strong>\u00a0ist ein ber\u00fchrungsempfindlicher, elektronischer \u00d6ffnungsknopf, der f\u00fcr professionelle Zutrittskontroll- und T\u00fcrumgebungen entwickelt wurde.<br data-start=\"943\" data-end=\"946\" \/>Der Knopf wird durch leichten Fingerdruck aktiviert und funktioniert sowohl <strong data-start=\"1007\" data-end=\"1021\">unabh\u00e4ngig<\/strong> Und <strong data-start=\"1026\" data-end=\"1057\">mit einem Controller verbunden<\/strong> um den Zugang von gesicherten Bereichen zu erm\u00f6glichen.<\/p>\n<p data-start=\"1102\" data-end=\"1362\">Dank seiner <strong data-start=\"1116\" data-end=\"1154\">Kompaktes Design und Schutzart IP65<\/strong> Es eignet sich ideal sowohl f\u00fcr den Innen- als auch f\u00fcr den Au\u00dfenbereich.<br data-start=\"1205\" data-end=\"1208\" \/>Das Modell wird hergestellt in <strong data-start=\"1233\" data-end=\"1256\">Schlagfester ABS-Kunststoff<\/strong>, mit <strong data-start=\"1262\" data-end=\"1285\">geformte Elektronik<\/strong> Und <strong data-start=\"1290\" data-end=\"1308\">Harzf\u00fcllung<\/strong> f\u00fcr zus\u00e4tzlichen Schutz vor Feuchtigkeit, Staub und Spannungsspitzen.<\/p>\n<p data-start=\"1364\" data-end=\"1594\"><strong data-start=\"1364\" data-end=\"1384\">Die LED-Anzeige<\/strong> Schaltet zwischen Rot (Standby) und Gr\u00fcn (aktiviert) und einem <strong data-start=\"1443\" data-end=\"1465\">eingebauter Summer<\/strong> liefert nach der Aktivierung ein klares Feedback.<br data-start=\"1501\" data-end=\"1504\" \/>MTTBK kann verwendet werden in <strong data-start=\"1525\" data-end=\"1550\">Impuls- oder Verriegelungsmodus<\/strong>Die Einstellungen erfolgen \u00fcber DIP-Schalter auf der R\u00fcckseite.<\/p>\n<hr data-start=\"1596\" data-end=\"1599\" \/>\n<h3 data-start=\"1601\" data-end=\"1636\"><strong data-start=\"1608\" data-end=\"1636\">Technische Spezifikationen<\/strong><\/h3>\n<div class=\"_tableContainer_1rjym_1\">\n<div class=\"group _tableWrapper_1rjym_13 flex w-fit flex-col-reverse\">\n<table class=\"w-fit min-w-(--thread-content-width)\" data-start=\"1637\" data-end=\"2236\">\n<thead data-start=\"1637\" data-end=\"1657\">\n<tr data-start=\"1637\" data-end=\"1657\">\n<th data-start=\"1637\" data-end=\"1648\" data-col-size=\"sm\">Eigentum<\/th>\n<th data-start=\"1648\" data-end=\"1657\" data-col-size=\"md\">Wert<\/th>\n<\/tr>\n<\/thead>\n<tbody data-start=\"1681\" data-end=\"2236\">\n<tr data-start=\"1681\" data-end=\"1703\">\n<td data-start=\"1681\" data-end=\"1690\" data-col-size=\"sm\">Modell<\/td>\n<td data-start=\"1690\" data-end=\"1703\" data-col-size=\"md\">XPR MTTBK<\/td>\n<\/tr>\n<tr data-start=\"1704\" data-end=\"1728\">\n<td data-start=\"1704\" data-end=\"1715\" data-col-size=\"sm\">Material<\/td>\n<td data-col-size=\"md\" data-start=\"1715\" data-end=\"1728\">ABS-Kunststoff<\/td>\n<\/tr>\n<tr data-start=\"1729\" data-end=\"1745\">\n<td data-start=\"1729\" data-end=\"1736\" data-col-size=\"sm\">Malen<\/td>\n<td data-col-size=\"md\" data-start=\"1736\" data-end=\"1745\">Schwarz<\/td>\n<\/tr>\n<tr data-start=\"1746\" data-end=\"1784\">\n<td data-start=\"1746\" data-end=\"1757\" data-col-size=\"sm\">Stromspannung<\/td>\n<td data-start=\"1757\" data-end=\"1784\" data-col-size=\"md\">12\u201324 V Gleichstrom \/ 15\u201324 V Wechselstrom<\/td>\n<\/tr>\n<tr data-start=\"1785\" data-end=\"1818\">\n<td data-start=\"1785\" data-end=\"1804\" data-col-size=\"sm\">Stromverbrauch<\/td>\n<td data-col-size=\"md\" data-start=\"1804\" data-end=\"1818\">max. 65 mA<\/td>\n<\/tr>\n<tr data-start=\"1819\" data-end=\"1877\">\n<td data-start=\"1819\" data-end=\"1832\" data-col-size=\"sm\">Relaisausgang<\/td>\n<td data-col-size=\"md\" data-start=\"1832\" data-end=\"1877\">NO \/ NC \/ C (2A bei 24V DC oder 120V AC)<\/td>\n<\/tr>\n<tr data-start=\"1878\" data-end=\"1934\">\n<td data-start=\"1878\" data-end=\"1891\" data-col-size=\"sm\">Anzeige<\/td>\n<td data-col-size=\"md\" data-start=\"1891\" data-end=\"1934\">LED \u2013 Rot (Schlafmodus) \/ Gr\u00fcn (aktiviert)<\/td>\n<\/tr>\n<tr data-start=\"1935\" data-end=\"1975\">\n<td data-start=\"1935\" data-end=\"1948\" data-col-size=\"sm\">Tonsignal<\/td>\n<td data-col-size=\"md\" data-start=\"1948\" data-end=\"1975\">Ja, Summer ert\u00f6nt bei Ber\u00fchrung.<\/td>\n<\/tr>\n<tr data-start=\"1976\" data-end=\"2038\">\n<td data-start=\"1976\" data-end=\"1987\" data-col-size=\"sm\">Funktion<\/td>\n<td data-col-size=\"md\" data-start=\"1987\" data-end=\"2038\">Impuls- oder Verriegelungsmodus (3, 5, 10 s) \u00fcber DIP-Schalter<\/td>\n<\/tr>\n<tr data-start=\"2039\" data-end=\"2061\">\n<td data-start=\"2039\" data-end=\"2053\" data-col-size=\"sm\">Schutzklasse<\/td>\n<td data-col-size=\"md\" data-start=\"2053\" data-end=\"2061\">IP65<\/td>\n<\/tr>\n<tr data-start=\"2062\" data-end=\"2088\">\n<td data-start=\"2062\" data-end=\"2069\" data-col-size=\"sm\">Messen<\/td>\n<td data-col-size=\"md\" data-start=\"2069\" data-end=\"2088\">92 \u00d7 51 \u00d7 27 mm<\/td>\n<\/tr>\n<tr data-start=\"2089\" data-end=\"2105\">\n<td data-start=\"2089\" data-end=\"2096\" data-col-size=\"sm\">Gewicht<\/td>\n<td data-col-size=\"md\" data-start=\"2096\" data-end=\"2105\">130 g<\/td>\n<\/tr>\n<tr data-start=\"2106\" data-end=\"2147\">\n<td data-start=\"2106\" data-end=\"2125\" data-col-size=\"sm\">Betriebstemperatur<\/td>\n<td data-col-size=\"md\" data-start=\"2125\" data-end=\"2147\">\u201320 \u00b0C bis +50 \u00b0C<\/td>\n<\/tr>\n<tr data-start=\"2148\" data-end=\"2202\">\n<td data-start=\"2148\" data-end=\"2164\" data-col-size=\"sm\">Luftfeuchtigkeit<\/td>\n<td data-col-size=\"md\" data-start=\"2164\" data-end=\"2202\">Bis zu 95 % (nicht kondensierend)<\/td>\n<\/tr>\n<tr data-start=\"2203\" data-end=\"2236\">\n<td data-start=\"2203\" data-end=\"2216\" data-col-size=\"sm\">Zertifikat<\/td>\n<td data-col-size=\"md\" data-start=\"2216\" data-end=\"2236\">CE, RoHS2, RoHS3<\/td>\n<\/tr>\n<\/tbody>\n<\/table>\n<\/div>\n<\/div>\n<hr data-start=\"2238\" data-end=\"2241\" \/>\n<h3 data-start=\"2243\" data-end=\"2262\"><strong data-start=\"2250\" data-end=\"2262\">Vorteile<\/strong><\/h3>\n<ul data-start=\"2263\" data-end=\"2601\">\n<li data-start=\"2263\" data-end=\"2331\">\n<p data-start=\"2265\" data-end=\"2331\">Vollst\u00e4ndig elektronisch, <strong data-start=\"2283\" data-end=\"2305\">keine beweglichen Teile<\/strong> \u2192 sehr lange Lebensdauer<\/p>\n<\/li>\n<li data-start=\"2332\" data-end=\"2382\">\n<p data-start=\"2334\" data-end=\"2382\"><strong data-start=\"2334\" data-end=\"2350\">Schutzart IP65<\/strong> und vor Feuchtigkeit und Staub gesch\u00fctzt<\/p>\n<\/li>\n<li data-start=\"2383\" data-end=\"2425\">\n<p data-start=\"2385\" data-end=\"2425\">Kann an der Wand montiert werden (ohne Einbau).<\/p>\n<\/li>\n<li data-start=\"2426\" data-end=\"2480\">\n<p data-start=\"2428\" data-end=\"2480\">Visuelle LED-R\u00fcckmeldung (rot\/gr\u00fcn) und akustische Anzeige<\/p>\n<\/li>\n<li data-start=\"2481\" data-end=\"2537\">\n<p data-start=\"2483\" data-end=\"2537\">Geeignet f\u00fcr <strong data-start=\"2495\" data-end=\"2535\">sowohl neue als auch bestehende Zutrittskontrollsysteme<\/strong><\/p>\n<\/li>\n<li data-start=\"2538\" data-end=\"2601\">\n<p data-start=\"2540\" data-end=\"2601\">Elegantes schwarzes Design mit Pfeilsymbol f\u00fcr moderne Installation<\/p>\n<\/li>\n<\/ul>\n<hr data-start=\"2603\" data-end=\"2606\" \/>\n<h3 data-start=\"2608\" data-end=\"2637\"><strong data-start=\"2615\" data-end=\"2637\">Einsatzgebiete<\/strong><\/h3>\n<ul data-start=\"2638\" data-end=\"2796\">\n<li data-start=\"2638\" data-end=\"2677\">\n<p data-start=\"2640\" data-end=\"2677\">T\u00fcrsteuerung in Zutrittskontrollsystemen<\/p>\n<\/li>\n<li data-start=\"2678\" data-end=\"2709\">\n<p data-start=\"2680\" data-end=\"2709\">Eing\u00e4nge, Tore und T\u00fcren<\/p>\n<\/li>\n<li data-start=\"2710\" data-end=\"2752\">\n<p data-start=\"2712\" data-end=\"2752\">Krankenh\u00e4user, B\u00fcros, Schulen und Industrieanlagen<\/p>\n<\/li>\n<li data-start=\"2753\" data-end=\"2796\">\n<p data-start=\"2755\" data-end=\"2796\">Aufzugsbedienfelder und industrielle Steuerungssysteme<\/p>\n<\/li>\n<\/ul>","protected":false},"excerpt":{"rendered":"<p>Ber\u00fchrungsempfindlicher \u00d6ffnungsknopf aus schwarzem ABS-Kunststoff f\u00fcr Zutrittskontrolle und T\u00fcrsteuerung.<br data-start=\"564\" data-end=\"567\" \/>Schutzart IP65 und vandalensicheres Design.<br data-start=\"607\" data-end=\"610\" \/>Wird durch leichte Ber\u00fchrung aktiviert und bietet eine visuelle Anzeige (rote\/gr\u00fcne LED).<br data-start=\"680\" data-end=\"683\" \/>Betrieben mit 12\u201324 V DC\/AC, passend f\u00fcr alle Standardsteuerungen (NO\/NC-Relais).<\/p>","protected":false},"featured_media":159134,"template":"","meta":{"_acf_changed":false},"product_brand":[],"product_cat":[4867],"product_tag":[3068,2958],"class_list":{"0":"post-70933","1":"product","2":"type-product","3":"status-publish","4":"has-post-thumbnail","6":"product_cat-oppnaknappar-kategorier","7":"product_tag-oppnaknapp-beroringsfria","8":"product_tag-stonehouse-produkt","9":"product_shipping_class-postnord-varubrev","10":"pa_brands-stonehouse-security","11":"tm-no-options","13":"first","14":"instock","15":"sale","16":"featured","17":"taxable","18":"shipping-taxable","19":"purchasable","20":"product-type-simple"},"acf":[],"_links":{"self":[{"href":"https:\/\/secureus.se\/de\/wp-json\/wp\/v2\/product\/70933","targetHints":{"allow":["GET"]}}],"collection":[{"href":"https:\/\/secureus.se\/de\/wp-json\/wp\/v2\/product"}],"about":[{"href":"https:\/\/secureus.se\/de\/wp-json\/wp\/v2\/types\/product"}],"wp:featuredmedia":[{"embeddable":true,"href":"https:\/\/secureus.se\/de\/wp-json\/wp\/v2\/media\/159134"}],"wp:attachment":[{"href":"https:\/\/secureus.se\/de\/wp-json\/wp\/v2\/media?parent=70933"}],"wp:term":[{"taxonomy":"product_brand","embeddable":true,"href":"https:\/\/secureus.se\/de\/wp-json\/wp\/v2\/product_brand?post=70933"},{"taxonomy":"product_cat","embeddable":true,"href":"https:\/\/secureus.se\/de\/wp-json\/wp\/v2\/product_cat?post=70933"},{"taxonomy":"product_tag","embeddable":true,"href":"https:\/\/secureus.se\/de\/wp-json\/wp\/v2\/product_tag?post=70933"}],"curies":[{"name":"wp","href":"https:\/\/api.w.org\/{rel}","templated":true}]}}