{"id":71571,"date":"2023-01-17T10:58:23","date_gmt":"2023-01-17T09:58:23","guid":{"rendered":"https:\/\/secureus.se\/produkt\/korthallare-transparent-staende-portratt-saljs-i-100-pack\/"},"modified":"2026-02-19T14:39:13","modified_gmt":"2026-02-19T13:39:13","slug":"korthallare-transparent-staende-portratt-saljs-i-100-pack","status":"publish","type":"product","link":"https:\/\/secureus.se\/de\/korthallare-transparent-staende-portratt-saljs-i-100-pack\/","title":{"rendered":"Transparente Schutzh\u00fclle f\u00fcr ID-Karten - Hochformat (verkauft in 100 Packungen)"},"content":{"rendered":"<p>Der transparente, befestigte Ausweishalter eignet sich perfekt f\u00fcr die sichere Pr\u00e4sentation der Karten Ihrer Kunden. Sie verf\u00fcgt \u00fcber einen Verschlussclip, der ein Verrutschen der Karte verhindert, und eine Daumen\u00f6ffnung zum einfachen Herausnehmen bei Bedarf.<\/p>\n<p>Verkauft in Packungen mit 100 St\u00fcck<\/p>\n<p>Erh\u00e4ltlich im Quer- und Hochformat<\/p>\n<p>Kann mit ID-Clip, Metallperlenkette, Riemen oder Ausweisrolle verwendet werden<\/p>\n<p>Transparenter Halter<\/p>\n<p>Hochformat: Einsatzgr\u00f6\u00dfe: 54 mm (B) x 86 mm (H) \/ Au\u00dfengr\u00f6\u00dfe: 62 mm (B) x 90 mm (H).<\/p>\n<p>Produktgewicht: 1,80 kg<\/p>","protected":false},"excerpt":{"rendered":"<p>Der transparente, befestigte Ausweishalter eignet sich perfekt f\u00fcr die sichere Pr\u00e4sentation der Karten Ihrer Kunden. Es verf\u00fcgt \u00fcber einen Verschlussclip, der ein Verrutschen der Karte verhindert, und eine Daumen\u00f6ffnung zum einfachen Herausnehmen<\/p>","protected":false},"featured_media":141046,"template":"","meta":{"_acf_changed":false},"product_brand":[],"product_cat":[4888],"product_tag":[2850,3069],"class_list":{"0":"post-71571","1":"product","2":"type-product","3":"status-publish","4":"has-post-thumbnail","6":"product_cat-enkelsidig-staende-korthallare","7":"product_tag-korthallare-med-clips-staende","8":"product_tag-trade-produkt","9":"product_shipping_class-postnord-varubrev","10":"pa_farg-transparent","11":"tm-no-options","13":"first","14":"instock","15":"taxable","16":"shipping-taxable","17":"purchasable","18":"product-type-simple"},"acf":[],"_links":{"self":[{"href":"https:\/\/secureus.se\/de\/wp-json\/wp\/v2\/product\/71571","targetHints":{"allow":["GET"]}}],"collection":[{"href":"https:\/\/secureus.se\/de\/wp-json\/wp\/v2\/product"}],"about":[{"href":"https:\/\/secureus.se\/de\/wp-json\/wp\/v2\/types\/product"}],"wp:featuredmedia":[{"embeddable":true,"href":"https:\/\/secureus.se\/de\/wp-json\/wp\/v2\/media\/141046"}],"wp:attachment":[{"href":"https:\/\/secureus.se\/de\/wp-json\/wp\/v2\/media?parent=71571"}],"wp:term":[{"taxonomy":"product_brand","embeddable":true,"href":"https:\/\/secureus.se\/de\/wp-json\/wp\/v2\/product_brand?post=71571"},{"taxonomy":"product_cat","embeddable":true,"href":"https:\/\/secureus.se\/de\/wp-json\/wp\/v2\/product_cat?post=71571"},{"taxonomy":"product_tag","embeddable":true,"href":"https:\/\/secureus.se\/de\/wp-json\/wp\/v2\/product_tag?post=71571"}],"curies":[{"name":"wp","href":"https:\/\/api.w.org\/{rel}","templated":true}]}}