{"id":71715,"date":"2023-01-19T16:57:00","date_gmt":"2023-01-19T15:57:00","guid":{"rendered":"https:\/\/secureus.se\/produkt\/metalkrokodil-id-kortklamma-med-stift-och-sjalvhaftande\/"},"modified":"2026-04-23T12:40:51","modified_gmt":"2026-04-23T10:40:51","slug":"metalkrokodil-id-kortklamma-med-stift-och-sjalvhaftande","status":"publish","type":"product","link":"https:\/\/secureus.se\/de\/metalkrokodil-id-kortklamma-med-stift-och-sjalvhaftande\/","title":{"rendered":"Krokodil-Ausweisklammer aus Metall mit Stift und selbstklebend"},"content":{"rendered":"<p>Der Metall-Krokodil-Ausweisclip mit Stift kann sicher an der Kleidung des Endbenutzers befestigt werden.<\/p>\n<p>Au\u00dferdem verf\u00fcgt es \u00fcber ein Klebepad zur sicheren Befestigung von Ausweisen, Namensschildern, Besucherkarten etc.<\/p>\n<p>Verkauft in Packungen mit 100 St\u00fcck<\/p>\n<p>Mit 23 mm x 13 mm selbstklebendem Pad<\/p>\n<p>Kann mit einer Krokodilklemme oder einer Sicherheitsnadel getragen werden<\/p>","protected":false},"excerpt":{"rendered":"<p>Der Metall-Krokodil-Ausweisclip mit Stift kann sicher an der Kleidung des Endbenutzers befestigt werden. Es verf\u00fcgt au\u00dferdem \u00fcber ein Klebepad zur sicheren Befestigung von Ausweisen, Namensschildern, Besucherkarten usw. Wird in Packungen zu je 1 St\u00fcck verkauft<\/p>","protected":false},"featured_media":140695,"template":"","meta":{"_acf_changed":false},"product_brand":[],"product_cat":[1692],"product_tag":[3069],"class_list":{"0":"post-71715","1":"product","2":"type-product","3":"status-publish","4":"has-post-thumbnail","6":"product_cat-kortklamma-montering","7":"product_tag-trade-produkt","8":"product_shipping_class-postnord-varubrev","9":"tm-no-options","11":"first","12":"instock","13":"sale","14":"taxable","15":"shipping-taxable","16":"purchasable","17":"product-type-simple"},"acf":[],"_links":{"self":[{"href":"https:\/\/secureus.se\/de\/wp-json\/wp\/v2\/product\/71715","targetHints":{"allow":["GET"]}}],"collection":[{"href":"https:\/\/secureus.se\/de\/wp-json\/wp\/v2\/product"}],"about":[{"href":"https:\/\/secureus.se\/de\/wp-json\/wp\/v2\/types\/product"}],"wp:featuredmedia":[{"embeddable":true,"href":"https:\/\/secureus.se\/de\/wp-json\/wp\/v2\/media\/140695"}],"wp:attachment":[{"href":"https:\/\/secureus.se\/de\/wp-json\/wp\/v2\/media?parent=71715"}],"wp:term":[{"taxonomy":"product_brand","embeddable":true,"href":"https:\/\/secureus.se\/de\/wp-json\/wp\/v2\/product_brand?post=71715"},{"taxonomy":"product_cat","embeddable":true,"href":"https:\/\/secureus.se\/de\/wp-json\/wp\/v2\/product_cat?post=71715"},{"taxonomy":"product_tag","embeddable":true,"href":"https:\/\/secureus.se\/de\/wp-json\/wp\/v2\/product_tag?post=71715"}],"curies":[{"name":"wp","href":"https:\/\/api.w.org\/{rel}","templated":true}]}}