{"id":71717,"date":"2023-01-19T16:06:26","date_gmt":"2023-01-19T15:06:26","guid":{"rendered":"https:\/\/secureus.se\/produkt\/sjalvhaftande-krokodilklammor-i-plast-10-pack\/"},"modified":"2026-04-08T16:14:34","modified_gmt":"2026-04-08T14:14:34","slug":"sjalvhaftande-krokodilklammor-i-plast-10-pack","status":"publish","type":"product","link":"https:\/\/secureus.se\/de\/sjalvhaftande-krokodilklammor-i-plast-10-pack\/","title":{"rendered":"Selbstklebende Krokodilklemmen aus Kunststoff (10er-Pack)"},"content":{"rendered":"<p>Diese selbstklebenden Krokodilklemmen aus Kunststoff sind eine hervorragende L\u00f6sung f\u00fcr die direkte Befestigung von Plastikkarten.<\/p>\n<p>Die Krokodilklemme l\u00e4sst sich sicher an allen Arten von Materialien befestigen und erm\u00f6glicht so eine einfache Befestigung an der Kleidung des Benutzers.<\/p>\n<p>Die selbstklebenden Pads lassen sich leicht an Karten anbringen und stellen eine kosteng\u00fcnstige Alternative zur Pr\u00e4sentation von Plastikkarten dar.<\/p>\n<p>Verkauft in Packungen mit 100 St\u00fcck<\/p>\n<p>23 x 14 mm gro\u00dfes selbstklebendes Pad<\/p>","protected":false},"excerpt":{"rendered":"<p>Diese selbstklebenden Krokodilklemmen aus Kunststoff sind eine hervorragende L\u00f6sung f\u00fcr die direkte Befestigung von Plastikkarten. Die Krokodilklemme l\u00e4sst sich sicher an allen Arten von Materialien befestigen und erleichtert so die Befestigung am K\u00f6rper des Benutzers<\/p>","protected":false},"featured_media":140715,"template":"","meta":{"_acf_changed":false},"product_brand":[],"product_cat":[1692],"product_tag":[3069],"class_list":{"0":"post-71717","1":"product","2":"type-product","3":"status-publish","4":"has-post-thumbnail","6":"product_cat-kortklamma-montering","7":"product_tag-trade-produkt","8":"product_shipping_class-postnord-varubrev","9":"tm-no-options","11":"first","12":"instock","13":"sale","14":"taxable","15":"shipping-taxable","16":"purchasable","17":"product-type-simple"},"acf":[],"_links":{"self":[{"href":"https:\/\/secureus.se\/de\/wp-json\/wp\/v2\/product\/71717","targetHints":{"allow":["GET"]}}],"collection":[{"href":"https:\/\/secureus.se\/de\/wp-json\/wp\/v2\/product"}],"about":[{"href":"https:\/\/secureus.se\/de\/wp-json\/wp\/v2\/types\/product"}],"wp:featuredmedia":[{"embeddable":true,"href":"https:\/\/secureus.se\/de\/wp-json\/wp\/v2\/media\/140715"}],"wp:attachment":[{"href":"https:\/\/secureus.se\/de\/wp-json\/wp\/v2\/media?parent=71717"}],"wp:term":[{"taxonomy":"product_brand","embeddable":true,"href":"https:\/\/secureus.se\/de\/wp-json\/wp\/v2\/product_brand?post=71717"},{"taxonomy":"product_cat","embeddable":true,"href":"https:\/\/secureus.se\/de\/wp-json\/wp\/v2\/product_cat?post=71717"},{"taxonomy":"product_tag","embeddable":true,"href":"https:\/\/secureus.se\/de\/wp-json\/wp\/v2\/product_tag?post=71717"}],"curies":[{"name":"wp","href":"https:\/\/api.w.org\/{rel}","templated":true}]}}