{"id":72373,"date":"2023-01-23T09:55:52","date_gmt":"2023-01-23T08:55:52","guid":{"rendered":"https:\/\/secureus.se\/produkt\/dsc-neo-power-g-wireless-vattendetektor-pg8985-2\/"},"modified":"2025-12-31T20:38:09","modified_gmt":"2025-12-31T19:38:09","slug":"flood-detector-pg8985","status":"publish","type":"product","link":"https:\/\/secureus.se\/de\/flood-detector-pg8985\/","title":{"rendered":"Drahtloser DSC-\u00dcberschwemmungsmelder PG8985"},"content":{"rendered":"<p><strong>DSC-\u00dcberschwemmungsdetektor PG8985<\/strong> ist ein fortschrittlicher kabelloser Wassermelder, der H\u00e4user und Gewerbeimmobilien vor Wasserlecks sch\u00fctzt.<\/p>\n<p>Mithilfe der PowerG-Technologie erm\u00f6glicht es die Kommunikation \u00fcber Entfernungen von bis zu 2 km im Freien und gew\u00e4hrleistet so eine zuverl\u00e4ssige \u00dcberwachung auch gro\u00dfer Gebiete.<\/p>\n<p>Der Detektor verf\u00fcgt \u00fcber eine 1,8 Meter lange Sonde, die auf Bodenh\u00f6he platziert werden kann, um Wasser fr\u00fchzeitig zu erkennen.<\/p>\n<p>Wenn die Sonde nicht angeschlossen ist, wird eine Warnung ausgegeben, und die sichtbare Signalanzeige erleichtert die Auswahl des optimalen Installationsorts, ohne zur Tastatur zur\u00fcckkehren zu m\u00fcssen.<\/p>\n<p>Der PG8985 ist au\u00dferdem mit einer Batteriestandsanzeige ausgestattet und verf\u00fcgt bei normalem Gebrauch \u00fcber eine Batterielebensdauer von bis zu 8 Jahren, was f\u00fcr langfristige Zuverl\u00e4ssigkeit sorgt.<\/p>\n<p>Der Detektor ist mit PowerSeries Neo-, PowerSeries Pro- und Qolsys-Panels kompatibel und stellt somit eine flexible L\u00f6sung f\u00fcr private und gewerbliche Anwendungen dar.<\/p>\n<p>Mit seiner schnellen Installation und seiner hohen Immunit\u00e4t gegen Fehlalarme bietet der PG8985 Sicherheit und Sicherheit vor Wassersch\u00e4den.<\/p>","protected":false},"excerpt":{"rendered":"<p>Der DSC-Flutmelder PG8985 ist ein kabelloser Wassermelder, der Wasserlecks effektiv erkennt.<\/p>\n<p>Es ist ideal f\u00fcr den Einbau in Kellern, Booten und Ferienh\u00e4usern.<\/p>\n<p>Mit einer 1,8 Meter langen Sonde warnt es fr\u00fchzeitig bei Leckagen und hat eine Batterielebensdauer von bis zu 8 Jahren.<\/p>\n<p>Der PG8985 ist mit PowerSeries Neo-, PowerSeries Pro- und Qolsys-Panels kompatibel.<\/p>","protected":false},"featured_media":141120,"template":"","meta":{"_acf_changed":false},"product_brand":[],"product_cat":[1322,3324],"product_tag":[3152,3311],"class_list":{"0":"post-72373","1":"product","2":"type-product","3":"status-publish","4":"has-post-thumbnail","6":"product_cat-dsc-larm-neo-power-hybridlarm","7":"product_cat-vatten-och-temperaturlarm","8":"product_tag-cr123-tillbehor","9":"product_tag-dsc-neo-svensk-manual","10":"product_shipping_class-postnord-varubrev","11":"pa_brands-4dsc","12":"pa_farg-vit","13":"tm-has-options","15":"first","16":"instock","17":"sale","18":"featured","19":"taxable","20":"shipping-taxable","21":"purchasable","22":"product-type-simple"},"acf":[],"_links":{"self":[{"href":"https:\/\/secureus.se\/de\/wp-json\/wp\/v2\/product\/72373","targetHints":{"allow":["GET"]}}],"collection":[{"href":"https:\/\/secureus.se\/de\/wp-json\/wp\/v2\/product"}],"about":[{"href":"https:\/\/secureus.se\/de\/wp-json\/wp\/v2\/types\/product"}],"wp:featuredmedia":[{"embeddable":true,"href":"https:\/\/secureus.se\/de\/wp-json\/wp\/v2\/media\/141120"}],"wp:attachment":[{"href":"https:\/\/secureus.se\/de\/wp-json\/wp\/v2\/media?parent=72373"}],"wp:term":[{"taxonomy":"product_brand","embeddable":true,"href":"https:\/\/secureus.se\/de\/wp-json\/wp\/v2\/product_brand?post=72373"},{"taxonomy":"product_cat","embeddable":true,"href":"https:\/\/secureus.se\/de\/wp-json\/wp\/v2\/product_cat?post=72373"},{"taxonomy":"product_tag","embeddable":true,"href":"https:\/\/secureus.se\/de\/wp-json\/wp\/v2\/product_tag?post=72373"}],"curies":[{"name":"wp","href":"https:\/\/api.w.org\/{rel}","templated":true}]}}