{"id":72374,"date":"2023-01-23T09:55:52","date_gmt":"2023-01-23T08:55:52","guid":{"rendered":"https:\/\/secureus.se\/produkt\/dsc-neo-power-g-wireless-vibrationsdetektor-pg8935-2\/"},"modified":"2025-12-31T20:52:54","modified_gmt":"2025-12-31T19:52:54","slug":"dsc-shock-detector-pg8935","status":"publish","type":"product","link":"https:\/\/secureus.se\/de\/dsc-shock-detector-pg8935\/","title":{"rendered":"Drahtloser DSC-Ersch\u00fctterungsmelder PG8935"},"content":{"rendered":"<p><strong>DSC-Ersch\u00fctterungsdetektor PG8935<\/strong> ist ein fortschrittlicher drahtloser Vibrationsdetektor, der eine zuverl\u00e4ssige und wirksame L\u00f6sung zur Einbruchsverhinderung bietet.<\/p>\n<p>Mit der bahnbrechenden PowerG-Technologie kann dieser Detektor \u00fcber gro\u00dfe Entfernungen (bis zu 2 km) kommunizieren und ist resistent gegen Hintergrundvibrationen, wodurch das Risiko von Fehlalarmen verringert wird.<\/p>\n<p>Der PG8935 kann Fenster und T\u00fcren sowohl vor Bruchst\u00f6\u00dfen als auch vor \u00d6ffnungen sch\u00fctzen und ist somit eine vielseitige Option f\u00fcr Privathaushalte und Unternehmen.<\/p>\n<p>Der Melder verf\u00fcgt au\u00dferdem \u00fcber einen eingebauten Magnetkontakt zur \u00dcberwachung von T\u00fcren und Fenstern und verf\u00fcgt \u00fcber einen Schraubanschluss f\u00fcr externe kabelgebundene Sensoren.<\/p>\n<p>Dank des einzigartigen 7-Segment-Sto\u00dfmessger\u00e4ts ist die Installation einfach und erm\u00f6glicht eine schnelle und pr\u00e4zise Einstellung der Empfindlichkeitsstufen.<\/p>\n<p>Der PG8935 bietet eine Batterielebensdauer von bis zu 5 Jahren und ist damit sowohl kosteng\u00fcnstig als auch praktisch.<\/p>","protected":false},"excerpt":{"rendered":"<p>Der DSC Shock Detector PG8935 ist ein kabelloser Vibrationsmelder, der mithilfe der PowerG-Technologie einen wirksamen Einbruchschutz bietet.<\/p>\n<p>Es kann sowohl Vibrationsst\u00f6\u00dfe als auch das \u00d6ffnen von Fenstern und T\u00fcren erkennen und so im Falle eines Einbruchs fr\u00fchzeitig warnen.<\/p>\n<p>Einfach zu installieren und ideal f\u00fcr Wohn- und Gewerber\u00e4ume, mit einer Batterielebensdauer von bis zu 5 Jahren.<\/p>","protected":false},"featured_media":141133,"template":"","meta":{"_acf_changed":false},"product_brand":[],"product_cat":[3335,1322],"product_tag":[3152,3311,2472],"class_list":{"0":"post-72374","1":"product","2":"type-product","3":"status-publish","4":"has-post-thumbnail","6":"product_cat-chockdetektor","7":"product_cat-dsc-larm-neo-power-hybridlarm","8":"product_tag-cr123-tillbehor","9":"product_tag-dsc-neo-svensk-manual","10":"product_tag-sbsc-larmklassr","11":"product_shipping_class-postnord-varubrev","12":"pa_brands-4dsc","13":"pa_farg-vit","14":"tm-has-options","16":"first","17":"instock","18":"sale","19":"featured","20":"taxable","21":"shipping-taxable","22":"purchasable","23":"product-type-simple"},"acf":[],"_links":{"self":[{"href":"https:\/\/secureus.se\/de\/wp-json\/wp\/v2\/product\/72374","targetHints":{"allow":["GET"]}}],"collection":[{"href":"https:\/\/secureus.se\/de\/wp-json\/wp\/v2\/product"}],"about":[{"href":"https:\/\/secureus.se\/de\/wp-json\/wp\/v2\/types\/product"}],"wp:featuredmedia":[{"embeddable":true,"href":"https:\/\/secureus.se\/de\/wp-json\/wp\/v2\/media\/141133"}],"wp:attachment":[{"href":"https:\/\/secureus.se\/de\/wp-json\/wp\/v2\/media?parent=72374"}],"wp:term":[{"taxonomy":"product_brand","embeddable":true,"href":"https:\/\/secureus.se\/de\/wp-json\/wp\/v2\/product_brand?post=72374"},{"taxonomy":"product_cat","embeddable":true,"href":"https:\/\/secureus.se\/de\/wp-json\/wp\/v2\/product_cat?post=72374"},{"taxonomy":"product_tag","embeddable":true,"href":"https:\/\/secureus.se\/de\/wp-json\/wp\/v2\/product_tag?post=72374"}],"curies":[{"name":"wp","href":"https:\/\/api.w.org\/{rel}","templated":true}]}}