{"id":72375,"date":"2023-01-23T09:55:52","date_gmt":"2023-01-23T08:55:52","guid":{"rendered":"https:\/\/secureus.se\/produkt\/dsc-neo-power-g-wireless-temperaturdetektor-pg8905-2\/"},"modified":"2025-12-31T20:53:04","modified_gmt":"2025-12-31T19:53:04","slug":"dsc-temperature-detector-pg8905","status":"publish","type":"product","link":"https:\/\/secureus.se\/de\/dsc-temperature-detector-pg8905\/","title":{"rendered":"DSC-Temperaturdetektor PG8905"},"content":{"rendered":"<p><strong>DSC-Temperaturdetektor PG8905<\/strong> ist ein fortschrittlicher Temperatursensor, der sich sowohl f\u00fcr Wohn- als auch f\u00fcr Gewerbeumgebungen eignet.<\/p>\n<p>Es nutzt die PowerG-Technologie, um eine zuverl\u00e4ssige Kommunikation zu gew\u00e4hrleisten und kann Temperaturen zwischen -40 \u00b0C und +85 \u00b0C messen.<\/p>\n<p>Mit der M\u00f6glichkeit, Temperaturdaten auf der Tastatur anzuzeigen, bietet der PG8905 Benutzern eine einfache und effektive L\u00f6sung zur \u00dcberwachung von Temperatur\u00e4nderungen in Echtzeit.<\/p>\n<p>Der Sender verf\u00fcgt \u00fcber eine integrierte LED-Signalst\u00e4rkeanzeige, die den Installationsprozess vereinfacht, indem sie dem Benutzer hilft, den optimalen Installationsort auszuw\u00e4hlen, ohne zur Tastatur zur\u00fcckkehren zu m\u00fcssen.<\/p>\n<p>Der PG8905 kann auch so programmiert werden, dass er Alarme sowohl bei hohen als auch bei niedrigen Temperaturen sendet, was ihn ideal zum Schutz sensibler Bereiche wie K\u00fchl- und Gefrierschr\u00e4nke oder zur \u00dcberwachung der Temperatur in anderen kritischen Umgebungen macht.<\/p>\n<p>Mit einer Batterielebensdauer von bis zu 7 Jahren und einer Anzeige f\u00fcr niedrigen Batteriestand ist der DSC-Temperaturdetektor PG8905 eine langlebige und zuverl\u00e4ssige L\u00f6sung f\u00fcr alle, die eine genaue Temperatur\u00fcberwachung ben\u00f6tigen.<\/p>","protected":false},"excerpt":{"rendered":"<p>Der DSC-Temperaturdetektor PG8905 ist ein kabelloser Temperatursensor, der f\u00fcr die DSC PowerSeries Neo und Pro entwickelt wurde.<\/p>\n<p>Es \u00fcberwacht die Innentemperatur und kann auch an einen externen Sensor angeschlossen werden, um die Temperatur im Freien oder in K\u00fchl- und Gefrierschr\u00e4nken zu messen.<\/p>\n<p>Mit einer Batterielebensdauer von bis zu 7 Jahren bietet der PG8905 eine zuverl\u00e4ssige \u00dcberwachung f\u00fcr Privathaushalte und Unternehmen.<\/p>","protected":false},"featured_media":140706,"template":"","meta":{"_acf_changed":false},"product_brand":[],"product_cat":[1322,3324],"product_tag":[3311],"class_list":{"0":"post-72375","1":"product","2":"type-product","3":"status-publish","4":"has-post-thumbnail","6":"product_cat-dsc-larm-neo-power-hybridlarm","7":"product_cat-vatten-och-temperaturlarm","8":"product_tag-dsc-neo-svensk-manual","9":"product_shipping_class-postnord-varubrev","10":"pa_brands-4dsc","11":"tm-has-options","13":"first","14":"instock","15":"sale","16":"featured","17":"taxable","18":"shipping-taxable","19":"purchasable","20":"product-type-simple"},"acf":[],"_links":{"self":[{"href":"https:\/\/secureus.se\/de\/wp-json\/wp\/v2\/product\/72375","targetHints":{"allow":["GET"]}}],"collection":[{"href":"https:\/\/secureus.se\/de\/wp-json\/wp\/v2\/product"}],"about":[{"href":"https:\/\/secureus.se\/de\/wp-json\/wp\/v2\/types\/product"}],"wp:featuredmedia":[{"embeddable":true,"href":"https:\/\/secureus.se\/de\/wp-json\/wp\/v2\/media\/140706"}],"wp:attachment":[{"href":"https:\/\/secureus.se\/de\/wp-json\/wp\/v2\/media?parent=72375"}],"wp:term":[{"taxonomy":"product_brand","embeddable":true,"href":"https:\/\/secureus.se\/de\/wp-json\/wp\/v2\/product_brand?post=72375"},{"taxonomy":"product_cat","embeddable":true,"href":"https:\/\/secureus.se\/de\/wp-json\/wp\/v2\/product_cat?post=72375"},{"taxonomy":"product_tag","embeddable":true,"href":"https:\/\/secureus.se\/de\/wp-json\/wp\/v2\/product_tag?post=72375"}],"curies":[{"name":"wp","href":"https:\/\/api.w.org\/{rel}","templated":true}]}}