{"id":72381,"date":"2023-01-23T09:55:50","date_gmt":"2023-01-23T08:55:50","guid":{"rendered":"https:\/\/secureus.se\/produkt\/dsc-neo-power-g-wireless-ir-detektor-kamera-detektor-pg8934-2\/"},"modified":"2025-12-31T20:52:05","modified_gmt":"2025-12-31T19:52:05","slug":"dsc-motion-detector-camera-pg8934","status":"publish","type":"product","link":"https:\/\/secureus.se\/de\/dsc-motion-detector-camera-pg8934\/","title":{"rendered":"DSC-Bewegungsmelder mit Kamera \u200bPG8934"},"content":{"rendered":"<p><strong>DSC-Bewegungsmelder mit Kamera PG8934<\/strong> kombiniert Erkennung und Bildverifizierung f\u00fcr eine effektive Sicherheitsl\u00f6sung. Dieser IR-Detektor wurde f\u00fcr die Verwendung mit DSC PowerSeries NEO- und PRO-Systemen entwickelt und nutzt die fortschrittliche PowerG-Technologie, die eine Kommunikationsreichweite von bis zu 2 km im Freien bietet.<\/p>\n<p>Sobald eine Bewegung erkannt wird, erfasst der PG8934 sofort hochaufl\u00f6sende Bilder, die an die Alarmzentrale gesendet werden, sodass das Sicherheitspersonal in Echtzeit sehen kann, was passiert.<\/p>\n<p>Es hat einen Abdeckungsradius von 12 Metern und ist mit der True Motion Recognition\u2122-Technologie ausgestattet, um zwischen menschlichen Bewegungen und anderen St\u00f6rungen zu unterscheiden und so das Risiko von Fehlalarmen zu minimieren.<\/p>\n<p>Um die Bildqualit\u00e4t rund um die Uhr zu gew\u00e4hrleisten, ist die Kamera au\u00dferdem mit IR-Beleuchtung ausgestattet.<\/p>\n<p>Der PG8934 ist mit einer Batterielebensdauer von drei Jahren einfach zu installieren und wird mit zwei CR-123A-Lithiumbatterien geliefert.<\/p>\n<p>Es ist mit mehreren Systemen kompatibel und hat eine maximale Kapazit\u00e4t von 10 Ger\u00e4ten pro System.<\/p>","protected":false},"excerpt":{"rendered":"<p>Der DSC-Bewegungsmelder mit Kamera PG8934 ist ein fortschrittlicher IR-Detektor f\u00fcr Iotega, PowerSeries NEO und PRO.<\/p>\n<p>Im Alarmfall nimmt die Kamera sofort Bilder auf, die an die Alarmzentrale gesendet werden und erm\u00f6glicht so eine Echtzeit\u00fcberwachung. Mit einem Erfassungsradius von 12 Metern und der True Motion Recognition\u2122-Technologie ist zuverl\u00e4ssige Sicherheit ohne Fehlalarme gew\u00e4hrleistet.<\/p>\n<p>Die Stromversorgung erfolgt \u00fcber zwei CR-123A-Lithiumbatterien mit einer Lebensdauer von bis zu drei Jahren.<\/p>","protected":false},"featured_media":140555,"template":"","meta":{"_acf_changed":false},"product_brand":[],"product_cat":[3326,1322,3325],"product_tag":[3311,3016,2472],"class_list":{"0":"post-72381","1":"product","2":"type-product","3":"status-publish","4":"has-post-thumbnail","6":"product_cat-rorelsedetektor","7":"product_cat-dsc-larm-neo-power-hybridlarm","8":"product_cat-kameradetektor","9":"product_tag-dsc-neo-svensk-manual","10":"product_tag-neo-detektorer","11":"product_tag-sbsc-larmklassr","12":"product_shipping_class-postnord-varubrev","13":"pa_brands-4dsc","14":"tm-has-options","16":"first","17":"instock","18":"sale","19":"featured","20":"taxable","21":"shipping-taxable","22":"purchasable","23":"product-type-simple"},"acf":[],"_links":{"self":[{"href":"https:\/\/secureus.se\/de\/wp-json\/wp\/v2\/product\/72381","targetHints":{"allow":["GET"]}}],"collection":[{"href":"https:\/\/secureus.se\/de\/wp-json\/wp\/v2\/product"}],"about":[{"href":"https:\/\/secureus.se\/de\/wp-json\/wp\/v2\/types\/product"}],"wp:featuredmedia":[{"embeddable":true,"href":"https:\/\/secureus.se\/de\/wp-json\/wp\/v2\/media\/140555"}],"wp:attachment":[{"href":"https:\/\/secureus.se\/de\/wp-json\/wp\/v2\/media?parent=72381"}],"wp:term":[{"taxonomy":"product_brand","embeddable":true,"href":"https:\/\/secureus.se\/de\/wp-json\/wp\/v2\/product_brand?post=72381"},{"taxonomy":"product_cat","embeddable":true,"href":"https:\/\/secureus.se\/de\/wp-json\/wp\/v2\/product_cat?post=72381"},{"taxonomy":"product_tag","embeddable":true,"href":"https:\/\/secureus.se\/de\/wp-json\/wp\/v2\/product_tag?post=72381"}],"curies":[{"name":"wp","href":"https:\/\/api.w.org\/{rel}","templated":true}]}}