{"id":72383,"date":"2023-01-23T09:55:50","date_gmt":"2023-01-23T08:55:50","guid":{"rendered":"https:\/\/secureus.se\/produkt\/power-g-wireless-pir-utomhus-kamera-pg8944-2\/"},"modified":"2025-12-31T20:37:55","modified_gmt":"2025-12-31T19:37:55","slug":"dsc-detector-camera-utomhus-pg8944","status":"publish","type":"product","link":"https:\/\/secureus.se\/de\/dsc-detector-camera-utomhus-pg8944\/","title":{"rendered":"DSC-Melder mit drahtloser Au\u00dfen-PIR-Kamera PG8944"},"content":{"rendered":"<p><strong>DSC-Detektor mit Kamera f\u00fcr den Au\u00dfenbereich PG8944<\/strong> ist ein High-Tech-Funkmelder, der Bewegungserkennung mit visueller Best\u00e4tigung kombiniert.<\/p>\n<p>Ausgestattet mit einer leistungsstarken Kamera, die bei Alarm sofort Bilder aufnimmt, erm\u00f6glicht der PG8944 Sicherheitsmanagern, in Echtzeit zu sehen, was passiert.<\/p>\n<p>Durch den Einsatz der PowerG-Technologie wird eine Kommunikationsreichweite von bis zu 2 km im Freien gew\u00e4hrleistet.<\/p>\n<p>Der Detektor hat einen Erfassungsbereich von 12 Metern bei einem Betrachtungswinkel von 90\u00b0 und ist f\u00fcr Au\u00dfenbedingungen mit einem Temperaturbereich von -35\u00b0C bis +60\u00b0C ausgelegt.<\/p>\n<p>Mit seiner innovativen Octa-Quad-Technologie und acht IR-Sensoren kann er zuverl\u00e4ssig zwischen Menschen, sich bewegenden B\u00e4umen und kleineren Tieren unterscheiden und so Fehlalarme minimieren.<\/p>\n<p>Es ist einfach zu installieren und kann \u00fcber das Bedienfeld konfiguriert werden, ohne dass Anpassungen vor Ort erforderlich sind.<\/p>\n<p>Mit einer langen Batterielebensdauer von bis zu 3 Jahren ist der PG8944 eine kosteng\u00fcnstige L\u00f6sung f\u00fcr die Sicherheits\u00fcberwachung zu Hause und im Unternehmen.<\/p>","protected":false},"excerpt":{"rendered":"<p>Der DSC-Detektor mit Kamera PG8944 ist ein kabelloser Au\u00dfendetektor mit Kamera, der Echtzeit\u00fcberwachung und Alarm\u00fcberpr\u00fcfung bietet.<\/p>\n<p>Mit einer \u00dcberwachungsreichweite von 12 Metern und fortschrittlicher Octa-Quad-Technologie minimiert es Fehlalarme und erm\u00f6glicht die zuverl\u00e4ssige Erkennung unbefugter Eindringlinge.<\/p>\n<p>Ausgestattet mit einer IR-Kamera und einer langen Akkulaufzeit ist es ideal f\u00fcr private und gewerbliche Anwendungen.<\/p>","protected":false},"featured_media":140896,"template":"","meta":{"_acf_changed":false},"product_brand":[],"product_cat":[3325,1322],"product_tag":[3311,3016,2472],"class_list":{"0":"post-72383","1":"product","2":"type-product","3":"status-publish","4":"has-post-thumbnail","6":"product_cat-kameradetektor","7":"product_cat-dsc-larm-neo-power-hybridlarm","8":"product_tag-dsc-neo-svensk-manual","9":"product_tag-neo-detektorer","10":"product_tag-sbsc-larmklassr","11":"product_shipping_class-postnord-varubrev","12":"pa_brands-4dsc","13":"tm-has-options","15":"first","16":"onbackorder","17":"sale","18":"featured","19":"taxable","20":"shipping-taxable","21":"purchasable","22":"product-type-simple"},"acf":[],"_links":{"self":[{"href":"https:\/\/secureus.se\/de\/wp-json\/wp\/v2\/product\/72383","targetHints":{"allow":["GET"]}}],"collection":[{"href":"https:\/\/secureus.se\/de\/wp-json\/wp\/v2\/product"}],"about":[{"href":"https:\/\/secureus.se\/de\/wp-json\/wp\/v2\/types\/product"}],"wp:featuredmedia":[{"embeddable":true,"href":"https:\/\/secureus.se\/de\/wp-json\/wp\/v2\/media\/140896"}],"wp:attachment":[{"href":"https:\/\/secureus.se\/de\/wp-json\/wp\/v2\/media?parent=72383"}],"wp:term":[{"taxonomy":"product_brand","embeddable":true,"href":"https:\/\/secureus.se\/de\/wp-json\/wp\/v2\/product_brand?post=72383"},{"taxonomy":"product_cat","embeddable":true,"href":"https:\/\/secureus.se\/de\/wp-json\/wp\/v2\/product_cat?post=72383"},{"taxonomy":"product_tag","embeddable":true,"href":"https:\/\/secureus.se\/de\/wp-json\/wp\/v2\/product_tag?post=72383"}],"curies":[{"name":"wp","href":"https:\/\/api.w.org\/{rel}","templated":true}]}}