{"id":72386,"date":"2023-01-23T09:55:50","date_gmt":"2023-01-23T08:55:50","guid":{"rendered":"https:\/\/secureus.se\/produkt\/dsc-neo-power-g-wireless-detektor-mirror-husdjur-pg8974p-2\/"},"modified":"2026-04-01T14:11:04","modified_gmt":"2026-04-01T12:11:04","slug":"dsc-pir-motion-detector-pet-mirror-powerg-pg8974p","status":"publish","type":"product","link":"https:\/\/secureus.se\/de\/dsc-pir-motion-detector-pet-mirror-powerg-pg8974p\/","title":{"rendered":"DSC PIR-Bewegungsmelder Haustierspiegel PowerG PG8974P"},"content":{"rendered":"<h1>DSC PG8974P PIR-Bewegungsmelder \u2013 Bewegungserkennung ohne Fehlalarme<\/h1>\n<p>DSC <strong>PG8974P PIR-Bewegungsmelder<\/strong> ist ein fortschrittlicher und zuverl\u00e4ssiger Bewegungsmelder, der sich sowohl f\u00fcr Wohn- als auch f\u00fcr Gewerbeumgebungen eignet.<\/p>\n<p>Mit seiner innovativen Spiegeloptik und <strong>Haustierimmunit\u00e4t<\/strong> Es verhindert Fehlalarme bei Haustieren mit einem Gewicht von bis zu 18 kg.<\/p>\n<p>Mit <strong>PowerG-Technologie<\/strong> Der PG8974P bietet \u00fcberragende drahtlose Leistung, hervorragende Reichweite und hohe Energieeffizienz und sorgt f\u00fcr eine Batterielebensdauer von bis zu 7 Jahren.<\/p>\n<h5>Hauptfunktionen<\/h5>\n<ul>\n<li><strong>Haustierimmunit\u00e4t<\/strong>: Ignoriert Bewegungen von Tieren bis zu 18 kg, wodurch das Risiko von Fehlalarmen minimiert wird.<\/li>\n<li><strong>Spiegeloptik<\/strong>: Bietet eine genaue und zuverl\u00e4ssige Erkennung in einem Bereich von bis zu 15 Metern bei einem 90\u00b0-Winkel.<\/li>\n<li><strong>PowerG Wireless-Technologie<\/strong>: Sichere Kommunikation mit einer Reichweite von bis zu 2 km im Freien.<\/li>\n<li><strong>Digitale Temperaturkompensation<\/strong>: Passt die Empfindlichkeit entsprechend der Umgebungstemperatur an, um eine optimale Leistung zu erzielen.<\/li>\n<li><strong>Lange Akkulaufzeit<\/strong>: Bis zu 7 Jahre Betrieb mit einer CR123A 3V Lithiumbatterie.<\/li>\n<li><strong>Vandalensicheres Design<\/strong>: Schutz vor Vorder- und R\u00fcckseite f\u00fcr zus\u00e4tzliche Sicherheit.<\/li>\n<\/ul>\n<h5>Vorteile<\/h5>\n<ul>\n<li><strong>Schnelle und einfache Installation<\/strong>: Das kabellose Design macht Kabel \u00fcberfl\u00fcssig.<\/li>\n<li><strong>Hohe Zuverl\u00e4ssigkeit<\/strong>: Pr\u00e4zise Erkennung ohne St\u00f6rungen durch Haustiere oder Umgebungstemperaturen.<\/li>\n<li><strong>Gro\u00dfe Reichweite<\/strong>: Die PowerG-Technologie erm\u00f6glicht die Platzierung des Detektors in gr\u00f6\u00dferen Grundst\u00fccken ohne Signalverlust.<\/li>\n<\/ul>\n<h5>Einsatzgebiete<\/h5>\n<ul>\n<li><strong>Residenzen<\/strong>: Perfekt f\u00fcr Haushalte mit Haustieren und hohen Sicherheitsstandards.<\/li>\n<li><strong>Gewerbeimmobilien<\/strong>: Sch\u00fctzt B\u00fcros, Gesch\u00e4fte und Lager ohne Fehlalarme.<\/li>\n<li><strong>\u00d6ffentliche R\u00e4ume<\/strong>: Ideal f\u00fcr Schulen und andere Umgebungen, die eine genaue \u00dcberwachung erfordern.<\/li>\n<\/ul>\n<p>Mit <strong>PG8974P<\/strong> Sie erhalten einen intelligenten und zuverl\u00e4ssigen Bewegungsmelder, der lange Lebensdauer, hohe Leistung und sicheren Betrieb bietet.<\/p>","protected":false},"excerpt":{"rendered":"<p>Der DSC PG8974P ist ein kabelloser PIR-Bewegungsmelder mit Spiegeloptik und Haustierimmunit\u00e4t.<\/p>\n<p>Die PowerG-Technologie bietet gro\u00dfe Reichweite, hohe Genauigkeit und eine Batterielebensdauer von bis zu 7 Jahren.<\/p>","protected":false},"featured_media":140731,"template":"","meta":{"_acf_changed":false},"product_brand":[],"product_cat":[3326,1322],"product_tag":[3152,3311,3016,2472],"class_list":{"0":"post-72386","1":"product","2":"type-product","3":"status-publish","4":"has-post-thumbnail","6":"product_cat-rorelsedetektor","7":"product_cat-dsc-larm-neo-power-hybridlarm","8":"product_tag-cr123-tillbehor","9":"product_tag-dsc-neo-svensk-manual","10":"product_tag-neo-detektorer","11":"product_tag-sbsc-larmklassr","12":"product_shipping_class-postnord-varubrev","13":"pa_brands-4dsc","14":"tm-has-options","16":"first","17":"instock","18":"sale","19":"featured","20":"taxable","21":"shipping-taxable","22":"purchasable","23":"product-type-simple"},"acf":[],"_links":{"self":[{"href":"https:\/\/secureus.se\/de\/wp-json\/wp\/v2\/product\/72386","targetHints":{"allow":["GET"]}}],"collection":[{"href":"https:\/\/secureus.se\/de\/wp-json\/wp\/v2\/product"}],"about":[{"href":"https:\/\/secureus.se\/de\/wp-json\/wp\/v2\/types\/product"}],"wp:featuredmedia":[{"embeddable":true,"href":"https:\/\/secureus.se\/de\/wp-json\/wp\/v2\/media\/140731"}],"wp:attachment":[{"href":"https:\/\/secureus.se\/de\/wp-json\/wp\/v2\/media?parent=72386"}],"wp:term":[{"taxonomy":"product_brand","embeddable":true,"href":"https:\/\/secureus.se\/de\/wp-json\/wp\/v2\/product_brand?post=72386"},{"taxonomy":"product_cat","embeddable":true,"href":"https:\/\/secureus.se\/de\/wp-json\/wp\/v2\/product_cat?post=72386"},{"taxonomy":"product_tag","embeddable":true,"href":"https:\/\/secureus.se\/de\/wp-json\/wp\/v2\/product_tag?post=72386"}],"curies":[{"name":"wp","href":"https:\/\/api.w.org\/{rel}","templated":true}]}}