{"id":72392,"date":"2023-01-23T09:55:50","date_gmt":"2023-01-23T08:55:50","guid":{"rendered":"https:\/\/secureus.se\/produkt\/dsc-neo-power-g-tradlos-kombinationsdetektor-pg8984p-husdjur-18-kg-2\/"},"modified":"2025-12-31T20:45:15","modified_gmt":"2025-12-31T19:45:15","slug":"dsc-dual-technology-pet-pg8984p","status":"publish","type":"product","link":"https:\/\/secureus.se\/de\/dsc-dual-technology-pet-pg8984p\/","title":{"rendered":"DSC Dual-Technologie PET PG8984P"},"content":{"rendered":"<p><strong>DSC Dual-Technologie PET PG8984P<\/strong> ist ein fortschrittlicher Funkmelder, der PIR- und Mikrowellentechnologie kombiniert, um Fehlalarme zu minimieren und einen zuverl\u00e4ssigen Einbruchschutz zu gew\u00e4hrleisten.<\/p>\n<p>Ausgestattet mit Spiegeloptik und zwei PIR-Sensoren erkennt es Bewegungen in einer Reichweite von 15 Metern und einem Winkel von 90\u00b0 und eignet sich daher sowohl f\u00fcr gewerbliche als auch f\u00fcr schwierige Wohninstallationen.<\/p>\n<p>Dieser Melder ist auch haustierfreundlich, d. h. er kann Bewegungen von Tieren mit einem Gewicht von bis zu 18 kg ignorieren und so das Risiko unerw\u00fcnschter Alarme minimieren. Mit einer Batterielebensdauer von bis zu 5 Jahren (bei normalem Gebrauch) und einem Batterietyp 3V CR123A Lithiumbatterie bietet es langlebige und zuverl\u00e4ssige Leistung.<\/p>\n<p>Der Melder verf\u00fcgt au\u00dferdem \u00fcber eine innovative Anti-Masking-Technologie und eine wasserfeste Abdeckung, wodurch er sich ideal f\u00fcr Installationen im Freien eignet.<\/p>\n<p>Dar\u00fcber hinaus l\u00e4sst es sich problemlos installieren, ohne dass vertikale Anpassungen erforderlich sind, was den Installateuren Zeit und Arbeit spart.<\/p>","protected":false},"excerpt":{"rendered":"<p>Der DSC Dual Technology PET PG8984P ist ein kabelloser, haustierfreundlicher Kombinationsdetektor f\u00fcr Iotega und PowerSeries NEO.<\/p>\n<p>Mit zwei PIR-Sensoren und einem Mikrowellensensor bietet es eine hohe Erkennungsempfindlichkeit und Immunit\u00e4t gegen Fehlalarme.<\/p>\n<p>Der Detektor hat eine Reichweite von bis zu 15 Metern und ist f\u00fcr Installationen in rauen Umgebungen konzipiert, wodurch er sich ideal f\u00fcr gewerbliche und private Anwendungen eignet.<\/p>\n<p>&nbsp;<\/p>","protected":false},"featured_media":140914,"template":"","meta":{"_acf_changed":false},"product_brand":[],"product_cat":[3326,1322],"product_tag":[3152,3311,3016,2472],"class_list":{"0":"post-72392","1":"product","2":"type-product","3":"status-publish","4":"has-post-thumbnail","6":"product_cat-rorelsedetektor","7":"product_cat-dsc-larm-neo-power-hybridlarm","8":"product_tag-cr123-tillbehor","9":"product_tag-dsc-neo-svensk-manual","10":"product_tag-neo-detektorer","11":"product_tag-sbsc-larmklassr","12":"product_shipping_class-postnord-varubrev","13":"pa_brands-4dsc","14":"tm-has-options","16":"first","17":"onbackorder","18":"sale","19":"featured","20":"taxable","21":"shipping-taxable","22":"purchasable","23":"product-type-simple"},"acf":[],"_links":{"self":[{"href":"https:\/\/secureus.se\/de\/wp-json\/wp\/v2\/product\/72392","targetHints":{"allow":["GET"]}}],"collection":[{"href":"https:\/\/secureus.se\/de\/wp-json\/wp\/v2\/product"}],"about":[{"href":"https:\/\/secureus.se\/de\/wp-json\/wp\/v2\/types\/product"}],"wp:featuredmedia":[{"embeddable":true,"href":"https:\/\/secureus.se\/de\/wp-json\/wp\/v2\/media\/140914"}],"wp:attachment":[{"href":"https:\/\/secureus.se\/de\/wp-json\/wp\/v2\/media?parent=72392"}],"wp:term":[{"taxonomy":"product_brand","embeddable":true,"href":"https:\/\/secureus.se\/de\/wp-json\/wp\/v2\/product_brand?post=72392"},{"taxonomy":"product_cat","embeddable":true,"href":"https:\/\/secureus.se\/de\/wp-json\/wp\/v2\/product_cat?post=72392"},{"taxonomy":"product_tag","embeddable":true,"href":"https:\/\/secureus.se\/de\/wp-json\/wp\/v2\/product_tag?post=72392"}],"curies":[{"name":"wp","href":"https:\/\/api.w.org\/{rel}","templated":true}]}}