{"id":72393,"date":"2023-01-23T09:55:50","date_gmt":"2023-01-23T08:55:50","guid":{"rendered":"https:\/\/secureus.se\/produkt\/power-g-wireless-pir-gardin-pg8924-2\/"},"modified":"2025-12-31T20:52:36","modified_gmt":"2025-12-31T19:52:36","slug":"dsc-pir-curtain-pg8924","status":"publish","type":"product","link":"https:\/\/secureus.se\/de\/dsc-pir-curtain-pg8924\/","title":{"rendered":"DSC PIR Curtain PG8924 \u2013 Vorhangmelder"},"content":{"rendered":"<p><strong>DSC PIR-Vorhang PG8924<\/strong>\u00a0ist ein innovativer Vorhangmelder, der Sicherheit bietet, indem er sensible Bereiche mit einem schmalen \u00dcberwachungsbereich sch\u00fctzt.<\/p>\n<p>Ausgestattet mit der fortschrittlichen PowerG-Technologie bietet dieser drahtlose Detektor eine beeindruckende Reichweite von bis zu 2 km im Freien und ist somit ideal f\u00fcr gewerbliche und private Installationen.<\/p>\n<p>Durch die M\u00f6glichkeit, die \u00dcberwachungsreichweite auf 2, 4 oder 6 Meter einzustellen, l\u00e4sst sich der PG8924 problemlos an spezifische Anforderungen und Montageorte anpassen.<\/p>\n<p>Die Batterielebensdauer betr\u00e4gt bis zu 7 Jahre, wodurch die Notwendigkeit eines h\u00e4ufigen Batteriewechsels minimiert wird. Die Installation ist dank einer deutlichen LED-Signalanzeige einfach, die bei der Auswahl des optimalen Installationsorts hilft.<\/p>\n<p>Der PG8924 ist auch mit PowerSeries Neo-Systemen kompatibel und bietet eine flexible L\u00f6sung f\u00fcr die \u00dcberwachung von Fenster- und T\u00fcrabschnitten, Glasw\u00e4nden und anderen Bereichen, in denen schmalere Leitungen gesch\u00fctzt werden m\u00fcssen.<\/p>\n<h3>Funktionen und Vorteile:<\/h3>\n<ul>\n<li><strong>PowerG-Technologie<\/strong> f\u00fcr gro\u00dfe Reichweite und zuverl\u00e4ssige Kommunikation.<\/li>\n<li>W\u00e4hlbarer \u00dcberwachungsbereich: 2, 4 oder 6 Meter.<\/li>\n<li>Geeignet zum Schutz von Fenstern, T\u00fcren und Glasw\u00e4nden.<\/li>\n<li>Lange Batterielebensdauer (7 Jahre) mit 3V CR123A Lithiumbatterie.<\/li>\n<li>Einfache Installation mit Signalanzeige f\u00fcr optimale Standortwahl.<\/li>\n<\/ul>\n<h3>Technische Spezifikationen:<\/h3>\n<ul>\n<li><strong>Abmessungen:<\/strong> 105 x 35 x 30 mm<\/li>\n<li><strong>Akkulaufzeit:<\/strong> Bis zu 7 Jahre<\/li>\n<li><strong>Akku-Typ:<\/strong> 3V CR123A Lithiumbatterie<\/li>\n<li><strong>Gewicht:<\/strong> 60 g<\/li>\n<li><strong>Temperaturbereich:<\/strong> -10 \u00b0C bis 55 \u00b0C<\/li>\n<\/ul>","protected":false},"excerpt":{"rendered":"<p>Der PIR-Vorhang PG8924 ist ein drahtloser Vorhangdetektor, der f\u00fcr DSC NEO- und Iotega-Systeme entwickelt wurde.<\/p>\n<p>Es nutzt die PowerG-Technologie f\u00fcr eine Reichweite von bis zu 2 km im Freien.<\/p>\n<p>Mit einer w\u00e4hlbaren \u00dcberwachungsreichweite von 2, 4 oder 6 Metern bietet es eine effektive \u00dcberwachung von T\u00fcren, Fenstern und Glasw\u00e4nden.<\/p>\n<p>Die Batterielebensdauer betr\u00e4gt bis zu 7 Jahre mit einer 3-V-CR123A-Lithiumbatterie.<\/p>","protected":false},"featured_media":140921,"template":"","meta":{"_acf_changed":false},"product_brand":[],"product_cat":[3326,1322],"product_tag":[3152,3311,3016,2472],"class_list":{"0":"post-72393","1":"product","2":"type-product","3":"status-publish","4":"has-post-thumbnail","6":"product_cat-rorelsedetektor","7":"product_cat-dsc-larm-neo-power-hybridlarm","8":"product_tag-cr123-tillbehor","9":"product_tag-dsc-neo-svensk-manual","10":"product_tag-neo-detektorer","11":"product_tag-sbsc-larmklassr","12":"product_shipping_class-postnord-varubrev","13":"pa_brands-4dsc","14":"tm-has-options","16":"first","17":"onbackorder","18":"sale","19":"featured","20":"taxable","21":"shipping-taxable","22":"purchasable","23":"product-type-simple"},"acf":[],"_links":{"self":[{"href":"https:\/\/secureus.se\/de\/wp-json\/wp\/v2\/product\/72393","targetHints":{"allow":["GET"]}}],"collection":[{"href":"https:\/\/secureus.se\/de\/wp-json\/wp\/v2\/product"}],"about":[{"href":"https:\/\/secureus.se\/de\/wp-json\/wp\/v2\/types\/product"}],"wp:featuredmedia":[{"embeddable":true,"href":"https:\/\/secureus.se\/de\/wp-json\/wp\/v2\/media\/140921"}],"wp:attachment":[{"href":"https:\/\/secureus.se\/de\/wp-json\/wp\/v2\/media?parent=72393"}],"wp:term":[{"taxonomy":"product_brand","embeddable":true,"href":"https:\/\/secureus.se\/de\/wp-json\/wp\/v2\/product_brand?post=72393"},{"taxonomy":"product_cat","embeddable":true,"href":"https:\/\/secureus.se\/de\/wp-json\/wp\/v2\/product_cat?post=72393"},{"taxonomy":"product_tag","embeddable":true,"href":"https:\/\/secureus.se\/de\/wp-json\/wp\/v2\/product_tag?post=72393"}],"curies":[{"name":"wp","href":"https:\/\/api.w.org\/{rel}","templated":true}]}}