{"id":72394,"date":"2023-01-23T09:55:49","date_gmt":"2023-01-23T08:55:49","guid":{"rendered":"https:\/\/secureus.se\/produkt\/dsc-neo-power-g-wireless-overfallsknapp-singel-tryck-pg8938-2\/"},"modified":"2026-04-17T16:39:51","modified_gmt":"2026-04-17T14:39:51","slug":"dsc-1-button-hand-transmitter-pg8938","status":"publish","type":"product","link":"https:\/\/secureus.se\/de\/dsc-1-button-hand-transmitter-pg8938\/","title":{"rendered":"DSC 1-Tasten-Handsender Wireless PG8938"},"content":{"rendered":"<p><strong>DSC 1-Tasten-Handsender PG8938<\/strong> ist eine drahtlose One-Touch-Notfalltaste f\u00fcr Iotega, PowerSeries NEO und PRO. Dieses Ger\u00e4t verf\u00fcgt \u00fcber eine gro\u00dfe und benutzerfreundliche Taste, um die Aktivierung des Notfallalarms zu erleichtern und ist somit ideal f\u00fcr eine schnelle Reaktion in Notfallsituationen.<\/p>\n<h4>Merkmale:<\/h4>\n<ul>\n<li><strong>Aktivierung<\/strong>: Die Taste muss mindestens zwei Sekunden lang gedr\u00fcckt gehalten werden, um Fehlbet\u00e4tigungen zu vermeiden.<\/li>\n<li><strong>Statusbest\u00e4tigung<\/strong>: Visuelle Best\u00e4tigung \u00fcber eine LED, wenn der Alarm aktiviert ist.<\/li>\n<li><strong>G\u00fcrtelclip und Halskette<\/strong>: Im Lieferumfang enthalten f\u00fcr einfachen Transport.<\/li>\n<li><strong>Kompatibilit\u00e4t<\/strong>: Maximal 16 Tasten k\u00f6nnen mit Zentralger\u00e4t HS2016 und bis zu 32 mit anderen Ger\u00e4ten genutzt werden, ohne Fachpl\u00e4tze zu belegen.<\/li>\n<li><strong>Akkulaufzeit<\/strong>: 5 Jahre (normaler Gebrauch).<\/li>\n<li><strong>Akku-Typ<\/strong>: 3V CR2032 Lithiumbatterie.<\/li>\n<\/ul>\n<h4>Warum PowerSeries au\u00dfergew\u00f6hnlich ist<\/h4>\n<p>Die M\u00f6glichkeit, bis zu 128 Zonen drahtlos und hardwarem\u00e4\u00dfig zu \u00fcberwachen, macht die PowerSeries Neo zu einer au\u00dfergew\u00f6hnlichen L\u00f6sung f\u00fcr gro\u00dfe Installationen. Dar\u00fcber hinaus erm\u00f6glichen 8 Trennw\u00e4nde individuelle Sicherheitsl\u00f6sungen f\u00fcr verschiedene Bereiche des Unternehmens oder Zuhauses.<\/p>\n<h4>PowerSeries: Sicherheit auf neuem Niveau<\/h4>\n<p>Einleitung Die PowerSeries von DSC definiert Einbruchsicherheit neu, indem sie Modularit\u00e4t und kabelgebundene Konnektivit\u00e4t mit der Einfachheit einer breiten Palette von drahtlosen Ger\u00e4ten und Zubeh\u00f6r kombiniert. Das Ergebnis ist das umfassendste Hybridsystem, das derzeit auf dem Markt erh\u00e4ltlich ist.<\/p>\n<h4>Warum PowerSeries Neo eine bahnbrechende L\u00f6sung ist<\/h4>\n<p>Diese flexible Plattform profitiert von den \u00fcberlegenen Funktionen von PowerG \u2013 der branchenweit f\u00fchrenden drahtlosen Einbruchstechnologie. Innovative L\u00f6sungen zur Alarm\u00fcberpr\u00fcfung sowie eine umfassende Software-Suite f\u00fcr Ferndienste machen die PowerSeries zur optimalen Premium-L\u00f6sung f\u00fcr Privathaushalte und Unternehmen.<\/p>\n<h4>Flexibilit\u00e4t in der Sicherheit<\/h4>\n<p>Die PowerSeries vereint das Beste aus beiden Welten \u2013 die Stabilit\u00e4t kabelgebundener Systeme und die Flexibilit\u00e4t kabelloser Ger\u00e4te. Dies erm\u00f6glicht die Anpassung an individuelle Anforderungen und macht es zum am besten anpassbaren System auf dem Markt.<\/p>\n<h4>Innovative Technologie f\u00fcr h\u00f6chste Sicherheit<\/h4>\n<p>Durch den Einsatz der PowerG-Technologie hebt die PowerSeries die Sicherheit auf ein neues Niveau. Es bietet nicht nur zuverl\u00e4ssigen Einbruchschutz, sondern erm\u00f6glicht auch eine reibungslose Integration mit verschiedenen drahtlosen Ger\u00e4ten.<\/p>\n<h3>Alarm\u00fcberpr\u00fcfung und Ferndienste<\/h3>\n<p>Die PowerSeries verf\u00fcgt \u00fcber innovative Alarmverifizierungsl\u00f6sungen, um sicherzustellen, dass auf jeden Alarm korrekt reagiert wird. Die umfassende Remote-Service-Software erm\u00f6glicht die \u00dcberwachung und Steuerung von jedem Ort aus.<\/p>\n<h3>PowerSeries-FAQ<\/h3>\n<ul>\n<li><strong>F: Warum wird die PowerSeries als Hybridl\u00f6sung bezeichnet?<\/strong>\n<ul>\n<li><strong>A:<\/strong> Die PowerSeries ist ein Hybrid, da sie kabelgebundene und kabellose Technologie zu einer vollst\u00e4ndigen und anpassbaren Sicherheitsl\u00f6sung kombiniert.<\/li>\n<\/ul>\n<\/li>\n<li><strong>F: Wie gew\u00e4hrleistet die PowerG-Technologie eine \u00fcberragende WLAN-Sicherheit?<\/strong>\n<ul>\n<li><strong>A:<\/strong> Die PowerG-Technologie bietet nicht nur zuverl\u00e4ssige Konnektivit\u00e4t, sondern auch Verschl\u00fcsselungs- und St\u00f6rfestigkeit f\u00fcr h\u00f6chste Sicherheit.<\/li>\n<\/ul>\n<\/li>\n<li><strong>F: Welche Arten von drahtlosen Ger\u00e4ten k\u00f6nnen in die PowerSeries integriert werden?<\/strong>\n<ul>\n<li><strong>A:<\/strong> Die PowerSeries unterst\u00fctzt eine Vielzahl drahtloser Ger\u00e4te, darunter Detektoren, Kameras und Smart-Home-Zubeh\u00f6r.<\/li>\n<\/ul>\n<\/li>\n<li><strong>F: Was ist eine Alarm\u00fcberpr\u00fcfung und warum ist sie wichtig?<\/strong>\n<ul>\n<li><strong>A:<\/strong> Durch die Alarm\u00fcberpr\u00fcfung wird sichergestellt, dass es sich bei jedem Alarm um einen echten Alarm handelt. Dadurch werden Fehlalarme reduziert und das Sicherheitssystem kann schneller und pr\u00e4ziser reagieren.<\/li>\n<\/ul>\n<\/li>\n<li><strong>F: Kann ich die PowerSeries aus der Ferne \u00fcberwachen und steuern?<\/strong>\n<ul>\n<li><strong>A:<\/strong> Ja, die umfassende Remote-Service-Software erm\u00f6glicht die \u00dcberwachung und Steuerung \u00fcber eine mobile App oder einen Computer, wo immer Sie sich befinden.<\/li>\n<\/ul>\n<\/li>\n<li><strong>F: Ist die PowerSeries sowohl f\u00fcr den privaten als auch f\u00fcr den gewerblichen Gebrauch geeignet?<\/strong>\n<ul>\n<li><strong>A:<\/strong> Ja, seine Flexibilit\u00e4t und ma\u00dfgeschneiderte L\u00f6sungen machen es ideal f\u00fcr Privathaushalte und Unternehmen.<\/li>\n<\/ul>\n<\/li>\n<\/ul>\n<h3>Abschluss<\/h3>\n<p>Mit dem PowerSeries Neo DSC 1-Tasten-Handsender PG8938 erhalten Sie nicht nur eine Sicherheitsl\u00f6sung; Sie erhalten Innovation, Flexibilit\u00e4t und \u00fcberlegene Technologie. Es ist Sicherheit auf einem neuen Niveau, ma\u00dfgeschneidert auf Ihre individuellen Bed\u00fcrfnisse.<\/p>","protected":false},"excerpt":{"rendered":"<p>Der DSC 1-Tasten-Handsender PG8938 ist ein benutzerfreundlicher kabelloser Notrufknopf, der f\u00fcr DSC NEO-Alarmsysteme entwickelt wurde.<\/p>\n<p>Mit seiner gro\u00dfen Taste erm\u00f6glicht es die einfache Aktivierung des Notfallalarms, was die Sicherheit sowohl in Privathaushalten als auch in Unternehmen erh\u00f6ht.<\/p>\n<p>Ausgestattet mit einer Statusbest\u00e4tigungs-LED und einer langen Batterielebensdauer von bis zu 5 Jahren bietet dieser Sender eine zuverl\u00e4ssige und effektive Schutzl\u00f6sung.<\/p>","protected":false},"featured_media":141621,"template":"","meta":{"_acf_changed":false},"product_brand":[],"product_cat":[3327,1322],"product_tag":[3311],"class_list":{"0":"post-72394","1":"product","2":"type-product","3":"status-publish","4":"has-post-thumbnail","6":"product_cat-overfall-fjarrkontrol","7":"product_cat-dsc-larm-neo-power-hybridlarm","8":"product_tag-dsc-neo-svensk-manual","9":"product_shipping_class-postnord-varubrev","10":"pa_brands-4dsc","11":"tm-has-options","13":"first","14":"instock","15":"sale","16":"featured","17":"taxable","18":"shipping-taxable","19":"purchasable","20":"product-type-simple"},"acf":[],"_links":{"self":[{"href":"https:\/\/secureus.se\/de\/wp-json\/wp\/v2\/product\/72394","targetHints":{"allow":["GET"]}}],"collection":[{"href":"https:\/\/secureus.se\/de\/wp-json\/wp\/v2\/product"}],"about":[{"href":"https:\/\/secureus.se\/de\/wp-json\/wp\/v2\/types\/product"}],"wp:featuredmedia":[{"embeddable":true,"href":"https:\/\/secureus.se\/de\/wp-json\/wp\/v2\/media\/141621"}],"wp:attachment":[{"href":"https:\/\/secureus.se\/de\/wp-json\/wp\/v2\/media?parent=72394"}],"wp:term":[{"taxonomy":"product_brand","embeddable":true,"href":"https:\/\/secureus.se\/de\/wp-json\/wp\/v2\/product_brand?post=72394"},{"taxonomy":"product_cat","embeddable":true,"href":"https:\/\/secureus.se\/de\/wp-json\/wp\/v2\/product_cat?post=72394"},{"taxonomy":"product_tag","embeddable":true,"href":"https:\/\/secureus.se\/de\/wp-json\/wp\/v2\/product_tag?post=72394"}],"curies":[{"name":"wp","href":"https:\/\/api.w.org\/{rel}","templated":true}]}}