{"id":72402,"date":"2023-01-23T09:55:48","date_gmt":"2023-01-23T08:55:48","guid":{"rendered":"https:\/\/secureus.se\/produkt\/utgangskort-hsm2208-med-8-pgm-2\/"},"modified":"2025-12-31T20:40:23","modified_gmt":"2025-12-31T19:40:23","slug":"dsc-hsm2300-power-supply-module","status":"publish","type":"product","link":"https:\/\/secureus.se\/de\/dsc-hsm2300-power-supply-module\/","title":{"rendered":"DSC HSM2300 \u00fcberwachtes Netzteilmodul"},"content":{"rendered":"<p><strong>DSC HSM2300<\/strong> ist ein leistungsstarkes und zuverl\u00e4ssiges Stromversorgungsmodul, das speziell auf die Anforderungen von DSC Neo-Alarmsystemen zugeschnitten ist.<\/p>\n<p>Mit einem Ausgang von 12 VDC und 1 Ampere ist es ideal f\u00fcr Installationen, bei denen zus\u00e4tzliche Leistung erforderlich ist, insbesondere bei der Erweiterung des Systems.<\/p>\n<p>Das HSM2300 ist f\u00fcr den Anschluss an einen 40-VA-Transformator und eine eigene Notstrombatterie (7 Ah) ausgelegt, um sicherzustellen, dass das System auch bei einem Stromausfall weiter funktioniert.<\/p>\n<p>Dieses Modul wird vollst\u00e4ndig \u00fcberwacht, um m\u00f6gliche AC-Fehler, schwache Batterie und AUX-Fehler zu erkennen und so ein zus\u00e4tzliches Ma\u00df an Sicherheit zu bieten.<\/p>\n<p>Mit seinem 1-Ampere-Ausgang kann es zur Stromversorgung verschiedener Sicherheitskomponenten, einschlie\u00dflich Sirenen und anderer Ger\u00e4te, verwendet werden, was es zu einer vielseitigen L\u00f6sung f\u00fcr private und gewerbliche Installationen macht.<\/p>\n<p>Die PowerSeries Neo zeichnet sich durch ihre F\u00e4higkeit aus, bis zu 128 Zonen drahtlos und hardwarem\u00e4\u00dfig zu \u00fcberwachen und so eine individuelle Sicherheitsl\u00f6sung mit 8 Partitionen f\u00fcr verschiedene Bereiche eines Geb\u00e4udes zu erm\u00f6glichen.<\/p>\n<p>Mit dem HSM2300 als Teil des Systems k\u00f6nnen Benutzer darauf vertrauen, dass ihre Sicherheit gew\u00e4hrleistet ist und sie \u00fcber eine robuste Stromversorgung zur Unterst\u00fctzung des gesamten Systems verf\u00fcgen.<\/p>","protected":false},"excerpt":{"rendered":"<p>Das DSC HSM2300 ist ein 12-VDC-Netzteil mit einem Ausgang von 1 Ampere, das speziell f\u00fcr Neo-Alarmsysteme entwickelt wurde.<\/p>\n<p>Es unterst\u00fctzt eine maximale Installation mit bis zu 4 Netzteilplatinen f\u00fcr HS2128 und 3 f\u00fcr andere Systeme.<\/p>\n<p>Durch die Gew\u00e4hrleistung einer zuverl\u00e4ssigen Stromversorgung sch\u00fctzt das HSM2300 vor Spannungsabf\u00e4llen und \u00dcberlastungen und ist damit ein wichtiger Bestandteil f\u00fcr die Aufrechterhaltung der Sicherheit.<\/p>","protected":false},"featured_media":140762,"template":"","meta":{"_acf_changed":false},"product_brand":[],"product_cat":[3328,1322],"product_tag":[3311,3030],"class_list":{"0":"post-72402","1":"product","2":"type-product","3":"status-publish","4":"has-post-thumbnail","6":"product_cat-kort-utbyggnad","7":"product_cat-dsc-larm-neo-power-hybridlarm","8":"product_tag-dsc-neo-svensk-manual","9":"product_tag-neo-matnings-utgangskort","10":"product_shipping_class-postnord-varubrev","11":"pa_brands-4dsc","12":"tm-has-options","14":"first","15":"onbackorder","16":"sale","17":"featured","18":"taxable","19":"shipping-taxable","20":"purchasable","21":"product-type-simple"},"acf":[],"_links":{"self":[{"href":"https:\/\/secureus.se\/de\/wp-json\/wp\/v2\/product\/72402","targetHints":{"allow":["GET"]}}],"collection":[{"href":"https:\/\/secureus.se\/de\/wp-json\/wp\/v2\/product"}],"about":[{"href":"https:\/\/secureus.se\/de\/wp-json\/wp\/v2\/types\/product"}],"wp:featuredmedia":[{"embeddable":true,"href":"https:\/\/secureus.se\/de\/wp-json\/wp\/v2\/media\/140762"}],"wp:attachment":[{"href":"https:\/\/secureus.se\/de\/wp-json\/wp\/v2\/media?parent=72402"}],"wp:term":[{"taxonomy":"product_brand","embeddable":true,"href":"https:\/\/secureus.se\/de\/wp-json\/wp\/v2\/product_brand?post=72402"},{"taxonomy":"product_cat","embeddable":true,"href":"https:\/\/secureus.se\/de\/wp-json\/wp\/v2\/product_cat?post=72402"},{"taxonomy":"product_tag","embeddable":true,"href":"https:\/\/secureus.se\/de\/wp-json\/wp\/v2\/product_tag?post=72402"}],"curies":[{"name":"wp","href":"https:\/\/api.w.org\/{rel}","templated":true}]}}