{"id":72403,"date":"2023-01-23T09:55:48","date_gmt":"2023-01-23T08:55:48","guid":{"rendered":"https:\/\/secureus.se\/produkt\/dsc-neo-matnings-utgangskort-hsm2204-12vdc-1-amp-4-p-2\/"},"modified":"2026-04-17T09:56:00","modified_gmt":"2026-04-17T07:56:00","slug":"dsc-hsm2204-power-module","status":"publish","type":"product","link":"https:\/\/secureus.se\/de\/dsc-hsm2204-power-module\/","title":{"rendered":"DSC HSM2204 Leistungsmodul mit 4 Hochleistungsausg\u00e4ngen"},"content":{"rendered":"<p><strong>DSC HSM2204 Leistungsmodul<\/strong> ist eine robuste und vielseitige L\u00f6sung zur Verbesserung der Stromversorgung in DSC Neo-Alarmsystemen.<\/p>\n<p>Dieses Ger\u00e4t ist mit einem Hauptausgang ausgestattet, der 12 VDC mit einem Strom von bis zu 1 Ampere liefert, sowie vier programmierbaren Ausg\u00e4ngen, die jeweils auch 1 Ampere verarbeiten k\u00f6nnen.<\/p>\n<p>Dadurch eignet sich der HSM2204 ideal f\u00fcr gewerbliche und private Installationen, bei denen m\u00f6glicherweise zus\u00e4tzlicher Strom f\u00fcr die Stromversorgung verschiedener Sicherheitskomponenten wie Sirenen und anderer Ger\u00e4te erforderlich ist.<\/p>\n<p>Der HSM2204 ist darauf ausgelegt, ein hohes Ma\u00df an \u00dcberwachung und Sicherheit zu bieten.<\/p>\n<p>Es wird vollst\u00e4ndig auf Wechselstromfehler, schwache Batterie und AUX-Fehler \u00fcberwacht, sodass Benutzer beruhigt sein k\u00f6nnen, dass ihr Sicherheitssystem immer in optimalem Zustand ist. Mit einer Kapazit\u00e4t f\u00fcr bis zu vier Stromversorgungsmodule in einem System f\u00fcr den HS2128, drei f\u00fcr den HS2064 und eines f\u00fcr andere Zentralger\u00e4te bietet der HSM2204 eine flexible Konfiguration und Integration in verschiedene Sicherheitsumgebungen.<\/p>\n<p>Dieses Modul erfordert den Anschluss an einen Transformator (40 VA) und eine Notstrombatterie von 7 Ah, um sicherzustellen, dass das System auch bei einem Stromausfall aktiv bleibt.<\/p>\n<p>Mit seinem kompakten Design und der benutzerfreundlichen Installation ist der DSC HSM2204 eine hervorragende Komponente f\u00fcr alle, die die Sicherheit und Zuverl\u00e4ssigkeit ihrer Alarmsysteme verbessern m\u00f6chten.<\/p>","protected":false},"excerpt":{"rendered":"<p>Die DSC HSM2204 ist eine leistungsstarke Stromversorgungsplatine f\u00fcr Neo-Alarmsysteme mit einem 12-V-Gleichstrom\/1-Ampere-Ausgang und vier programmierbaren Ausg\u00e4ngen (1 Ampere).<\/p>\n<p>Es bietet eine \u00dcberwachung auf Wechselstromausfall, schwache Batterie und AUX-Ausfall.<\/p>\n<p>Ideal f\u00fcr gro\u00dfe Installationen und erfordert den Anschluss an einen Transformator und eine Notstrombatterie.<\/p>\n<p>Der HSM2204 unterst\u00fctzt bis zu vier Karten in einem System f\u00fcr mehr Flexibilit\u00e4t und Sicherheit.<\/p>\n<p>&nbsp;<\/p>","protected":false},"featured_media":141171,"template":"","meta":{"_acf_changed":false},"product_brand":[],"product_cat":[3328,1322],"product_tag":[3311,3030],"class_list":{"0":"post-72403","1":"product","2":"type-product","3":"status-publish","4":"has-post-thumbnail","6":"product_cat-kort-utbyggnad","7":"product_cat-dsc-larm-neo-power-hybridlarm","8":"product_tag-dsc-neo-svensk-manual","9":"product_tag-neo-matnings-utgangskort","10":"product_shipping_class-postnord-varubrev","11":"pa_brands-4dsc","12":"tm-has-options","14":"first","15":"instock","16":"sale","17":"featured","18":"taxable","19":"shipping-taxable","20":"purchasable","21":"product-type-simple"},"acf":[],"_links":{"self":[{"href":"https:\/\/secureus.se\/de\/wp-json\/wp\/v2\/product\/72403","targetHints":{"allow":["GET"]}}],"collection":[{"href":"https:\/\/secureus.se\/de\/wp-json\/wp\/v2\/product"}],"about":[{"href":"https:\/\/secureus.se\/de\/wp-json\/wp\/v2\/types\/product"}],"wp:featuredmedia":[{"embeddable":true,"href":"https:\/\/secureus.se\/de\/wp-json\/wp\/v2\/media\/141171"}],"wp:attachment":[{"href":"https:\/\/secureus.se\/de\/wp-json\/wp\/v2\/media?parent=72403"}],"wp:term":[{"taxonomy":"product_brand","embeddable":true,"href":"https:\/\/secureus.se\/de\/wp-json\/wp\/v2\/product_brand?post=72403"},{"taxonomy":"product_cat","embeddable":true,"href":"https:\/\/secureus.se\/de\/wp-json\/wp\/v2\/product_cat?post=72403"},{"taxonomy":"product_tag","embeddable":true,"href":"https:\/\/secureus.se\/de\/wp-json\/wp\/v2\/product_tag?post=72403"}],"curies":[{"name":"wp","href":"https:\/\/api.w.org\/{rel}","templated":true}]}}