{"id":72406,"date":"2023-01-23T09:55:47","date_gmt":"2023-01-23T08:55:47","guid":{"rendered":"https:\/\/secureus.se\/produkt\/neo-power-g-wireless-keypad-lcd-hs2lcdwf-svensk-text\/"},"modified":"2026-01-06T20:50:57","modified_gmt":"2026-01-06T19:50:57","slug":"dsc-power-g-wireless-keypad-lcd-hs2lcdwf","status":"publish","type":"product","link":"https:\/\/secureus.se\/de\/dsc-power-g-wireless-keypad-lcd-hs2lcdwf\/","title":{"rendered":"DSC Power G Wireless Keypad LCD HS2LCDWF \u2013 schwedischer Text"},"content":{"rendered":"<p><strong>DSC Power G Funktastatur LCD HS2LCDWF<\/strong> ist eine fortschrittliche drahtlose Tastatur, die Benutzern eine einfache und effektive Steuerung von Neo-Alarmsystemen erm\u00f6glicht.<\/p>\n<p>Mit seinem hochaufl\u00f6senden LCD-Display und der Unterst\u00fctzung von Schwedisch und mehreren anderen Sprachen bietet es ein benutzerfreundliches Erlebnis, das die Navigation durch die Sicherheitseinstellungen erleichtert.<\/p>\n<p>Die Tastatur kann \u00fcber eine Entfernung von bis zu 2000 Metern kommunizieren, was eine gro\u00dfe Flexibilit\u00e4t bei der Installation bietet.<\/p>\n<p>Es unterst\u00fctzt bis zu 128 kabelgebundene oder kabellose Zonen und ist somit ideal f\u00fcr Wohn- und Gesch\u00e4ftsr\u00e4ume.<\/p>\n<p>Benutzer k\u00f6nnen eigene Texte f\u00fcr verschiedene Abschnitte und Alarmbereiche programmieren, was die \u00dcbersichtlichkeit und Effizienz bei der Verwaltung des Sicherheitssystems erh\u00f6ht.<\/p>\n<p>Mit f\u00fcnf programmierbaren Funktionstasten und drei Notruftasten bietet das HS2LCDWF schnellen Zugriff auf wichtige Funktionen und erleichtert so die Verwaltung von Sicherheitseinstellungen in Stresssituationen.<\/p>\n<p>Dar\u00fcber hinaus verf\u00fcgt die Tastatur \u00fcber einen Schraubanschluss zum Anschluss externer Ger\u00e4te und einen geringen Stromverbrauch von 55-105 mA, was zu ihrer Energieeffizienz beitr\u00e4gt.<\/p>\n<p>Zusammenfassend l\u00e4sst sich sagen, dass die DSC HS2LCDWF eine vielseitige und benutzerfreundliche Tastatur ist, die fortschrittliche Technologie mit praktischen Funktionen kombiniert und damit eine ausgezeichnete Wahl f\u00fcr alle ist, die eine zuverl\u00e4ssige Sicherheitsl\u00f6sung suchen.<\/p>","protected":false},"excerpt":{"rendered":"<p>DSC HS2LCDWF ist eine kabellose Tastatur f\u00fcr Neo-Alarmsysteme, ausgestattet mit einem LCD-Display mit schwedischem Text.<\/p>\n<p>Es hat eine Reichweite von bis zu 2000 Metern und erm\u00f6glicht die Programmierung von Abschnitten und Alarmbereichen.<\/p>\n<p>Mit 5 Funktionstasten und 3 Notfalltasten erm\u00f6glicht es Benutzern eine schnelle und effiziente Kontrolle \u00fcber das Sicherheitssystem.<\/p>","protected":false},"featured_media":140774,"template":"","meta":{"_acf_changed":false},"product_brand":[],"product_cat":[3329,1322],"product_tag":[3311,3028,3029],"class_list":{"0":"post-72406","1":"product","2":"type-product","3":"status-publish","4":"has-post-thumbnail","6":"product_cat-knappsats-kod","7":"product_cat-dsc-larm-neo-power-hybridlarm","8":"product_tag-dsc-neo-svensk-manual","9":"product_tag-neo-knappsats-manoverpaneler","10":"product_tag-neo-dsc-knappsats-manoverpaneler","11":"product_shipping_class-postnord-varubrev","12":"pa_brands-4dsc","13":"tm-has-options","15":"first","16":"outofstock","17":"sale","18":"featured","19":"taxable","20":"shipping-taxable","21":"purchasable","22":"product-type-simple"},"acf":[],"_links":{"self":[{"href":"https:\/\/secureus.se\/de\/wp-json\/wp\/v2\/product\/72406","targetHints":{"allow":["GET"]}}],"collection":[{"href":"https:\/\/secureus.se\/de\/wp-json\/wp\/v2\/product"}],"about":[{"href":"https:\/\/secureus.se\/de\/wp-json\/wp\/v2\/types\/product"}],"wp:featuredmedia":[{"embeddable":true,"href":"https:\/\/secureus.se\/de\/wp-json\/wp\/v2\/media\/140774"}],"wp:attachment":[{"href":"https:\/\/secureus.se\/de\/wp-json\/wp\/v2\/media?parent=72406"}],"wp:term":[{"taxonomy":"product_brand","embeddable":true,"href":"https:\/\/secureus.se\/de\/wp-json\/wp\/v2\/product_brand?post=72406"},{"taxonomy":"product_cat","embeddable":true,"href":"https:\/\/secureus.se\/de\/wp-json\/wp\/v2\/product_cat?post=72406"},{"taxonomy":"product_tag","embeddable":true,"href":"https:\/\/secureus.se\/de\/wp-json\/wp\/v2\/product_tag?post=72406"}],"curies":[{"name":"wp","href":"https:\/\/api.w.org\/{rel}","templated":true}]}}