{"id":72408,"date":"2023-01-23T09:55:47","date_gmt":"2023-01-23T08:55:47","guid":{"rendered":"https:\/\/secureus.se\/produkt\/neo-keypad-lcd-hs2lcd-svensk-text\/"},"modified":"2026-01-06T20:44:06","modified_gmt":"2026-01-06T19:44:06","slug":"dsc-security-keypad-hs2lcd","status":"publish","type":"product","link":"https:\/\/secureus.se\/de\/dsc-security-keypad-hs2lcd\/","title":{"rendered":"DSC-Sicherheitstastatur HS2LCD \u2013 schwedischer Text"},"content":{"rendered":"<p><strong>DSC-Sicherheitstastatur HS2LCD<\/strong> ist eine fortschrittliche und benutzerfreundliche Tastatur, die f\u00fcr den Einsatz mit dem Neo-Alarmsystem entwickelt wurde.<\/p>\n<p>Dieses Ger\u00e4t verf\u00fcgt \u00fcber ein \u00fcbersichtliches LCD-Display mit schwedischen Texten, das Benutzern die Navigation in schwedischen Umgebungen erleichtert. Durch die Unterst\u00fctzung von bis zu 128 kabelgebundenen oder kabellosen Zonen kann die Tastatur an eine Vielzahl von Sicherheitsanforderungen angepasst werden, egal ob es sich um private oder gewerbliche Installationen handelt.<\/p>\n<p>Das HS2LCD bietet vollst\u00e4ndig programmierbare Etiketten mit bis zu 32 Zeichen, die eine individuelle Anpassung und klare Identifizierung verschiedener Abschnitte und Alarmbereiche erm\u00f6glichen.<\/p>\n<p>Die Tastatur verf\u00fcgt \u00fcber f\u00fcnf programmierbare Funktionstasten f\u00fcr schnellen Zugriff und drei Notruftasten f\u00fcr sofortige Reaktion in Notsituationen.<\/p>\n<p>Dar\u00fcber hinaus verf\u00fcgt das Ger\u00e4t \u00fcber eine integrierte Temperaturanzeige, die dem Benutzer zus\u00e4tzliche Informationen liefert.<\/p>\n<p>Das moderne und schlanke Design des HS2LCD mit hintergrundbeleuchteten Tasten sorgt daf\u00fcr, dass es auch bei schlechten Lichtverh\u00e4ltnissen einfach zu bedienen ist.<\/p>\n<p>Mit einem Stromverbrauch zwischen 55 und 105 mA ist diese Tastatur zudem energieeffizient.<\/p>\n<p>Mit Funktionen wie Ereignisspeicher, programmierbarer Hintergrundbeleuchtung und doppelter Wandmontage bietet das HS2LCD eine Kombination aus Funktionalit\u00e4t und Flexibilit\u00e4t, die kaum zu \u00fcbertreffen ist.<\/p>\n<p>Ganz gleich, ob Sie die Sicherheit Ihres Zuhauses oder Ihres Unternehmens erh\u00f6hen m\u00f6chten, das DSC Security Keypad HS2LCD ist eine zuverl\u00e4ssige und effektive L\u00f6sung.<\/p>","protected":false},"excerpt":{"rendered":"<p>Die DSC-Sicherheitstastatur HS2LCD ist eine kabelgebundene Tastatur mit LCD-Display und schwedischem Text, die f\u00fcr das Neo-Alarmsystem entwickelt wurde.<\/p>\n<p>Es verf\u00fcgt \u00fcber programmierbare Texte f\u00fcr Abschnitte und Ereignisspeicher, die auf dem Display abgelesen werden k\u00f6nnen.<\/p>\n<p>Mit f\u00fcnf Funktionstasten, drei Notfalltasten und der M\u00f6glichkeit, bis zu 128 Zonen zu unterst\u00fctzen, bietet es eine benutzerfreundliche L\u00f6sung f\u00fcr effektive \u00dcberwachung und Steuerung.<\/p>","protected":false},"featured_media":140615,"template":"","meta":{"_acf_changed":false},"product_brand":[],"product_cat":[3329,1322],"product_tag":[3311,3028,3029],"class_list":{"0":"post-72408","1":"product","2":"type-product","3":"status-publish","4":"has-post-thumbnail","6":"product_cat-knappsats-kod","7":"product_cat-dsc-larm-neo-power-hybridlarm","8":"product_tag-dsc-neo-svensk-manual","9":"product_tag-neo-knappsats-manoverpaneler","10":"product_tag-neo-dsc-knappsats-manoverpaneler","11":"product_shipping_class-postnord-varubrev","12":"pa_brands-4dsc","13":"tm-has-options","15":"first","16":"outofstock","17":"sale","18":"featured","19":"taxable","20":"shipping-taxable","21":"purchasable","22":"product-type-simple"},"acf":[],"_links":{"self":[{"href":"https:\/\/secureus.se\/de\/wp-json\/wp\/v2\/product\/72408","targetHints":{"allow":["GET"]}}],"collection":[{"href":"https:\/\/secureus.se\/de\/wp-json\/wp\/v2\/product"}],"about":[{"href":"https:\/\/secureus.se\/de\/wp-json\/wp\/v2\/types\/product"}],"wp:featuredmedia":[{"embeddable":true,"href":"https:\/\/secureus.se\/de\/wp-json\/wp\/v2\/media\/140615"}],"wp:attachment":[{"href":"https:\/\/secureus.se\/de\/wp-json\/wp\/v2\/media?parent=72408"}],"wp:term":[{"taxonomy":"product_brand","embeddable":true,"href":"https:\/\/secureus.se\/de\/wp-json\/wp\/v2\/product_brand?post=72408"},{"taxonomy":"product_cat","embeddable":true,"href":"https:\/\/secureus.se\/de\/wp-json\/wp\/v2\/product_cat?post=72408"},{"taxonomy":"product_tag","embeddable":true,"href":"https:\/\/secureus.se\/de\/wp-json\/wp\/v2\/product_tag?post=72408"}],"curies":[{"name":"wp","href":"https:\/\/api.w.org\/{rel}","templated":true}]}}