{"id":72413,"date":"2023-01-23T09:55:47","date_gmt":"2023-01-23T08:55:47","guid":{"rendered":"https:\/\/secureus.se\/produkt\/zone-expander-hsm2108-8-sektioner-neo\/"},"modified":"2026-04-16T12:10:16","modified_gmt":"2026-04-16T10:10:16","slug":"dsc-hsm2108-sektionskort","status":"publish","type":"product","link":"https:\/\/secureus.se\/de\/dsc-hsm2108-sektionskort\/","title":{"rendered":"DSC HSM2108 Festverdrahtete Sicherheitserweiterung \u2013 8 Abschnitte"},"content":{"rendered":"<p><strong>DSC HSM2108<\/strong> ist eine wichtige Komponente zur Erweiterung der Kapazit\u00e4t des DSC Neo Alarmsystems.<\/p>\n<p>Mit dieser Abschnittskarte k\u00f6nnen bis zu 8 verdrahtete Abschnitte pro Karte hinzugef\u00fcgt werden, sodass die Sicherheitsl\u00f6sung an spezifische Anforderungen angepasst werden kann.<\/p>\n<p>Der HSM2108 bietet vollst\u00e4ndig programmierbare dual-symmetrische Abschnitte, die dem Benutzer Flexibilit\u00e4t und Kontrolle \u00fcber die Konfiguration des Sicherheitssystems geben.<\/p>\n<p>Bei maximaler Kapazit\u00e4t k\u00f6nnen bis zu 15 Sektionsplatinen an HS2128, 7 an HS2064, 3 an HS2032 und 1 an HS2016 angeschlossen werden, was umfassende M\u00f6glichkeiten f\u00fcr private und gewerbliche Installationen bietet.<\/p>\n<p>Die Platine wird ohne Geh\u00e4use geliefert und kann in einem separaten Geh\u00e4use montiert oder in das Hauptgeh\u00e4use der Zentrale integriert werden, was eine einfache Installation und Handhabung erm\u00f6glicht.<\/p>\n<p>Der HSM2108 hat einen Stromverbrauch von 30 mA und sorgt f\u00fcr eine zuverl\u00e4ssige \u00dcberwachung und Sicherheit des Systems.<\/p>\n<p>Mit diesem modularen Ansatz k\u00f6nnen Anwender ihre Sicherheitssysteme skalieren und anpassen, um sowohl aktuellen als auch zuk\u00fcnftigen Anforderungen gerecht zu werden.<\/p>\n<p><b>\u00a0<\/b>ist eine wichtige Komponente zur Erweiterung der Kapazit\u00e4t des DSC Neo Alarmsystems.<\/p>\n<p>Mit dieser Abschnittskarte k\u00f6nnen bis zu 8 verdrahtete Abschnitte pro Karte hinzugef\u00fcgt werden, sodass die Sicherheitsl\u00f6sung an spezifische Anforderungen angepasst werden kann. Der HSM2108 bietet vollst\u00e4ndig programmierbare dual-symmetrische Abschnitte, die dem Benutzer Flexibilit\u00e4t und Kontrolle \u00fcber die Konfiguration des Sicherheitssystems geben.<\/p>\n<p>Bei maximaler Kapazit\u00e4t k\u00f6nnen bis zu 15 Sektionsplatinen an HS2128, 7 an HS2064, 3 an HS2032 und 1 an HS2016 angeschlossen werden, was umfassende M\u00f6glichkeiten f\u00fcr private und gewerbliche Installationen bietet.<\/p>\n<p>Die Platine wird ohne Geh\u00e4use geliefert und kann in einem separaten Geh\u00e4use montiert oder in das Hauptgeh\u00e4use der Zentrale integriert werden, was eine einfache Installation und Handhabung erm\u00f6glicht.<\/p>\n<p>Der HSM2108 hat einen Stromverbrauch von 30 mA und sorgt f\u00fcr eine zuverl\u00e4ssige \u00dcberwachung und Sicherheit des Systems.<\/p>\n<p>Mit diesem modularen Ansatz k\u00f6nnen Anwender ihre Sicherheitssysteme skalieren und anpassen, um sowohl aktuellen als auch zuk\u00fcnftigen Anforderungen gerecht zu werden.<\/p>","protected":false},"excerpt":{"rendered":"<p>DSC HSM2108 ist eine Abschnittskarte, die das Neo-Alarmsystem um 8 verdrahtete Abschnitte pro Karte erweitert.<\/p>\n<p>Mit vollst\u00e4ndig programmierbaren Dual-Balanced-Abschnitten bietet dies modulare Sicherheit und Flexibilit\u00e4t f\u00fcr kundenspezifische Installationen.<\/p>\n<p>Der HSM2108 erfordert den Anschluss an ein Geh\u00e4use und hat einen Stromverbrauch von 30 mA.<\/p>\n<p>&nbsp;<\/p>","protected":false},"featured_media":140955,"template":"","meta":{"_acf_changed":false},"product_brand":[],"product_cat":[3328,1322],"product_tag":[3311,3030],"class_list":{"0":"post-72413","1":"product","2":"type-product","3":"status-publish","4":"has-post-thumbnail","6":"product_cat-kort-utbyggnad","7":"product_cat-dsc-larm-neo-power-hybridlarm","8":"product_tag-dsc-neo-svensk-manual","9":"product_tag-neo-matnings-utgangskort","10":"product_shipping_class-postnord-varubrev","11":"pa_brands-4dsc","12":"tm-has-options","14":"first","15":"instock","16":"sale","17":"featured","18":"taxable","19":"shipping-taxable","20":"purchasable","21":"product-type-simple"},"acf":[],"_links":{"self":[{"href":"https:\/\/secureus.se\/de\/wp-json\/wp\/v2\/product\/72413","targetHints":{"allow":["GET"]}}],"collection":[{"href":"https:\/\/secureus.se\/de\/wp-json\/wp\/v2\/product"}],"about":[{"href":"https:\/\/secureus.se\/de\/wp-json\/wp\/v2\/types\/product"}],"wp:featuredmedia":[{"embeddable":true,"href":"https:\/\/secureus.se\/de\/wp-json\/wp\/v2\/media\/140955"}],"wp:attachment":[{"href":"https:\/\/secureus.se\/de\/wp-json\/wp\/v2\/media?parent=72413"}],"wp:term":[{"taxonomy":"product_brand","embeddable":true,"href":"https:\/\/secureus.se\/de\/wp-json\/wp\/v2\/product_brand?post=72413"},{"taxonomy":"product_cat","embeddable":true,"href":"https:\/\/secureus.se\/de\/wp-json\/wp\/v2\/product_cat?post=72413"},{"taxonomy":"product_tag","embeddable":true,"href":"https:\/\/secureus.se\/de\/wp-json\/wp\/v2\/product_tag?post=72413"}],"curies":[{"name":"wp","href":"https:\/\/api.w.org\/{rel}","templated":true}]}}