{"id":72422,"date":"2023-01-23T09:55:45","date_gmt":"2023-01-23T08:55:45","guid":{"rendered":"https:\/\/secureus.se\/produkt\/dsc-neo-power-g-wireless-repeater-pg8920-2\/"},"modified":"2026-02-23T14:45:39","modified_gmt":"2026-02-23T13:45:39","slug":"dsc-repeater-pg8920-powerg-wireless","status":"publish","type":"product","link":"https:\/\/secureus.se\/de\/dsc-repeater-pg8920-powerg-wireless\/","title":{"rendered":"DSC-Repeater PG8920 PowerG Wireless"},"content":{"rendered":"<p><strong>DSC-Repeater PG8920<\/strong> ist eine drahtlose Verbindungsstation, die f\u00fcr die Erweiterung der Kommunikationsreichweite von PowerSeries Neo-Alarmsystemen unerl\u00e4sslich ist.<\/p>\n<p>Als Repeater erweitert er das Funksignal zwischen dem Alarmsystem und anderen PowerG-Ger\u00e4ten und stellt so sicher, dass alle Teile des Systems effektiv kommunizieren, unabh\u00e4ngig von Geb\u00e4udegr\u00f6\u00dfe oder Materialien.<\/p>\n<p>Mit einer Reichweite von bis zu 2 km in Sichtweite und automatischer Anpassung der Sendest\u00e4rke tr\u00e4gt der PG8920 dazu bei, die Batterielebensdauer angeschlossener Ger\u00e4te zu verbessern, indem er die erforderliche Sendeleistung minimiert.<\/p>\n<p>Es ist au\u00dferdem mit einer LED-Signalst\u00e4rkeanzeige ausgestattet, die die Installation einfacher und effizienter macht, indem sie dem Installateur bei der Auswahl des optimalen Installationsorts hilft.<\/p>\n<p>Der PG8920 wird mit einem Netzteil geliefert und verf\u00fcgt \u00fcber einen integrierten wiederaufladbaren Ni-MH-Akku, der bei einem Stromausfall 48 Stunden Backup bietet.<\/p>\n<p>Mit robusten Sicherheitsfunktionen und einem modernen Design ist der PG8920 die perfekte Erg\u00e4nzung, um zuverl\u00e4ssige Kommunikation und maximale Sicherheit in Ihrem PowerG-Alarmsystem zu gew\u00e4hrleisten.<\/p>","protected":false},"excerpt":{"rendered":"<p>Der DSC-Repeater PG8920 ist eine leistungsstarke Verbindungsstation f\u00fcr PowerG-Systeme, die zur Erweiterung der Funkreichweite zwischen dem Alarmsystem und anderen Ger\u00e4ten entwickelt wurde.<\/p>\n<p>Mit Unterst\u00fctzung f\u00fcr die automatische Anpassung der \u00dcbertragungsst\u00e4rke und einer Batteriesicherung von 48 Stunden gew\u00e4hrleistet es eine stabile und zuverl\u00e4ssige Kommunikation selbst in den anspruchsvollsten Umgebungen.<\/p>","protected":false},"featured_media":141202,"template":"","meta":{"_acf_changed":false},"product_brand":[],"product_cat":[3338,1322],"product_tag":[3311],"class_list":{"0":"post-72422","1":"product","2":"type-product","3":"status-publish","4":"has-post-thumbnail","6":"product_cat-repeater","7":"product_cat-dsc-larm-neo-power-hybridlarm","8":"product_tag-dsc-neo-svensk-manual","9":"product_shipping_class-postnord-varubrev","10":"pa_brands-4dsc","11":"tm-has-options","13":"first","14":"instock","15":"sale","16":"featured","17":"taxable","18":"shipping-taxable","19":"purchasable","20":"product-type-simple"},"acf":[],"_links":{"self":[{"href":"https:\/\/secureus.se\/de\/wp-json\/wp\/v2\/product\/72422","targetHints":{"allow":["GET"]}}],"collection":[{"href":"https:\/\/secureus.se\/de\/wp-json\/wp\/v2\/product"}],"about":[{"href":"https:\/\/secureus.se\/de\/wp-json\/wp\/v2\/types\/product"}],"wp:featuredmedia":[{"embeddable":true,"href":"https:\/\/secureus.se\/de\/wp-json\/wp\/v2\/media\/141202"}],"wp:attachment":[{"href":"https:\/\/secureus.se\/de\/wp-json\/wp\/v2\/media?parent=72422"}],"wp:term":[{"taxonomy":"product_brand","embeddable":true,"href":"https:\/\/secureus.se\/de\/wp-json\/wp\/v2\/product_brand?post=72422"},{"taxonomy":"product_cat","embeddable":true,"href":"https:\/\/secureus.se\/de\/wp-json\/wp\/v2\/product_cat?post=72422"},{"taxonomy":"product_tag","embeddable":true,"href":"https:\/\/secureus.se\/de\/wp-json\/wp\/v2\/product_tag?post=72422"}],"curies":[{"name":"wp","href":"https:\/\/api.w.org\/{rel}","templated":true}]}}