{"id":72428,"date":"2023-01-23T09:55:43","date_gmt":"2023-01-23T08:55:43","guid":{"rendered":"https:\/\/secureus.se\/produkt\/neo-communicator-ip-4g-cell-eth-tl280le\/"},"modified":"2026-04-25T15:28:56","modified_gmt":"2026-04-25T13:28:56","slug":"dsc-dual-path-tl280le","status":"publish","type":"product","link":"https:\/\/secureus.se\/de\/dsc-dual-path-tl280le\/","title":{"rendered":"DSC Dual Path TL280LE (Ethernet 4G IP)"},"content":{"rendered":"<p><strong>DSC Dual Path TL280LE<\/strong> ist ein fortschrittlicher Funk-Transceiver, der die Sicherheits- und Kommunikationsfunktionen der PowerSeries NEO-Alarmsysteme verbessert.<\/p>\n<p>Der TL280LE unterst\u00fctzt sowohl IP- als auch 4G-Verbindungen und bietet einen dualen Kommunikationspfad, der eine schnelle und zuverl\u00e4ssige \u00dcbertragung von Alarmmeldungen gew\u00e4hrleistet.<\/p>\n<p>Es ist f\u00fcr die Nutzung von 2G-, 3G- und 4G-Netzwerken f\u00fcr maximale Zuverl\u00e4ssigkeit und Flexibilit\u00e4t ausgelegt.<\/p>\n<p>Das Ger\u00e4t ist einfach zu installieren und wird mithilfe der mitgelieferten Montageplatte im Hauptgeh\u00e4use der Zentrale platziert.<\/p>\n<p>Der TL280LE unterst\u00fctzt die DLS-Fernprogrammierung und kann Alarmformate wie SIA und Contact ID verarbeiten.<\/p>\n<p>Es ist au\u00dferdem mit einer LED-Statusanzeige f\u00fcr Signalst\u00e4rke und Fehlerbehandlung ausgestattet.<\/p>\n<p>Mit einer Stromaufnahme von 120 mA min und 400 mA max l\u00e4sst sich der TL280LE problemlos in verschiedene Sicherheitsl\u00f6sungen integrieren.<\/p>\n<p>Es bietet eine 128-Bit-AES-verschl\u00fcsselte Kommunikation zum Schutz der Daten w\u00e4hrend der \u00dcbertragung und erh\u00f6ht so die Sicherheit weiter.<\/p>\n<p>Der TL280LE ist mit den Alarmempf\u00e4ngern Sur-Gard System I-IP \/ II \/ III \/ IV \/ 5 kompatibel und bietet eine flexible L\u00f6sung f\u00fcr Privat- und Gesch\u00e4ftskunden.<\/p>\n<p>&nbsp;<\/p>","protected":false},"excerpt":{"rendered":"<p>Der DSC Dual Path TL280LE ist ein Funk-Transceiver, der sowohl IP- als auch 4G-Konnektivit\u00e4t f\u00fcr PowerSeries NEO-Alarmsysteme bietet.<\/p>\n<p>Es bietet hohe Zuverl\u00e4ssigkeit mit Unterst\u00fctzung f\u00fcr 2G-, 3G- und 4G-Netzwerke und kann als prim\u00e4rer oder sekund\u00e4rer Alarmsender verwendet werden.<\/p>\n<p>Der TL280LE ist einfach zu installieren und zu programmieren und somit eine optimale L\u00f6sung f\u00fcr eine zuverl\u00e4ssige Alarm\u00fcbertragung.<\/p>","protected":false},"featured_media":140655,"template":"","meta":{"_acf_changed":false},"product_brand":[],"product_cat":[3320,1322],"product_tag":[3311,3024],"class_list":{"0":"post-72428","1":"product","2":"type-product","3":"status-publish","4":"has-post-thumbnail","6":"product_cat-larmsandare-dsc-larm-neo-power-hybridlarm","7":"product_cat-dsc-larm-neo-power-hybridlarm","8":"product_tag-dsc-neo-svensk-manual","9":"product_tag-neo-gsm-ip-4g-larmsandare","10":"product_shipping_class-postnord-varubrev","11":"pa_brands-4dsc","12":"tm-has-options","14":"first","15":"instock","16":"sale","17":"featured","18":"taxable","19":"shipping-taxable","20":"purchasable","21":"product-type-simple"},"acf":[],"_links":{"self":[{"href":"https:\/\/secureus.se\/de\/wp-json\/wp\/v2\/product\/72428","targetHints":{"allow":["GET"]}}],"collection":[{"href":"https:\/\/secureus.se\/de\/wp-json\/wp\/v2\/product"}],"about":[{"href":"https:\/\/secureus.se\/de\/wp-json\/wp\/v2\/types\/product"}],"wp:featuredmedia":[{"embeddable":true,"href":"https:\/\/secureus.se\/de\/wp-json\/wp\/v2\/media\/140655"}],"wp:attachment":[{"href":"https:\/\/secureus.se\/de\/wp-json\/wp\/v2\/media?parent=72428"}],"wp:term":[{"taxonomy":"product_brand","embeddable":true,"href":"https:\/\/secureus.se\/de\/wp-json\/wp\/v2\/product_brand?post=72428"},{"taxonomy":"product_cat","embeddable":true,"href":"https:\/\/secureus.se\/de\/wp-json\/wp\/v2\/product_cat?post=72428"},{"taxonomy":"product_tag","embeddable":true,"href":"https:\/\/secureus.se\/de\/wp-json\/wp\/v2\/product_tag?post=72428"}],"curies":[{"name":"wp","href":"https:\/\/api.w.org\/{rel}","templated":true}]}}