{"id":72437,"date":"2023-01-23T09:55:42","date_gmt":"2023-01-23T08:55:42","guid":{"rendered":"https:\/\/secureus.se\/produkt\/neo-communicator-4g-cellular-le2080\/"},"modified":"2026-05-06T18:10:11","modified_gmt":"2026-05-06T16:10:11","slug":"dsc-le2080-4g-alarm-communicator","status":"publish","type":"product","link":"https:\/\/secureus.se\/de\/dsc-le2080-4g-alarm-communicator\/","title":{"rendered":"DSC LE2080 4G-Alarmsender LTE\/HSPA\/Internet-Mobilfunk\/Dual-Path-Alarmkommunikation f\u00fcr PowerSeries NEO"},"content":{"rendered":"<p><b>DSC LE2080 4G <\/b>\u00a0ist ein fortschrittlicher Alarmsender, der eine zuverl\u00e4ssige und schnelle Kommunikation zwischen Ihrem DSC NEO-Alarmsystem und einer Alarmzentrale erm\u00f6glicht.<\/p>\n<p>Dank der 4G-Netzwerkunterst\u00fctzung wird sichergestellt, dass Ihre Alarmmeldungen Sie auch dann sicher erreichen, wenn 3G abgeschaltet ist.<\/p>\n<p>Er kann wahlweise als prim\u00e4rer oder sekund\u00e4rer Alarmgeber eingesetzt werden und bietet dank der M\u00f6glichkeit, zwischen 2G, 3G und 4G umzuschalten, eine hohe Betriebssicherheit.<\/p>\n<p>Der LE2080 ist mit der Fernprogrammierung \u00fcber DLS kompatibel und erleichtert so die Verwaltung von Systemeinstellungen und Updates.<\/p>\n<p>Es unterst\u00fctzt die Alarmformate SIA und Contact ID und verf\u00fcgt au\u00dferdem \u00fcber SMS-Funktionen und die M\u00f6glichkeit der Bild\u00fcbertragung von Neo-Kamerameldern.<\/p>\n<p>Die Installation ist einfach und erfolgt mit einer mitgelieferten Montageplatte und Anschlusskabel, sowie einer Antenne f\u00fcr optimale Signalst\u00e4rke.<\/p>\n<p>Dar\u00fcber hinaus ist der LE2080 vom SBSC in der Alarmklasse 2 zugelassen, was gew\u00e4hrleistet, dass er strenge Sicherheitsstandards erf\u00fcllt.<\/p>\n<p>Mit einem Stromverbrauch zwischen 100 mA und 400 mA und einem Temperaturbereich von -10 bis +55 \u00b0C ist dieser Alarmsender eine robuste L\u00f6sung f\u00fcr Privathaushalte und Unternehmen.<\/p>","protected":false},"excerpt":{"rendered":"<p>Der DSC LE2080 4G ist ein integrierter Alarmsender f\u00fcr PowerSeries NEO-Systeme, der die Kommunikation \u00fcber 4G erm\u00f6glicht.<\/p>\n<p>Dank der hohen Betriebssicherheit durch Unterst\u00fctzung von 2G-, 3G- und insbesondere 4G-Netzen kann es als prim\u00e4rer oder sekund\u00e4rer Alarmsender fungieren.<\/p>\n<p>Der LE2080 unterst\u00fctzt die Fernprogrammierung und verarbeitet verschiedene Alarmformate, einschlie\u00dflich SMS-Funktionen und Bild\u00fcbertragung von Kamerameldern.<\/p>","protected":false},"featured_media":140828,"template":"","meta":{"_acf_changed":false},"product_brand":[],"product_cat":[3320,1322],"product_tag":[3311,3024],"class_list":{"0":"post-72437","1":"product","2":"type-product","3":"status-publish","4":"has-post-thumbnail","6":"product_cat-larmsandare-dsc-larm-neo-power-hybridlarm","7":"product_cat-dsc-larm-neo-power-hybridlarm","8":"product_tag-dsc-neo-svensk-manual","9":"product_tag-neo-gsm-ip-4g-larmsandare","10":"product_shipping_class-tunga-paket","11":"pa_brands-4dsc","12":"tm-has-options","14":"first","15":"instock","16":"sale","17":"featured","18":"taxable","19":"shipping-taxable","20":"purchasable","21":"product-type-simple"},"acf":[],"_links":{"self":[{"href":"https:\/\/secureus.se\/de\/wp-json\/wp\/v2\/product\/72437","targetHints":{"allow":["GET"]}}],"collection":[{"href":"https:\/\/secureus.se\/de\/wp-json\/wp\/v2\/product"}],"about":[{"href":"https:\/\/secureus.se\/de\/wp-json\/wp\/v2\/types\/product"}],"wp:featuredmedia":[{"embeddable":true,"href":"https:\/\/secureus.se\/de\/wp-json\/wp\/v2\/media\/140828"}],"wp:attachment":[{"href":"https:\/\/secureus.se\/de\/wp-json\/wp\/v2\/media?parent=72437"}],"wp:term":[{"taxonomy":"product_brand","embeddable":true,"href":"https:\/\/secureus.se\/de\/wp-json\/wp\/v2\/product_brand?post=72437"},{"taxonomy":"product_cat","embeddable":true,"href":"https:\/\/secureus.se\/de\/wp-json\/wp\/v2\/product_cat?post=72437"},{"taxonomy":"product_tag","embeddable":true,"href":"https:\/\/secureus.se\/de\/wp-json\/wp\/v2\/product_tag?post=72437"}],"curies":[{"name":"wp","href":"https:\/\/api.w.org\/{rel}","templated":true}]}}