{"id":72443,"date":"2023-01-23T09:55:42","date_gmt":"2023-01-23T08:55:42","guid":{"rendered":"https:\/\/secureus.se\/produkt\/dsc-neo-power-g-wireless-rok-varme-detektor-pg8936-2\/"},"modified":"2026-04-01T13:53:27","modified_gmt":"2026-04-01T11:53:27","slug":"dsc-smoke-and-heat-detector-pg8936","status":"publish","type":"product","link":"https:\/\/secureus.se\/de\/dsc-smoke-and-heat-detector-pg8936\/","title":{"rendered":"DSC Rauch- und W\u00e4rmemelder Wireless PowerG PG8936"},"content":{"rendered":"<p><strong>DSC Rauch- und W\u00e4rmemelder PG8936<\/strong> ist ein drahtloses High-Tech-Ger\u00e4t, das wirksamen Brandschutz f\u00fcr Privathaushalte und Unternehmen bietet.<\/p>\n<p>Mit seiner Kombination aus fotoelektrischer Raucherkennung und einem W\u00e4rmesensor bietet der PG8936 hohe Sicherheit und Zuverl\u00e4ssigkeit bei der Brandfr\u00fcherkennung.<\/p>\n<p>Es wurde f\u00fcr die Kommunikation mit PowerSeries NEO-Alarmsystemen entwickelt und nutzt die fortschrittliche PowerG-Technologie, um eine Reichweite von bis zu 2 km im Freien zu gew\u00e4hrleisten.<\/p>\n<p>Der Melder ist mit einer leistungsstarken eingebauten Sirene ausgestattet, die einen Ton von 85 dB ausgibt, um bei der Erkennung von Rauch oder Temperaturen \u00fcber 57 \u00b0C zu warnen.<\/p>\n<p>Mit einer Batterielebensdauer von bis zu 5 Jahren (bei normalem Gebrauch) ist der PG8936 sowohl praktisch als auch kosteng\u00fcnstig und verwendet drei AAA-Batterien, die leicht ausgetauscht werden k\u00f6nnen.<\/p>\n<p>Das diskrete Design des PG8936 erleichtert die Installation in verschiedenen Umgebungen und LED-Anzeigen liefern klare Statusinformationen w\u00e4hrend der Installation und des Betriebs.<\/p>\n<p>Mit seiner F\u00e4higkeit, das Risiko von Fehlalarmen zu reduzieren und eine effektive Branderkennung zu gew\u00e4hrleisten, ist der DSC-Rauch- und W\u00e4rmemelder PG8936 ein unsch\u00e4tzbar wertvoller Bestandteil jedes Sicherheitssystems.<\/p>","protected":false},"excerpt":{"rendered":"<p>Der DSC-Rauch- und W\u00e4rmemelder PG8936 ist ein kabelloser Rauch- und W\u00e4rmemelder, der f\u00fcr das PowerSeries NEO-Alarmsystem entwickelt wurde.<\/p>\n<p>Mit der F\u00e4higkeit, sowohl Rauch als auch Hitze zu erkennen, bietet es eine Fr\u00fchwarnung im Brandfall und verringert das Risiko von Fehlalarmen.<\/p>\n<p>Es verf\u00fcgt \u00fcber eine eingebaute Sirene, die bei Rauch oder Temperaturen \u00fcber 57 \u00b0C aktiviert wird, und hat eine Batterielebensdauer von bis zu 5 Jahren.<\/p>\n<p>&nbsp;<\/p>","protected":false},"featured_media":140989,"template":"","meta":{"_acf_changed":false},"product_brand":[],"product_cat":[3319,1322],"product_tag":[3311,2422],"class_list":{"0":"post-72443","1":"product","2":"type-product","3":"status-publish","4":"has-post-thumbnail","6":"product_cat-brandvarnare-dsc-larm-neo-power-hybridlarm","7":"product_cat-dsc-larm-neo-power-hybridlarm","8":"product_tag-dsc-neo-svensk-manual","9":"product_tag-rel-brand","10":"product_shipping_class-postnord-varubrev","11":"pa_brands-4dsc","12":"tm-has-options","14":"first","15":"instock","16":"sale","17":"featured","18":"taxable","19":"shipping-taxable","20":"purchasable","21":"product-type-simple"},"acf":[],"_links":{"self":[{"href":"https:\/\/secureus.se\/de\/wp-json\/wp\/v2\/product\/72443","targetHints":{"allow":["GET"]}}],"collection":[{"href":"https:\/\/secureus.se\/de\/wp-json\/wp\/v2\/product"}],"about":[{"href":"https:\/\/secureus.se\/de\/wp-json\/wp\/v2\/types\/product"}],"wp:featuredmedia":[{"embeddable":true,"href":"https:\/\/secureus.se\/de\/wp-json\/wp\/v2\/media\/140989"}],"wp:attachment":[{"href":"https:\/\/secureus.se\/de\/wp-json\/wp\/v2\/media?parent=72443"}],"wp:term":[{"taxonomy":"product_brand","embeddable":true,"href":"https:\/\/secureus.se\/de\/wp-json\/wp\/v2\/product_brand?post=72443"},{"taxonomy":"product_cat","embeddable":true,"href":"https:\/\/secureus.se\/de\/wp-json\/wp\/v2\/product_cat?post=72443"},{"taxonomy":"product_tag","embeddable":true,"href":"https:\/\/secureus.se\/de\/wp-json\/wp\/v2\/product_tag?post=72443"}],"curies":[{"name":"wp","href":"https:\/\/api.w.org\/{rel}","templated":true}]}}