{"id":72451,"date":"2023-01-23T09:55:40","date_gmt":"2023-01-23T08:55:40","guid":{"rendered":"https:\/\/secureus.se\/produkt\/neo-keypad-lcd-w-transceiver-hs2lcdrf-svensk-text\/"},"modified":"2026-05-04T14:17:24","modified_gmt":"2026-05-04T12:17:24","slug":"dsc-keypad-hs2lcdrf","status":"publish","type":"product","link":"https:\/\/secureus.se\/de\/dsc-keypad-hs2lcdrf\/","title":{"rendered":"DSC-Tastatur HS2LCDRF \u2013 Drahtloser\/Transceiver-Funksender mit schwedischem Text"},"content":{"rendered":"<p><strong>DSC-Tastatur HS2LCDRF<\/strong> ist eine fortschrittliche drahtlose Tastatur, die f\u00fcr den Einsatz mit DSC Neo-Alarmsystemen entwickelt wurde.<\/p>\n<p>Es verf\u00fcgt \u00fcber ein \u00fcbersichtliches LCD-Display mit Unterst\u00fctzung f\u00fcr Schwedisch und mehrere andere Sprachen, wodurch es f\u00fcr alle Benutzer einfach zu bedienen ist.<\/p>\n<p>Der eingebaute Funkempf\u00e4nger erm\u00f6glicht eine einfache Integration mit drahtlosen Sensoren und anderen Neo-Produkten und bietet so eine flexible und anpassungsf\u00e4hige Sicherheitsl\u00f6sung.<\/p>\n<p>Die Tastatur ist mit frei programmierbaren Texten f\u00fcr Abschnitte und Alarmbereiche ausgestattet, sodass Meldungen f\u00fcr verschiedene Sicherheitszonen einfach angepasst werden k\u00f6nnen.<\/p>\n<p>Es verf\u00fcgt \u00fcber f\u00fcnf Funktionstasten f\u00fcr Schnellbefehle, drei Notruftasten und einen Schraubanschluss, der als verdrahteter Abschnittseingang oder PGM-Ausgang verwendet werden kann.<\/p>\n<p>Mit einem Stromverbrauch von nur 55\u2013105 mA ist der HS2LCDRF sowohl energieeffizient als auch zuverl\u00e4ssig.<\/p>\n<p>Das PowerSeries Neo-System eignet sich hervorragend f\u00fcr gro\u00dfe Installationen, da es bis zu 128 Zonen \u00fcberwachen kann und individuelle Sicherheitsl\u00f6sungen f\u00fcr acht Partitionen erm\u00f6glicht.<\/p>\n<p>Das DSC Keypad HS2LCDRF kombiniert die Stabilit\u00e4t kabelgebundener Systeme mit der Flexibilit\u00e4t kabelloser Ger\u00e4te und ist damit eine ideale L\u00f6sung f\u00fcr Privat- und Gesch\u00e4ftskunden.<\/p>","protected":false},"excerpt":{"rendered":"<p>Die DSC-Tastatur HS2LCDRF ist eine kabellose Tastatur mit LCD-Display, die mehrere Sprachen unterst\u00fctzt, darunter Schwedisch.<\/p>\n<p>Es ist f\u00fcr Neo-Alarmsysteme konzipiert und verf\u00fcgt \u00fcber einen eingebauten Funk, um den Anschluss von Funksensoren zu erm\u00f6glichen.<\/p>\n<p>Mit programmierbaren Texten, 5 Funktionstasten und 3 Notfalltasten bietet es sowohl Funktionalit\u00e4t als auch Benutzerfreundlichkeit und ist somit eine ausgezeichnete Wahl f\u00fcr Privathaushalte und Unternehmen.<\/p>","protected":false},"featured_media":141733,"template":"","meta":{"_acf_changed":false},"product_brand":[],"product_cat":[3329,1322],"product_tag":[3311,3028,3029],"class_list":{"0":"post-72451","1":"product","2":"type-product","3":"status-publish","4":"has-post-thumbnail","6":"product_cat-knappsats-kod","7":"product_cat-dsc-larm-neo-power-hybridlarm","8":"product_tag-dsc-neo-svensk-manual","9":"product_tag-neo-knappsats-manoverpaneler","10":"product_tag-neo-dsc-knappsats-manoverpaneler","11":"product_shipping_class-tunga-paket","12":"pa_brands-4dsc","13":"tm-has-options","15":"first","16":"outofstock","17":"sale","18":"taxable","19":"shipping-taxable","20":"purchasable","21":"product-type-simple"},"acf":[],"_links":{"self":[{"href":"https:\/\/secureus.se\/de\/wp-json\/wp\/v2\/product\/72451","targetHints":{"allow":["GET"]}}],"collection":[{"href":"https:\/\/secureus.se\/de\/wp-json\/wp\/v2\/product"}],"about":[{"href":"https:\/\/secureus.se\/de\/wp-json\/wp\/v2\/types\/product"}],"wp:featuredmedia":[{"embeddable":true,"href":"https:\/\/secureus.se\/de\/wp-json\/wp\/v2\/media\/141733"}],"wp:attachment":[{"href":"https:\/\/secureus.se\/de\/wp-json\/wp\/v2\/media?parent=72451"}],"wp:term":[{"taxonomy":"product_brand","embeddable":true,"href":"https:\/\/secureus.se\/de\/wp-json\/wp\/v2\/product_brand?post=72451"},{"taxonomy":"product_cat","embeddable":true,"href":"https:\/\/secureus.se\/de\/wp-json\/wp\/v2\/product_cat?post=72451"},{"taxonomy":"product_tag","embeddable":true,"href":"https:\/\/secureus.se\/de\/wp-json\/wp\/v2\/product_tag?post=72451"}],"curies":[{"name":"wp","href":"https:\/\/api.w.org\/{rel}","templated":true}]}}