{"id":72810,"date":"2023-02-27T12:41:13","date_gmt":"2023-02-27T11:41:13","guid":{"rendered":"https:\/\/secureus.se\/produkt\/centralkort-hs2064-neo-2\/"},"modified":"2026-05-04T12:58:36","modified_gmt":"2026-05-04T10:58:36","slug":"dsc-security-control-panel-hs2064","status":"publish","type":"product","link":"https:\/\/secureus.se\/de\/dsc-security-control-panel-hs2064\/","title":{"rendered":"DSC-Sicherheitszentrale HS2064"},"content":{"rendered":"<p><strong>Skalierbare und flexible Sicherheit mit dem DSC Security Control Panel HS2064:<\/strong> Das DSC-Sicherheitskontrollpanel HS2064 wurde entwickelt, um ein effektives und flexibles Sicherheitssystem f\u00fcr Privat- und Gesch\u00e4ftskunden zu bieten. Es kann bis zu 64 Abschnitte verwalten und ist somit ideal f\u00fcr kleine bis mittelgro\u00dfe Installationen, die zuverl\u00e4ssige Sicherheit ben\u00f6tigen.<\/p>\n<p>Das Panel ist eine zentrale Platine, die Alarme, Alarme und Sirenen steuert und verteilt und so daf\u00fcr sorgt, dass das gesamte System optimal funktioniert. Es wird ohne Geh\u00e4use geliefert, sodass der Benutzer die M\u00f6glichkeit hat, ein passendes Geh\u00e4use separat zu erwerben.<\/p>\n<p><strong>Vielseitige Funktionen:<\/strong> Der HS2064 ist Teil der PowerSeries Neo, was bedeutet, dass er \u00fcber Funktionen wie 8 integrierte Zonen und die M\u00f6glichkeit zur Erweiterung auf bis zu 128 Funkzonen und 4 PGM-Ausg\u00e4nge verf\u00fcgt, die auf 80 erweitert werden k\u00f6nnen. Dies bietet Flexibilit\u00e4t und Anpassungsm\u00f6glichkeiten f\u00fcr unterschiedliche Sicherheitsl\u00f6sungen.<\/p>\n<p><strong>Technische Spezifikation:<\/strong><\/p>\n<ul>\n<li><strong>Gewicht:<\/strong> 250 g<\/li>\n<li><strong>Maximale Anzahl drahtloser Fernbedienungen:<\/strong> 32<\/li>\n<li><strong>Maximale Anzahl Benutzercodes:<\/strong> 500<\/li>\n<li><strong>Maximale Anzahl an Ereignisspeichern:<\/strong> 500<\/li>\n<li><strong>PGM-Ausg\u00e4nge:<\/strong> 4 (erweiterbar auf 80)<\/li>\n<\/ul>\n<p><strong>Innovative Technologie:<\/strong> Die PowerG-Technologie gew\u00e4hrleistet zuverl\u00e4ssigen Einbruchschutz mit Verschl\u00fcsselung und Manipulationssicherheit. Die DSC PowerSeries bietet au\u00dferdem Alarmverifizierungsl\u00f6sungen und umfassende Fernwartungssoftware f\u00fcr eine einfache \u00dcberwachung und Steuerung, egal wo Sie sich befinden.<\/p>\n<p>Mit dem DSC Security Control Panel HS2064 erhalten Sie eine Sicherheitsl\u00f6sung, die moderne Technologie mit einfacher Bedienbarkeit und Flexibilit\u00e4t verbindet und perfekt auf Ihre spezifischen Bed\u00fcrfnisse abgestimmt ist.<\/p>","protected":false},"excerpt":{"rendered":"<p>Das DSC Security Control Panel HS2064 ist eine leistungsstarke und skalierbare Zentralplatinenl\u00f6sung, die bis zu 64 Abschnitte unterst\u00fctzt.<\/p>\n<p>Mit Funktionen wie 8 integrierten Zonen und der M\u00f6glichkeit zur Erweiterung auf 128 WLAN-Zonen bietet es eine umfassende Sicherheits\u00fcberwachung.<\/p>\n<p>Es eignet sich sowohl f\u00fcr den privaten als auch f\u00fcr den gewerblichen Gebrauch und kann problemlos an spezifische Sicherheitsanforderungen angepasst werden.<\/p>","protected":false},"featured_media":140505,"template":"","meta":{"_acf_changed":false},"product_brand":[],"product_cat":[3321,1322],"product_tag":[3311,3022,3026],"class_list":{"0":"post-72810","1":"product","2":"type-product","3":"status-publish","4":"has-post-thumbnail","6":"product_cat-centralkort","7":"product_cat-dsc-larm-neo-power-hybridlarm","8":"product_tag-dsc-neo-svensk-manual","9":"product_tag-neo-central-kapslingar","10":"product_tag-neo-centralkort-lager","11":"product_shipping_class-postnord-varubrev","12":"pa_brands-4dsc","13":"tm-has-options","15":"first","16":"instock","17":"sale","18":"featured","19":"taxable","20":"shipping-taxable","21":"purchasable","22":"product-type-simple"},"acf":[],"_links":{"self":[{"href":"https:\/\/secureus.se\/de\/wp-json\/wp\/v2\/product\/72810","targetHints":{"allow":["GET"]}}],"collection":[{"href":"https:\/\/secureus.se\/de\/wp-json\/wp\/v2\/product"}],"about":[{"href":"https:\/\/secureus.se\/de\/wp-json\/wp\/v2\/types\/product"}],"wp:featuredmedia":[{"embeddable":true,"href":"https:\/\/secureus.se\/de\/wp-json\/wp\/v2\/media\/140505"}],"wp:attachment":[{"href":"https:\/\/secureus.se\/de\/wp-json\/wp\/v2\/media?parent=72810"}],"wp:term":[{"taxonomy":"product_brand","embeddable":true,"href":"https:\/\/secureus.se\/de\/wp-json\/wp\/v2\/product_brand?post=72810"},{"taxonomy":"product_cat","embeddable":true,"href":"https:\/\/secureus.se\/de\/wp-json\/wp\/v2\/product_cat?post=72810"},{"taxonomy":"product_tag","embeddable":true,"href":"https:\/\/secureus.se\/de\/wp-json\/wp\/v2\/product_tag?post=72810"}],"curies":[{"name":"wp","href":"https:\/\/api.w.org\/{rel}","templated":true}]}}