{"id":72811,"date":"2023-02-27T12:47:12","date_gmt":"2023-02-27T11:47:12","guid":{"rendered":"https:\/\/secureus.se\/produkt\/centralkort-hs2128-neo\/"},"modified":"2025-12-31T20:53:22","modified_gmt":"2025-12-31T19:53:22","slug":"dsc-security-control-panel-hs2128","status":"publish","type":"product","link":"https:\/\/secureus.se\/de\/dsc-security-control-panel-hs2128\/","title":{"rendered":"DSC-Sicherheitszentrale HS2128"},"content":{"rendered":"<p><strong>Skalierbarer und effektiver Alarm:<\/strong> Die DSC-Sicherheitszentrale HS2128 ist f\u00fcr gro\u00dfe Installationsanforderungen mit bis zu 128 Abschnitten ausgelegt.<\/p>\n<p>Es fungiert als Zentrale, die Alarme, Alarmger\u00e4te und Sirenen steuert, wodurch das Sicherheitssystem optimal funktioniert.<\/p>\n<p>Dieses Bedienfeld eignet sich ideal f\u00fcr Upgrades oder Ersatz und wird ohne Geh\u00e4use geliefert, das separat erworben werden kann.<\/p>\n<p><strong>Vielseitige Funktionen:<\/strong> Mit 8 integrierten Zonen und der M\u00f6glichkeit zur Erweiterung auf bis zu 128 WLAN- und Hardwarezonen bietet der HS2128 Flexibilit\u00e4t f\u00fcr eine umfassende \u00dcberwachung. Es kann Folgendes verarbeiten:<\/p>\n<ul>\n<li>4 PGM-Ausg\u00e4nge (erweiterbar auf 148)<\/li>\n<li>8 Partitionen f\u00fcr individuelle Sicherheitsl\u00f6sungen<\/li>\n<li>Unterst\u00fctzung f\u00fcr bis zu 32 drahtlose Fernbedienungen<\/li>\n<\/ul>\n<p><strong>Technische Spezifikation:<\/strong><\/p>\n<ul>\n<li><strong>Gewicht:<\/strong> 250 g<\/li>\n<li><strong>Maximale Anzahl kabelgebundener und kabelloser Tastaturen:<\/strong> 16<\/li>\n<li><strong>Maximale Anzahl Benutzercodes:<\/strong> 1000<\/li>\n<li><strong>Maximale Anzahl an Ereignisspeichern:<\/strong> 1000<\/li>\n<li><strong>Maximale Anzahl drahtloser Kameradetektoren:<\/strong> 10<\/li>\n<li><strong>Maximale Anzahl drahtloser Sirenen:<\/strong> 16<\/li>\n<\/ul>\n<p><strong>H\u00e4ufig gestellte Fragen zur DSC PowerSeries:<\/strong><\/p>\n<ul>\n<li><strong>Warum ist PowerSeries eine Hybridl\u00f6sung?<\/strong> PowerSeries kombiniert kabelgebundene und kabellose Technologie f\u00fcr eine vollst\u00e4ndige und anpassbare Sicherheitsl\u00f6sung.<\/li>\n<li><strong>Wie gew\u00e4hrleistet die PowerG-Technologie h\u00f6chste Sicherheit?<\/strong> Durch die Bereitstellung einer zuverl\u00e4ssigen Verbindung mit Verschl\u00fcsselung und St\u00f6rfestigkeit.<\/li>\n<\/ul>","protected":false},"excerpt":{"rendered":"<p>Das DSC Security Control Panel HS2128 ist eine leistungsstarke Zentralplatinenl\u00f6sung, die bis zu 128 Abschnitte unterst\u00fctzt.<\/p>\n<p>Es steuert und verteilt Alarme und Sirenen, um eine effektive Sicherheits\u00fcberwachung zu gew\u00e4hrleisten.<\/p>\n<p>Das Panel ist erweiterbar und kann f\u00fcr verschiedene Sicherheitsl\u00f6sungen angepasst werden, was es ideal f\u00fcr Privathaushalte und Unternehmen macht.<\/p>","protected":false},"featured_media":140857,"template":"","meta":{"_acf_changed":false},"product_brand":[],"product_cat":[3321,1322],"product_tag":[3311,3022,3026],"class_list":{"0":"post-72811","1":"product","2":"type-product","3":"status-publish","4":"has-post-thumbnail","6":"product_cat-centralkort","7":"product_cat-dsc-larm-neo-power-hybridlarm","8":"product_tag-dsc-neo-svensk-manual","9":"product_tag-neo-central-kapslingar","10":"product_tag-neo-centralkort-lager","11":"product_shipping_class-postnord-varubrev","12":"pa_brands-4dsc","13":"tm-has-options","15":"first","16":"instock","17":"sale","18":"featured","19":"taxable","20":"shipping-taxable","21":"purchasable","22":"product-type-simple"},"acf":[],"_links":{"self":[{"href":"https:\/\/secureus.se\/de\/wp-json\/wp\/v2\/product\/72811","targetHints":{"allow":["GET"]}}],"collection":[{"href":"https:\/\/secureus.se\/de\/wp-json\/wp\/v2\/product"}],"about":[{"href":"https:\/\/secureus.se\/de\/wp-json\/wp\/v2\/types\/product"}],"wp:featuredmedia":[{"embeddable":true,"href":"https:\/\/secureus.se\/de\/wp-json\/wp\/v2\/media\/140857"}],"wp:attachment":[{"href":"https:\/\/secureus.se\/de\/wp-json\/wp\/v2\/media?parent=72811"}],"wp:term":[{"taxonomy":"product_brand","embeddable":true,"href":"https:\/\/secureus.se\/de\/wp-json\/wp\/v2\/product_brand?post=72811"},{"taxonomy":"product_cat","embeddable":true,"href":"https:\/\/secureus.se\/de\/wp-json\/wp\/v2\/product_cat?post=72811"},{"taxonomy":"product_tag","embeddable":true,"href":"https:\/\/secureus.se\/de\/wp-json\/wp\/v2\/product_tag?post=72811"}],"curies":[{"name":"wp","href":"https:\/\/api.w.org\/{rel}","templated":true}]}}