{"id":72819,"date":"2023-02-28T14:20:46","date_gmt":"2023-02-28T13:20:46","guid":{"rendered":"https:\/\/secureus.se\/produkt\/magicard-mc300ymcko-colour-ribbon-300-prints\/"},"modified":"2026-04-08T16:53:59","modified_gmt":"2026-04-08T14:53:59","slug":"ribbon-magicard-mc300ymcko-colour-ribbon-300-prints","status":"publish","type":"product","link":"https:\/\/secureus.se\/de\/ribbon-magicard-mc300ymcko-colour-ribbon-300-prints\/","title":{"rendered":"Magicard-Farbband \u2013 MC300YMCKO (300 Ausdrucke)"},"content":{"rendered":"<h1>Schleife<br \/>\n  Magicard &#8211; MC300YMCKO (300 utskrifter)<\/h1>\n<p>F\u00e4rgband Magicard &#8211; MC300YMCKO (300 utskrifter) \u00e4r ett f\u00e4rgband<br \/>\n  zum Bedrucken von Plastikkarten mit kr\u00e4ftigen Farben, klarem Text und guter Qualit\u00e4t<br \/>\n  Detailgetreue Wiedergabe. Das YMCKO-Farbband bietet die richtige Kombination aus Farbfeldern und<br \/>\n  Schutzfolie f\u00fcr den professionellen Kartendruck.<\/p>\n<p>Geeignet f\u00fcr Ausweise, Zugangskarten, Mitgliedskarten und andere<br \/>\n  Plastikkarten, bei denen hohe Druckqualit\u00e4t und Zuverl\u00e4ssigkeit wichtig sind<br \/>\n  wichtig.<\/p>\n<ul>\n<li>Kapazit\u00e4t: bis zu 300 Ausdrucke<\/li>\n<li>Farbbandtyp: YMCKO<\/li>\n<li>Artikelnummer: MC300YMCKO<\/li>\n<\/ul>\n<p><strong>Kompatibel mit Magicard<br \/>\n  300.<\/strong><\/p>\n<p><strong>Produktgewicht:<\/strong> 0,20 kg<\/p>","protected":false},"excerpt":{"rendered":"<p>Farbband \u2013 Farbband \u2013 R\u00fcck\u00fcbertragung auf Kartendrucker und Plastikkartendrucker<\/p>","protected":false},"featured_media":140848,"template":"","meta":{"_acf_changed":false},"product_brand":[],"product_cat":[3216,4829],"product_tag":[3182,4863,2921,3069],"class_list":{"0":"post-72819","1":"product","2":"type-product","3":"status-publish","4":"has-post-thumbnail","6":"product_cat-magicard-fargband-retransfer","7":"product_cat-magicard-300-band","8":"product_tag-magicard-tillbehor","9":"product_tag-pf","10":"product_tag-ribbon-ymck-farg","11":"product_tag-trade-produkt","12":"product_shipping_class-tunga-paket","13":"pa_brands-magicard","14":"tm-has-options","16":"first","17":"instock","18":"sale","19":"taxable","20":"shipping-taxable","21":"purchasable","22":"product-type-simple"},"acf":[],"_links":{"self":[{"href":"https:\/\/secureus.se\/de\/wp-json\/wp\/v2\/product\/72819","targetHints":{"allow":["GET"]}}],"collection":[{"href":"https:\/\/secureus.se\/de\/wp-json\/wp\/v2\/product"}],"about":[{"href":"https:\/\/secureus.se\/de\/wp-json\/wp\/v2\/types\/product"}],"wp:featuredmedia":[{"embeddable":true,"href":"https:\/\/secureus.se\/de\/wp-json\/wp\/v2\/media\/140848"}],"wp:attachment":[{"href":"https:\/\/secureus.se\/de\/wp-json\/wp\/v2\/media?parent=72819"}],"wp:term":[{"taxonomy":"product_brand","embeddable":true,"href":"https:\/\/secureus.se\/de\/wp-json\/wp\/v2\/product_brand?post=72819"},{"taxonomy":"product_cat","embeddable":true,"href":"https:\/\/secureus.se\/de\/wp-json\/wp\/v2\/product_cat?post=72819"},{"taxonomy":"product_tag","embeddable":true,"href":"https:\/\/secureus.se\/de\/wp-json\/wp\/v2\/product_tag?post=72819"}],"curies":[{"name":"wp","href":"https:\/\/api.w.org\/{rel}","templated":true}]}}