{"id":73275,"date":"2022-03-10T15:40:00","date_gmt":"2022-03-10T14:40:00","guid":{"rendered":"https:\/\/secureus.se\/produkt\/abloy-eltryckeslas-el-580-50mm\/"},"modified":"2026-03-25T15:45:43","modified_gmt":"2026-03-25T14:45:43","slug":"abloy-eltryckeslas-el580-50mm","status":"publish","type":"product","link":"https:\/\/secureus.se\/de\/abloy-eltryckeslas-el580-50mm\/","title":{"rendered":"Abloy Elektro-Druckschloss EL580 50 mm"},"content":{"rendered":"<div class=\"flex flex-grow flex-col max-w-full AIPRM__conversation__response\">\n<div class=\"min-h-[20px] text-message flex flex-col items-start whitespace-pre-wrap break-words [.text-message+&amp;]:mt-5 juice:w-full juice:items-end overflow-x-auto gap-2\" dir=\"auto\" data-message-author-role=\"assistant\" data-message-id=\"a525e088-28a5-4c2f-8c28-65c31c910935\">\n<div class=\"flex w-full flex-col gap-1 juice:empty:hidden juice:first:pt-[3px]\">\n<div class=\"markdown prose w-full break-words dark:prose-invert light\">\n<h3>Abloy Eltryckesl\u00e5s EL580 50mm: Ett M\u00e5ngsidigt Eltryckesl\u00e5s f\u00f6r Din S\u00e4kerhet<\/h3>\n<p>Abloy EL 580 tillh\u00f6r en ny generation eltryckesl\u00e5s fr\u00e5n Abloy med s\u00e5 kallad split-funktion. Detta l\u00e5s \u00e4r ett elektromekaniskt styrt tryckesfunktionsl\u00e5s av multifunktionstyp, perfekt f\u00f6r dagl\u00e5sning i aff\u00e4rsbyggnader, intern l\u00e5sning och ytterd\u00f6rrar i flerfamiljshus.<\/p>\n<h4>Funktioner f\u00f6r Abloy Eltryckesl\u00e5s EL580<\/h4>\n<ul>\n<li><strong>Split-funktion<\/strong>: Kombinerar mekaniska och elektriska funktioner f\u00f6r bekv\u00e4m utpassering utan elektrisk styrning. Perfekt d\u00e4r elektrisk inpassering och mekanisk utpassering \u00f6nskas.<\/li>\n<li><strong>Mikrobrytare<\/strong>: Tv\u00e5 integrerade mikrobrytare som indikerar kolvens l\u00e4ge och anv\u00e4ndning av tryckesfunktionen.<\/li>\n<li><strong>Mekanisk man\u00f6vrering<\/strong>: L\u00e5set kan alltid man\u00f6vreras mekaniskt med cylinder eller vred och f\u00f6rreglas automatiskt n\u00e4r d\u00f6rren st\u00e4ngs.<\/li>\n<li><strong>Omst\u00e4llbar h\u00e4ngning<\/strong>: Kan st\u00e4llas om f\u00f6r h\u00f6ger eller v\u00e4nster d\u00f6rrh\u00e4ngning utan att \u00f6ppna l\u00e5set.<\/li>\n<li><strong>Variabel fall<\/strong>: 20\/14 mm f\u00f6rreglat l\u00e4ge f\u00f6r extra s\u00e4kerhet.<\/li>\n<li><strong>Multisp\u00e4nning<\/strong>: 12-24 V DC med en tolerans p\u00e5 -10% till +10%, maximal str\u00f6m 400mA.<\/li>\n<li><strong>Omst\u00e4llbar funktion<\/strong>: R\u00e4ttv\u00e4nd eller omv\u00e4nd funktion beroende p\u00e5 dina behov.<\/li>\n<li><strong>Aktiv sida<\/strong>: Valbar aktiv sida med split spindle EL 580.<\/li>\n<li><strong>Standardm\u00e5tt<\/strong>: M\u00e5tt och kolvplaceringar enligt Assa standard.<\/li>\n<\/ul>\n<p>Abloy Eltryckesl\u00e5s EL580\u00a0 \u00e4r ett m\u00e5ngsidigt och s\u00e4kert val f\u00f6r dina l\u00e5sbehov, anpassat f\u00f6r b\u00e5de interna och externa d\u00f6rrar i olika typer av byggnader.<\/p>\n<\/div>\n<\/div>\n<\/div>\n<\/div>\n","protected":false},"excerpt":{"rendered":"<p>Abloy Elektro-Druckschloss EL580 50 mm: Ein vielseitiges Elektro-Druckschloss f\u00fcr Ihre Sicherheit. Abloy EL 580 geh\u00f6rt zu einer neuen Generation elektrischer Druckschl\u00f6sser von Abloy mit sogenannter Split-Funktion. Dieses Schloss wird elektromechanisch gesteuert<\/p>","protected":false},"featured_media":145008,"template":"","meta":{"_acf_changed":false},"product_brand":[],"product_cat":[3223,2429],"product_tag":[2928,2286,2417],"class_list":{"0":"post-73275","1":"product","2":"type-product","3":"status-publish","4":"has-post-thumbnail","6":"product_cat-elektrisk-lasning","7":"product_cat-ellas","8":"product_tag-abloy-el580","9":"product_tag-ellas-eltryckeslas","10":"product_tag-rel-abloy-ellas","11":"product_shipping_class-tunga-paket","12":"pa_brands-abloy","13":"tm-no-options","15":"first","16":"instock","17":"sale","18":"featured","19":"taxable","20":"shipping-taxable","21":"purchasable","22":"product-type-simple"},"acf":[],"_links":{"self":[{"href":"https:\/\/secureus.se\/de\/wp-json\/wp\/v2\/product\/73275","targetHints":{"allow":["GET"]}}],"collection":[{"href":"https:\/\/secureus.se\/de\/wp-json\/wp\/v2\/product"}],"about":[{"href":"https:\/\/secureus.se\/de\/wp-json\/wp\/v2\/types\/product"}],"wp:featuredmedia":[{"embeddable":true,"href":"https:\/\/secureus.se\/de\/wp-json\/wp\/v2\/media\/145008"}],"wp:attachment":[{"href":"https:\/\/secureus.se\/de\/wp-json\/wp\/v2\/media?parent=73275"}],"wp:term":[{"taxonomy":"product_brand","embeddable":true,"href":"https:\/\/secureus.se\/de\/wp-json\/wp\/v2\/product_brand?post=73275"},{"taxonomy":"product_cat","embeddable":true,"href":"https:\/\/secureus.se\/de\/wp-json\/wp\/v2\/product_cat?post=73275"},{"taxonomy":"product_tag","embeddable":true,"href":"https:\/\/secureus.se\/de\/wp-json\/wp\/v2\/product_tag?post=73275"}],"curies":[{"name":"wp","href":"https:\/\/api.w.org\/{rel}","templated":true}]}}