{"id":73277,"date":"2022-03-10T15:40:00","date_gmt":"2022-03-10T14:40:00","guid":{"rendered":"https:\/\/secureus.se\/produkt\/abloy-eltryckeslas-el582-70mm\/"},"modified":"2026-04-17T14:42:57","modified_gmt":"2026-04-17T12:42:57","slug":"abloy-eltryckeslas-el582-70mm","status":"publish","type":"product","link":"https:\/\/secureus.se\/de\/abloy-eltryckeslas-el582-70mm\/","title":{"rendered":"Abloy Elektro-Druckschloss EL582 70 mm"},"content":{"rendered":"<p>Ein direkter Ersatz f\u00fcr den Abloy 8180\/8181.<\/p>\n<p>EL582 ist ein elektromechanisch gesteuerter Druck-Funktionsverschluss der sog Multifunktionstyp.<\/p>\n<p>EL 582 ist ein Elektroschloss vom Typ Tagesschloss und eignet sich gut als Tagesverriegelung in Gewerbegeb\u00e4uden, Innenverriegelung und Au\u00dfent\u00fcren in Mehrfamilienh\u00e4usern.<\/p>\n<p>Einstellbare Aufh\u00e4ngung rechts\/links (ohne \u00d6ffnen des Schlosses).<\/p>\n<p>Variables Geh\u00e4use mit 20\/14-mm-Verriegelungsposition.<\/p>\n<p>Multispannung 12-24 V DC -10%\/+10% Maximaler Strom: 350 mA Leerlaufstrom: 120 mA<\/p>\n<p>Umschaltbare Vorw\u00e4rts-\/R\u00fcckw\u00e4rtsfunktion.<\/p>\n<p>Zwei Mikroschalter<\/p>\n<p>Abmessungen und Kolbenpositionen gem\u00e4\u00df Assa-Standard.<\/p>","protected":false},"excerpt":{"rendered":"<p>Ein direkter Ersatz f\u00fcr den Abloy 8180\/8181. EL582 ist ein elektromechanisch gesteuerter Druck-Funktionsverschluss der sogenannten Multifunktionstyp. EL 582 ist ein Elektroschloss vom Typ Tagesschloss und eignet sich als Tagesschloss<\/p>","protected":false},"featured_media":145608,"template":"","meta":{"_acf_changed":false},"product_brand":[],"product_cat":[2429],"product_tag":[2927,2286,2417],"class_list":{"0":"post-73277","1":"product","2":"type-product","3":"status-publish","4":"has-post-thumbnail","6":"product_cat-ellas","7":"product_tag-abloy-el582","8":"product_tag-ellas-eltryckeslas","9":"product_tag-rel-abloy-ellas","10":"product_shipping_class-tunga-paket","11":"pa_brands-abloy","12":"tm-no-options","14":"first","15":"instock","16":"sale","17":"featured","18":"taxable","19":"shipping-taxable","20":"purchasable","21":"product-type-simple"},"acf":[],"_links":{"self":[{"href":"https:\/\/secureus.se\/de\/wp-json\/wp\/v2\/product\/73277","targetHints":{"allow":["GET"]}}],"collection":[{"href":"https:\/\/secureus.se\/de\/wp-json\/wp\/v2\/product"}],"about":[{"href":"https:\/\/secureus.se\/de\/wp-json\/wp\/v2\/types\/product"}],"wp:featuredmedia":[{"embeddable":true,"href":"https:\/\/secureus.se\/de\/wp-json\/wp\/v2\/media\/145608"}],"wp:attachment":[{"href":"https:\/\/secureus.se\/de\/wp-json\/wp\/v2\/media?parent=73277"}],"wp:term":[{"taxonomy":"product_brand","embeddable":true,"href":"https:\/\/secureus.se\/de\/wp-json\/wp\/v2\/product_brand?post=73277"},{"taxonomy":"product_cat","embeddable":true,"href":"https:\/\/secureus.se\/de\/wp-json\/wp\/v2\/product_cat?post=73277"},{"taxonomy":"product_tag","embeddable":true,"href":"https:\/\/secureus.se\/de\/wp-json\/wp\/v2\/product_tag?post=73277"}],"curies":[{"name":"wp","href":"https:\/\/api.w.org\/{rel}","templated":true}]}}