{"id":73278,"date":"2022-03-10T15:40:00","date_gmt":"2022-03-10T14:40:00","guid":{"rendered":"https:\/\/secureus.se\/produkt\/abloy-eltryckeslas-el-580-70mm\/"},"modified":"2026-04-17T14:42:50","modified_gmt":"2026-04-17T12:42:50","slug":"abloy-eltryckeslas-el-580-70mm","status":"publish","type":"product","link":"https:\/\/secureus.se\/de\/abloy-eltryckeslas-el-580-70mm\/","title":{"rendered":"Abloy Elektro-Druckschloss EL 580 70 mm"},"content":{"rendered":"<div>\n<p>Ein Schloss mit tollen Variationsm\u00f6glichkeiten!<\/p>\n<p>Abloy EL 580 geh\u00f6rt zu einer neuen Generation elektrischer Druckschl\u00f6sser von Abloy mit sogenannter Split-Funktion.<\/p>\n<p>EL580 ist ein elektromechanisch gesteuerter Druck-Funktionsverschluss der sogenannten Multifunktionstyp.<\/p>\n<p>EL 580 ist ein Elektroschloss vom Typ Tagesschloss und eignet sich gut als Tagesverriegelung in Gewerbegeb\u00e4uden, Innenverriegelung und Au\u00dfent\u00fcren in Mehrfamilienh\u00e4usern.<\/p>\n<p>Funktion: Die Split-Funktionsschl\u00f6sser verf\u00fcgen \u00fcber eine Kombination aus mechanischen und elektrischen Funktionen, die einen bequemen Ausstieg ohne elektrische Steuerung erm\u00f6glichen.<\/p>\n<p>Das geteilte Funktionsschloss wird dort eingesetzt, wo ein elektrischer Zugang und ein mechanischer Ausgang mit einem einfachen Handgriff gew\u00fcnscht sind.<\/p>\n<p>Abloy EL 580 verf\u00fcgt \u00fcber 2 integrierte Mikroschalter, die die Position des Kolbens und die Verwendung der Druckfunktion anzeigen.<\/p>\n<p>Das Schloss kann immer mechanisch mit Zylinder oder Knauf bedient werden, das Schloss verriegelt sich automatisch beim Schlie\u00dfen der T\u00fcr.<\/p>\n<p>Einstellbare Federung rechts\/links (ohne \u00d6ffnen des Schlosses)<\/p>\n<p>Variables Geh\u00e4use mit 20\/14-mm-Verriegelungsposition.<\/p>\n<p>Multispannung 12-24 V DC -10%\/+10% Maximaler Strom: 400 mA.<\/p>\n<p>Umschaltbare Vorw\u00e4rts-\/R\u00fcckw\u00e4rtsfunktion.<\/p>\n<p>W\u00e4hlbare Aktivseite, geteilte Spindel EL 580.<\/p>\n<p>Abmessungen und Kolbenpositionen gem\u00e4\u00df Assa-Standard.<\/p>\n<\/div>","protected":false},"excerpt":{"rendered":"<p>Ein Schloss mit tollen Variationsm\u00f6glichkeiten! Abloy EL 580 geh\u00f6rt zu einer neuen Generation elektrischer Druckschl\u00f6sser von Abloy mit sogenannter Split-Funktion. EL580 ist ein elektromechanisch gesteuerter Druck-Funktionsverschluss der sogenannten.<\/p>","protected":false},"featured_media":145008,"template":"","meta":{"_acf_changed":false},"product_brand":[],"product_cat":[2429],"product_tag":[2928,2286,2417],"class_list":{"0":"post-73278","1":"product","2":"type-product","3":"status-publish","4":"has-post-thumbnail","6":"product_cat-ellas","7":"product_tag-abloy-el580","8":"product_tag-ellas-eltryckeslas","9":"product_tag-rel-abloy-ellas","10":"product_shipping_class-tunga-paket","11":"pa_brands-abloy","12":"tm-no-options","14":"first","15":"instock","16":"sale","17":"featured","18":"taxable","19":"shipping-taxable","20":"purchasable","21":"product-type-simple"},"acf":[],"_links":{"self":[{"href":"https:\/\/secureus.se\/de\/wp-json\/wp\/v2\/product\/73278","targetHints":{"allow":["GET"]}}],"collection":[{"href":"https:\/\/secureus.se\/de\/wp-json\/wp\/v2\/product"}],"about":[{"href":"https:\/\/secureus.se\/de\/wp-json\/wp\/v2\/types\/product"}],"wp:featuredmedia":[{"embeddable":true,"href":"https:\/\/secureus.se\/de\/wp-json\/wp\/v2\/media\/145008"}],"wp:attachment":[{"href":"https:\/\/secureus.se\/de\/wp-json\/wp\/v2\/media?parent=73278"}],"wp:term":[{"taxonomy":"product_brand","embeddable":true,"href":"https:\/\/secureus.se\/de\/wp-json\/wp\/v2\/product_brand?post=73278"},{"taxonomy":"product_cat","embeddable":true,"href":"https:\/\/secureus.se\/de\/wp-json\/wp\/v2\/product_cat?post=73278"},{"taxonomy":"product_tag","embeddable":true,"href":"https:\/\/secureus.se\/de\/wp-json\/wp\/v2\/product_tag?post=73278"}],"curies":[{"name":"wp","href":"https:\/\/api.w.org\/{rel}","templated":true}]}}