{"id":75112,"date":"2022-03-10T15:40:00","date_gmt":"2022-03-10T14:40:00","guid":{"rendered":"https:\/\/secureus.se\/produkt\/abloy-eltryckeslas-el482-35mm\/"},"modified":"2026-01-19T12:38:38","modified_gmt":"2026-01-19T11:38:38","slug":"abloy-eltryckeslas-el482-35mm","status":"publish","type":"product","link":"https:\/\/secureus.se\/de\/abloy-eltryckeslas-el482-35mm\/","title":{"rendered":"Abloy Elektro-Druckschloss EL482 35 mm"},"content":{"rendered":"<h3>Einsatzgebiet<\/h3>\n<p>Das elektrische Druckschloss EL482 ist ein f\u00fcr Hochfrequenzt\u00fcren angepasstes Multifunktionsschloss in schmaler Profilbauweise.<\/p>\n<p>Geeignet als Tagesverriegelung und Innenverriegelung in Gewerbe, B\u00fcros und Industrie oder in Eing\u00e4ngen und \u00f6ffentlichen Bereichen in Mehrfamilienh\u00e4usern kann ABLOY EL480 in der Brandschutzzelle eingesetzt werden.<\/p>\n<h3>Eigenschaften<\/h3>\n<p>\u2022 Blockierter Druckabfall<\/p>\n<p>\u2022 Das Schloss kann immer mit einem Zylinder\/Knauf bedient werden<\/p>\n<p>\u2022 Multifunktional<\/p>\n<p>\u2013 12\u201324 VDC, stabil<\/p>\n<p>\u2013 Einfach umschaltbare Vorw\u00e4rts-\/R\u00fcckw\u00e4rtsfunktion<\/p>\n<p>2 Mikroschalter<\/p>\n<p>\u2013 Verriegelung (T\u00fcrposition)<\/p>\n<p>\u2013 Gepresste Bewegung 29 oder 35 mm Dorntiefe<\/p>\n<p>\u2022 Alle Kabel sind mit Steckern zur einfachen Installation mit Verbindungskabel EA220 ausgestattet<\/p>\n<p>\u2022 Vollst\u00e4ndig an den ASSA ABLOY-Nischenstandard angepasst<\/p>\n<h3>Funktion<\/h3>\n<p>EL482 mit Standardfunktion<\/p>\n<p>\u2013 Au\u00dfen- und Innendruck elektrisch bet\u00e4tigt<\/p>\n<h3>Technische Daten<\/h3>\n<p>\u2022 Stromverbrauch max. 350mA<\/p>\n<p>\u2022 Ruhe 120 mA<\/p>\n<p>\u2022 Mikroschalter einpolig schaltend max. 30 VDC, 400 mA<\/p>","protected":false},"excerpt":{"rendered":"<p>Einsatzgebiet Das elektrische Druckschloss EL482 ist ein f\u00fcr Hochfrequenzt\u00fcren angepasstes Multifunktionsschloss in schmaler Profilbauweise. Geeignet als Tages- und Innenverriegelung in Gewerbe, B\u00fcro und Industrie oder in Eingangsbereichen und \u00f6ffentlichen Bereichen<\/p>","protected":false},"featured_media":145606,"template":"","meta":{"_acf_changed":false},"product_brand":[],"product_cat":[2429],"product_tag":[2929,2286,2417],"class_list":{"0":"post-75112","1":"product","2":"type-product","3":"status-publish","4":"has-post-thumbnail","6":"product_cat-ellas","7":"product_tag-abloy-el482","8":"product_tag-ellas-eltryckeslas","9":"product_tag-rel-abloy-ellas","10":"product_shipping_class-tunga-paket","11":"pa_brands-abloy","12":"tm-no-options","14":"first","15":"instock","16":"sale","17":"featured","18":"taxable","19":"shipping-taxable","20":"purchasable","21":"product-type-simple"},"acf":[],"_links":{"self":[{"href":"https:\/\/secureus.se\/de\/wp-json\/wp\/v2\/product\/75112","targetHints":{"allow":["GET"]}}],"collection":[{"href":"https:\/\/secureus.se\/de\/wp-json\/wp\/v2\/product"}],"about":[{"href":"https:\/\/secureus.se\/de\/wp-json\/wp\/v2\/types\/product"}],"wp:featuredmedia":[{"embeddable":true,"href":"https:\/\/secureus.se\/de\/wp-json\/wp\/v2\/media\/145606"}],"wp:attachment":[{"href":"https:\/\/secureus.se\/de\/wp-json\/wp\/v2\/media?parent=75112"}],"wp:term":[{"taxonomy":"product_brand","embeddable":true,"href":"https:\/\/secureus.se\/de\/wp-json\/wp\/v2\/product_brand?post=75112"},{"taxonomy":"product_cat","embeddable":true,"href":"https:\/\/secureus.se\/de\/wp-json\/wp\/v2\/product_cat?post=75112"},{"taxonomy":"product_tag","embeddable":true,"href":"https:\/\/secureus.se\/de\/wp-json\/wp\/v2\/product_tag?post=75112"}],"curies":[{"name":"wp","href":"https:\/\/api.w.org\/{rel}","templated":true}]}}