{"id":75116,"date":"2022-05-25T11:45:09","date_gmt":"2022-05-25T09:45:09","guid":{"rendered":"https:\/\/secureus.se\/produkt\/abloy-elektriskt-styrt-las-el402-omvand\/"},"modified":"2026-04-15T17:05:50","modified_gmt":"2026-04-15T15:05:50","slug":"abloy-elektriskt-styrt-las-el402-omvand","status":"publish","type":"product","link":"https:\/\/secureus.se\/de\/abloy-elektriskt-styrt-las-el402-omvand\/","title":{"rendered":"Elektrisch gesteuertes Abloy-Schloss EL402 \u2013 R\u00fcckw\u00e4rtsgang"},"content":{"rendered":"<p>ABLOY EL402 ist ein elektrisch gesteuertes Schloss mit Doppelfunktionskolben und automatischer Verriegelung bei geschlossener T\u00fcr.<\/p>\n<p>ABLOY EL402 kann mit den meisten Steuerfunktionen auf dem Markt gesteuert werden, z.B. Zugangssystem, Codeschloss, Druckknopf und Timer. Das Schloss eignet sich als Tages- und Innenverriegelung in Gewerbe, B\u00fcro und Industrie oder in Eing\u00e4ngen und \u00f6ffentlichen Bereichen in Mehrfamilienh\u00e4usern.<\/p>\n<p>ABLOY EL402 ist f\u00fcr die Montage zusammen mit der T\u00fcrautomation geeignet.<\/p>\n<p>ABLOY EL402 darf NICHT als Brandschutzfunktion an der Brandzellengrenze verwendet werden.<\/p>\n<p>ABLOY EL402 darf keinem Streifendruck ausgesetzt werden.<\/p>\n<h3>Funktion<\/h3>\n<p>ABLOY EL402 verf\u00fcgt \u00fcber eine einstellbare Dorntiefe von 25, 28, 30, 33 und 35 mm.<\/p>\n<p>Die Verriegelung wird mit elektrischer Steuerung oder mit einem Zylinder\/Knopf aufgehoben. Wenn die Verriegelung gel\u00f6st ist, kann die T\u00fcr durch Ziehen\/Schieben ge\u00f6ffnet werden.<\/p>\n<p>Die Doppelfunktionsh\u00fcllen lassen sich nicht einfahren, sondern zusammenklappen.<\/p>\n<h3>Eigenschaften<\/h3>\n<p>\u2022 Verriegeltes Doppelfunktionsgeh\u00e4use<\/p>\n<p>\u2022 Das Schloss kann immer mit einem Zylinder\/Knauf bedient werden<\/p>\n<p>\u2022 12 \/ 24 VDC, stabil.<\/p>\n<p>\u2022 Passend f\u00fcr rechte und linke T\u00fcren<\/p>\n<p>\u2022 Eingebauter Mikroschalter zeigt verriegelt\/entriegelt an, zur Anzeige der T\u00fcrposition ist ein separater T\u00fcrpositionssensor erforderlich<\/p>\n<p>\u2022 25, 28, 30 oder 35 mm Dorntiefe<\/p>\n<p>\u2022 Alle Kabel sind mit Steckern zur einfachen Installation mit Verbindungskabel EA220 ausgestattet<\/p>\n<p>\u2022 Kann horizontal montiert werden<\/p>\n<p>\u2022 Kann in Pendelt\u00fcren verwendet werden<\/p>","protected":false},"excerpt":{"rendered":"<p>ABLOY EL402 \u00e4r ett elektriskt styrt l\u00e5s med dubbelfunktionskolv och automatisk f\u00f6rregling d\u00e5 d\u00f6rren st\u00e4ngs. ABLOY EL402 kan styras med de flesta p\u00e5 marknaden f\u00f6rekommande styrfunktioner, t. ex. passersystem, kodl\u00e5s,<\/p>","protected":false},"featured_media":144575,"template":"","meta":{"_acf_changed":false},"product_brand":[],"product_cat":[2429],"product_tag":[3131,2286,2417],"class_list":{"0":"post-75116","1":"product","2":"type-product","3":"status-publish","4":"has-post-thumbnail","6":"product_cat-ellas","7":"product_tag-el402","8":"product_tag-ellas-eltryckeslas","9":"product_tag-rel-abloy-ellas","10":"product_shipping_class-tunga-paket","11":"pa_brands-abloy","12":"tm-no-options","14":"first","15":"instock","16":"sale","17":"featured","18":"taxable","19":"shipping-taxable","20":"purchasable","21":"product-type-simple"},"acf":[],"_links":{"self":[{"href":"https:\/\/secureus.se\/de\/wp-json\/wp\/v2\/product\/75116","targetHints":{"allow":["GET"]}}],"collection":[{"href":"https:\/\/secureus.se\/de\/wp-json\/wp\/v2\/product"}],"about":[{"href":"https:\/\/secureus.se\/de\/wp-json\/wp\/v2\/types\/product"}],"wp:featuredmedia":[{"embeddable":true,"href":"https:\/\/secureus.se\/de\/wp-json\/wp\/v2\/media\/144575"}],"wp:attachment":[{"href":"https:\/\/secureus.se\/de\/wp-json\/wp\/v2\/media?parent=75116"}],"wp:term":[{"taxonomy":"product_brand","embeddable":true,"href":"https:\/\/secureus.se\/de\/wp-json\/wp\/v2\/product_brand?post=75116"},{"taxonomy":"product_cat","embeddable":true,"href":"https:\/\/secureus.se\/de\/wp-json\/wp\/v2\/product_cat?post=75116"},{"taxonomy":"product_tag","embeddable":true,"href":"https:\/\/secureus.se\/de\/wp-json\/wp\/v2\/product_tag?post=75116"}],"curies":[{"name":"wp","href":"https:\/\/api.w.org\/{rel}","templated":true}]}}