{"id":76634,"date":"2023-05-09T15:42:51","date_gmt":"2023-05-09T13:42:51","guid":{"rendered":"https:\/\/secureus.se\/produkt\/rfid-tagg-glasfiber-hd-epoxy-mifare1k-std-nr\/"},"modified":"2026-03-09T14:43:03","modified_gmt":"2026-03-09T13:43:03","slug":"rfid-tagg-glasfiber-hd-mifare1k-std-nr","status":"publish","type":"product","link":"https:\/\/secureus.se\/de\/rfid-tagg-glasfiber-hd-mifare1k-std-nr\/","title":{"rendered":"Tag Mifare1k\u00ae \u2013 Alarm-\/Passantensystem Schwarz \u2013 Fiberglas HD+"},"content":{"rendered":"<h1>Tag Mifare1k Fiberglas HD+(Plus)<\/h1>\n<h3>Tag f\u00fcr Alarm-\/Passantensystem und Buchung.<\/h3>\n<p><strong>Hier haben wir Standardnummern f\u00fcr die folgenden Systeme hinzugef\u00fcgt f\u00fcr:<\/strong><\/p>\n<p><span style=\"text-decoration: underline\"><strong>F\u00fcr EM4200: ASSA (S), RCO Security (R), Axema VAKA (V), Bewator\/Vanderbilt (B)<\/strong><\/span><\/p>\n<p><span style=\"text-decoration: underline\"><strong>Mifare: MFR=RCO, MFV=Axema VAKA, MFD=Dezimalwert f\u00fcr andere Systeme auf dem schwedischen Markt.<\/strong><\/span><\/p>\n<div>\n<p><span style=\"text-decoration: underline\"><strong><span style=\"font-size: 16px\">Dieser innovative Schl\u00fcsselanh\u00e4nger wurde speziell f\u00fcr Ihre Sicherheits- und Identifikationssystemanforderungen entwickelt. Mit seiner robusten Konstruktion und beeindruckenden Funktionalit\u00e4t bietet der RFUD-Tag \u201eGlasfiber HD\u201c eine zuverl\u00e4ssige und effiziente L\u00f6sung f\u00fcr verschiedene Anwendungen.<\/span><\/strong><\/span><\/p>\n<\/div>\n<p>Wir bieten verschiedene Varianten der Glasfiber HD+-Tags an, um Ihren spezifischen Anforderungen gerecht zu werden.<\/p>\n<p>Es stehen mehrere Produkte zur Auswahl: EM4200, Mifare1k, die Kombination aus Mifare1k und EM4200, Mifare4k und die Kombination aus Mifare4k und EM4200.<\/p>\n<p>Jede Variante verf\u00fcgt \u00fcber ihre eigenen einzigartigen Merkmale und Funktionen, die Ihnen Flexibilit\u00e4t und Vielseitigkeit bieten.<\/p>\n<p>Zur weiteren Individualisierung des Schl\u00fcsselanh\u00e4ngers bieten wir die M\u00f6glichkeit, Nummern wie Seriennummern oder Nummern aus Ihren Zutrittssystemen einzugravieren<\/p>\n<p>(RCO, Vanderbilt, Bewator, Axema Aptus ASSA usw.).<\/p>\n<p>Dies erleichtert die Identifizierung und Verwaltung Ihrer Tags, spart Zeit und erh\u00f6ht die Effizienz Ihres Arbeitsablaufs.<\/p>\n<p>Fiberglas HD+ ist in unserem Shop auch mit fertig eingravierten Nummern erh\u00e4ltlich. Sie k\u00f6nnen auch 500 und mehr mit Ihren eigenen Nummern bestellen.<\/p>\n<h3>Wie immer von uns, Originalchip von<a href=\"https:\/\/www.nxp.com\/\" rel=\"noopener\"> NXP<\/a> Und <a href=\"https:\/\/www.emmicroelectronic.com\/\" rel=\"noopener\">EM-Mikroelektronik.<\/a><\/h3>\n<p><strong>F\u00fcr alles und jeden geeignet!<\/strong><\/p>\n<ul>\n<li>Passsystem<\/li>\n<li>Besuchersystem<\/li>\n<li>W\u00e4schereservierung<\/li>\n<li>Alarm- und Sicherheitssystem<\/li>\n<\/ul>\n<p>&nbsp;<\/p>","protected":false},"excerpt":{"rendered":"<p><span style=\"text-decoration: underline\"><strong>Die Mindestbestellmenge betr\u00e4gt 500 Einheiten, wenn Sie eine eindeutige Nummer oder ein Logo w\u00fcnschen.<\/strong><\/span><\/p>\n<p>Dies ist unser Uranus HD+ aus Glasfaser mit einer Schutzschicht aus Epoxidharz, die es Ihnen erm\u00f6glicht, Ihr Logo in Farbe zu erhalten.<\/p>\n<p>Es fallen keine zus\u00e4tzlichen Kosten f\u00fcr Design oder Startgeb\u00fchren an.<\/p>\n<p><span style=\"text-decoration: underline\"><strong>Vandalensicher und wasserdicht f\u00fcr besonders lange Lebensdauer<\/strong><\/span><\/p>\n<p>&nbsp;Dieses Produkt verf\u00fcgt \u00fcber einen zertifizierten Chip von NXP\u00ae, einem globalen Technologieunternehmen mit Hauptsitz in Holland. NXP\u00ae ist auf RFID und NFC spezialisiert und bietet eine Reihe von Produkten in den Bereichen Sicherheit, Konnektivit\u00e4t und eingebettete L\u00f6sungen<\/p>","protected":false},"featured_media":133938,"template":"","meta":{"_acf_changed":false},"product_brand":[],"product_cat":[2354],"product_tag":[2436,2074,4146,2958],"class_list":{"0":"post-76634","1":"product","2":"type-product","3":"status-publish","4":"has-post-thumbnail","6":"product_cat-rfid-taggar","7":"product_tag-250-moq-hd","8":"product_tag-ej-lagerfraga","9":"product_tag-nxp","10":"product_tag-stonehouse-produkt","11":"product_shipping_class-postnord-varubrev","12":"pa_brands-stonehouse-security","13":"pa_chip-teknik-mifare1k","14":"pa_farg-svart","15":"pa_tagg-glasfiber-tagg-glasfiber-hd","16":"tm-no-options","18":"first","19":"instock","20":"sale","21":"featured","22":"taxable","23":"shipping-taxable","24":"purchasable","25":"product-type-simple"},"acf":[],"_links":{"self":[{"href":"https:\/\/secureus.se\/de\/wp-json\/wp\/v2\/product\/76634","targetHints":{"allow":["GET"]}}],"collection":[{"href":"https:\/\/secureus.se\/de\/wp-json\/wp\/v2\/product"}],"about":[{"href":"https:\/\/secureus.se\/de\/wp-json\/wp\/v2\/types\/product"}],"wp:featuredmedia":[{"embeddable":true,"href":"https:\/\/secureus.se\/de\/wp-json\/wp\/v2\/media\/133938"}],"wp:attachment":[{"href":"https:\/\/secureus.se\/de\/wp-json\/wp\/v2\/media?parent=76634"}],"wp:term":[{"taxonomy":"product_brand","embeddable":true,"href":"https:\/\/secureus.se\/de\/wp-json\/wp\/v2\/product_brand?post=76634"},{"taxonomy":"product_cat","embeddable":true,"href":"https:\/\/secureus.se\/de\/wp-json\/wp\/v2\/product_cat?post=76634"},{"taxonomy":"product_tag","embeddable":true,"href":"https:\/\/secureus.se\/de\/wp-json\/wp\/v2\/product_tag?post=76634"}],"curies":[{"name":"wp","href":"https:\/\/api.w.org\/{rel}","templated":true}]}}