{"id":76711,"date":"2023-05-18T12:29:19","date_gmt":"2023-05-18T10:29:19","guid":{"rendered":"https:\/\/secureus.se\/produkt\/cb-batteri-teknik-4-x-gp130aam-4-8v-1-3ah-battery-pack-for-powermaster-g\/"},"modified":"2026-04-03T14:23:06","modified_gmt":"2026-04-03T12:23:06","slug":"batteri-powermaster-2000mah-visonic","status":"publish","type":"product","link":"https:\/\/secureus.se\/de\/batteri-powermaster-2000mah-visonic\/","title":{"rendered":"Akku PowerMaster 10, RP600 und PG8920 \u2013 4,8 V, 2000 mAh \u2013 Visonic DSC"},"content":{"rendered":"<h1>Batterie Visonic \u2013 PowerMaster und PowerMax<\/h1>\n<p>Mit diesem Hochleistungsakku f\u00fcr PowerMaster-Ger\u00e4te erhalten Sie eine L\u00f6sung, die eine l\u00e4ngere Betriebszeit und unterbrechungsfreie Leistung Ihres Sicherheitssystems gew\u00e4hrleistet.<\/p>\n<h2 class=\"desc-title info-toggle\">Der Akku ist kompatibel mit folgenden Modellen<i class=\"far fa-chevron-up\"><\/i><\/h2>\n<div id=\"__BVID__72\" class=\"collapse show\">\n<ul class=\"compatibility\">\n<li>Visonic PowerMaster 10<\/li>\n<li>Visonic PowerMax 99-301712 Bedienfeld<\/li>\n<li>Visonic Powermax Express<\/li>\n<li>PG8920<\/li>\n<li>RP600<\/li>\n<\/ul>\n<\/div>\n<h4>Vorteile:<\/h4>\n<ul>\n<li><strong>Kompatibilit\u00e4t<\/strong>: Entwickelt f\u00fcr Visonic-Ger\u00e4te und daher einfach zu integrieren.<\/li>\n<li><strong>Zuverl\u00e4ssigkeit<\/strong>: Robuste Konstruktion und konstante Kraftabgabe sorgen f\u00fcr maximale Leistung.<\/li>\n<li><strong>Einfach zu installieren<\/strong>: Der Akku l\u00e4sst sich leicht austauschen, das spart Zeit und M\u00fche.<\/li>\n<\/ul>\n<p>Investieren Sie in eine neue PowerMaster-Batterie, um die Effizienz zu verbessern und sicherzustellen, dass Ihr System immer so funktioniert wie es soll.<\/p>","protected":false},"excerpt":{"rendered":"<p>Verl\u00e4ngern Sie Ihre Betriebszeit mit diesem Akku mit hoher Kapazit\u00e4t.<\/p>","protected":false},"featured_media":146428,"template":"","meta":{"_acf_changed":false},"product_brand":[],"product_cat":[3379,3322,1862],"product_tag":[2330,2334],"class_list":{"0":"post-76711","1":"product","2":"type-product","3":"status-publish","4":"has-post-thumbnail","6":"product_cat-visonic-batteri-reservdelar","7":"product_cat-batteri-stromforsorjning","8":"product_cat-batterier-knappcell","9":"product_tag-visonic-manoverpanel","10":"product_tag-visonic-reservdel","11":"product_shipping_class-postnord-varubrev","12":"tm-no-options","14":"first","15":"instock","16":"sale","17":"featured","18":"taxable","19":"shipping-taxable","20":"purchasable","21":"product-type-simple"},"acf":[],"_links":{"self":[{"href":"https:\/\/secureus.se\/de\/wp-json\/wp\/v2\/product\/76711","targetHints":{"allow":["GET"]}}],"collection":[{"href":"https:\/\/secureus.se\/de\/wp-json\/wp\/v2\/product"}],"about":[{"href":"https:\/\/secureus.se\/de\/wp-json\/wp\/v2\/types\/product"}],"wp:featuredmedia":[{"embeddable":true,"href":"https:\/\/secureus.se\/de\/wp-json\/wp\/v2\/media\/146428"}],"wp:attachment":[{"href":"https:\/\/secureus.se\/de\/wp-json\/wp\/v2\/media?parent=76711"}],"wp:term":[{"taxonomy":"product_brand","embeddable":true,"href":"https:\/\/secureus.se\/de\/wp-json\/wp\/v2\/product_brand?post=76711"},{"taxonomy":"product_cat","embeddable":true,"href":"https:\/\/secureus.se\/de\/wp-json\/wp\/v2\/product_cat?post=76711"},{"taxonomy":"product_tag","embeddable":true,"href":"https:\/\/secureus.se\/de\/wp-json\/wp\/v2\/product_tag?post=76711"}],"curies":[{"name":"wp","href":"https:\/\/api.w.org\/{rel}","templated":true}]}}