{"id":78469,"date":"2022-11-21T12:06:24","date_gmt":"2022-11-21T11:06:24","guid":{"rendered":"https:\/\/secureus.se\/produkt\/stromfors-agg-24v-50a\/"},"modified":"2026-03-26T11:39:26","modified_gmt":"2026-03-26T10:39:26","slug":"stromfors-agg-24v-50a","status":"publish","type":"product","link":"https:\/\/secureus.se\/de\/stromfors-agg-24v-50a\/","title":{"rendered":"Angetriebenes Agg 24V 5,0A"},"content":{"rendered":"<p>Der SM40 ist ein prim\u00e4r geschalteter Batterie-Backup mit 24 V und 5 A und hohem Wirkungsgrad, der sich perfekt f\u00fcr den Betrieb aller Arten von Schwachstrominstallationen, Alarmanlagen, Feuer- und Durchgangssystemen eignet. Schlankes, gut bel\u00fcftetes Ger\u00e4t, das sich durch kleine Abmessungen und eine einfache und schnelle Installation auszeichnet und \u00fcber ein Batteriefach verf\u00fcgt an der Unterseite und am Schl\u00fcsselloch-Aufh\u00e4nger Hinterl\u00e4sst eine gut gefilterte und stabile Ausgangsspannung, die gegen \u00dcberlastung und Kurzschluss gesch\u00fctzt ist. Ausgestattet mit einer effizienten 2-Stufen-Ladung, die die Batterien schnell und sicher l\u00e4dt. Kann parallel angeschlossen werden, um eine h\u00f6here Leistung zu erzielen oder Spannungsabf\u00e4lle in Kabeln auszugleichen. Die Netzspannung wird mit einer gr\u00fcnen LED auf der Vorderseite angezeigt. Sind mit einem Alarmrelais zur Netzausfallmeldung ausgestattet. Netz, Last und Batterie sind durch Sicherungen gesch\u00fctzt. Einfache Erweiterung mit Alarmkarte SM102 oder Karten der SPM900-Serie. Eingebauter Schutz gegen Tiefentladung der Batterien. Batterien nicht im Lieferumfang enthalten.<\/p>","protected":false},"excerpt":{"rendered":"<p>Der SM40 ist ein prim\u00e4r geschalteter Batterie-Backup 24V 5A mit hohem Wirkungsgrad, der sich perfekt f\u00fcr den Betrieb aller Arten von Schwachstrominstallationen, Alarmen, Feuer- und Durchgangssystemen eignet. Glatte, gut bel\u00fcftete Einheit, die sich durch kleine Abmessungen auszeichnet<\/p>","protected":false},"featured_media":142446,"template":"","meta":{"_acf_changed":false},"product_brand":[],"product_cat":[2721],"product_tag":[2183,3197],"class_list":{"0":"post-78469","1":"product","2":"type-product","3":"status-publish","4":"has-post-thumbnail","6":"product_cat-batteribackuper","7":"product_tag-backup-0-6-a","8":"product_tag-backup-24v","9":"product_shipping_class-tunga-paket","10":"pa_brands-swansons","11":"tm-no-options","13":"first","14":"instock","15":"sale","16":"featured","17":"taxable","18":"shipping-taxable","19":"purchasable","20":"product-type-simple"},"acf":[],"_links":{"self":[{"href":"https:\/\/secureus.se\/de\/wp-json\/wp\/v2\/product\/78469","targetHints":{"allow":["GET"]}}],"collection":[{"href":"https:\/\/secureus.se\/de\/wp-json\/wp\/v2\/product"}],"about":[{"href":"https:\/\/secureus.se\/de\/wp-json\/wp\/v2\/types\/product"}],"wp:featuredmedia":[{"embeddable":true,"href":"https:\/\/secureus.se\/de\/wp-json\/wp\/v2\/media\/142446"}],"wp:attachment":[{"href":"https:\/\/secureus.se\/de\/wp-json\/wp\/v2\/media?parent=78469"}],"wp:term":[{"taxonomy":"product_brand","embeddable":true,"href":"https:\/\/secureus.se\/de\/wp-json\/wp\/v2\/product_brand?post=78469"},{"taxonomy":"product_cat","embeddable":true,"href":"https:\/\/secureus.se\/de\/wp-json\/wp\/v2\/product_cat?post=78469"},{"taxonomy":"product_tag","embeddable":true,"href":"https:\/\/secureus.se\/de\/wp-json\/wp\/v2\/product_tag?post=78469"}],"curies":[{"name":"wp","href":"https:\/\/api.w.org\/{rel}","templated":true}]}}